{"id":970,"date":"2019-03-06T10:16:03","date_gmt":"2019-03-06T10:16:03","guid":{"rendered":"https:\/\/www.spp2130.de\/?page_id=970"},"modified":"2022-04-07T16:05:48","modified_gmt":"2022-04-07T14:05:48","slug":"armchair-geographers","status":"publish","type":"page","link":"https:\/\/www.spp2130.de\/index.php\/en\/armchair-geographers\/","title":{"rendered":"\u2018Armchair Geographers\u2019"},"content":{"rendered":"<h4>Cartography as Translation<\/h4>\n<p>&nbsp;<\/p>\n<h4>&nbsp;<\/h4>\n<h5>The Map Productions of 18<sup>th<\/sup> Century French \u2018Armchair Geographers\u2019<\/h5>\n<p>&nbsp;<\/p>\n<figure style=\"float: left; padding-right: 10px;\"><img loading=\"lazy\" decoding=\"async\" class=\"wp-image-2223 size-medium\" src=\"https:\/\/www.spp2130.de\/wp-content\/uploads\/2019\/04\/H\u00e9misph\u00e8re_m\u00e9ridional_o\u00f9_lon_voit_...Buache_Philippe_btv1b59705966_D\u00fcrr-Pawlowski-300x247.jpg\" alt=\"Map of the southern hemisphere by Ph. Buache, 1770.\" width=\"300\" height=\"247\"><figcaption style=\"font-size: 8pt;\"><span style=\"font-size: 10pt;\">Map of the southern hemisphere by Ph.<br \/>\nBuache, 1770.<\/span><\/figcaption><\/figure>\n<p>The project deals with the French geographers Guillaume Delisle (1675-1726), Philippe Buache (1700-1773) and Jean-Baptiste Bourguignon d\u2019Anville (1697-1782). As so called armchair geographers, these 18<sup>th<\/sup> century scholars didn\u2019t travel and survey the regions they mapped<\/p>\n<p>themselves. Their cartographic works were based exclusively on extensive collections of all kinds of sources. Within the project we study the complex intersemiotic translation processes that took place in the course of knowledge transfers between different sources like maps, letters, travelogues or historical works. Furthermore, we analyse translation processes in the transfer of local knowledge (e.g. knowledge coming from missionary contexts).<\/p>\n<p>The project is located at the university of Tuebingen. It is led by <a href=\"https:\/\/www.spp2130.de\/index.php\/en\/project-directors\/#duerr\" rel=\"noopener noreferrer\">Prof Dr Renate Duerr<\/a> and carried out by <a href=\"https:\/\/www.spp2130.de\/index.php\/en\/research-assistants\/#saladin\" rel=\"noopener noreferrer\">Irina Saladin<\/a> as research fellow.<\/p>\n<p>&nbsp;<\/p>\n<p>&nbsp;<\/p>\n<h5><strong>Publications (project-related):<\/strong><\/h5>\n<ul>\n<li><a href=\"https:\/\/www.spp2130.de\/index.php\/en\/publications\/#duerr\">Prof Dr Renate D\u00fcrr<\/a><\/li>\n<li><a href=\"https:\/\/www.spp2130.de\/index.php\/en\/publications\/#saladin\">Dr Irina Saladin<\/a><\/li>\n<\/ul>\n","protected":false},"excerpt":{"rendered":"<p>Cartography as Translation &nbsp; &nbsp; The Map Productions of 18th Century French \u2018Armchair Geographers\u2019 &nbsp; Map of the southern hemisphere by Ph. Buache, 1770. The project deals with the French geographers Guillaume Delisle (1675-1726), Philippe Buache (1700-1773) and Jean-Baptiste Bourguignon d\u2019Anville (1697-1782). As so called armchair geographers, these 18th century scholars didn\u2019t travel and survey the regions they mapped themselves. Their cartographic works were based exclusively on extensive collections of all kinds of sources. Within the project we study the complex intersemiotic translation processes that took place in the course of knowledge transfers between different sources like maps, letters, travelogues &hellip;<\/p>\n","protected":false},"author":8,"featured_media":0,"parent":0,"menu_order":0,"comment_status":"closed","ping_status":"closed","template":"","meta":{"footnotes":""},"yoast_head":"<!-- This site is optimized with the Yoast SEO plugin v22.5 - https:\/\/yoast.com\/wordpress\/plugins\/seo\/ -->\n<title>\u2018Armchair Geographers\u2019 - \u00dcbersetzungskulturen der Fr\u00fchen Neuzeit<\/title>\n<meta name=\"robots\" content=\"index, follow, max-snippet:-1, max-image-preview:large, max-video-preview:-1\" \/>\n<link rel=\"canonical\" href=\"https:\/\/www.spp2130.de\/index.php\/en\/armchair-geographers\/\" \/>\n<meta property=\"og:locale\" content=\"de_DE\" \/>\n<meta property=\"og:type\" content=\"article\" \/>\n<meta property=\"og:title\" content=\"\u2018Armchair Geographers\u2019 - \u00dcbersetzungskulturen der Fr\u00fchen Neuzeit\" \/>\n<meta property=\"og:description\" content=\"Cartography as Translation &nbsp; &nbsp; The Map Productions of 18th Century French \u2018Armchair Geographers\u2019 &nbsp; Map of the southern hemisphere by Ph. Buache, 1770. The project deals with the French geographers Guillaume Delisle (1675-1726), Philippe Buache (1700-1773) and Jean-Baptiste Bourguignon d\u2019Anville (1697-1782). As so called armchair geographers, these 18th century scholars didn\u2019t travel and survey the regions they mapped themselves. Their cartographic works were based exclusively on extensive collections of all kinds of sources. Within the project we study the complex intersemiotic translation processes that took place in the course of knowledge transfers between different sources like maps, letters, travelogues &hellip;\" \/>\n<meta property=\"og:url\" content=\"https:\/\/www.spp2130.de\/index.php\/en\/armchair-geographers\/\" \/>\n<meta property=\"og:site_name\" content=\"\u00dcbersetzungskulturen der Fr\u00fchen Neuzeit\" \/>\n<meta property=\"article:modified_time\" content=\"2022-04-07T14:05:48+00:00\" \/>\n<meta name=\"twitter:card\" content=\"summary_large_image\" \/>\n<meta name=\"twitter:label1\" content=\"Gesch\u00e4tzte Lesezeit\" \/>\n\t<meta name=\"twitter:data1\" content=\"1 Minute\" \/>\n<script type=\"application\/ld+json\" class=\"yoast-schema-graph\">{\"@context\":\"https:\/\/schema.org\",\"@graph\":[{\"@type\":\"WebPage\",\"@id\":\"https:\/\/www.spp2130.de\/index.php\/en\/armchair-geographers\/\",\"url\":\"https:\/\/www.spp2130.de\/index.php\/en\/armchair-geographers\/\",\"name\":\"\u2018Armchair Geographers\u2019 - \u00dcbersetzungskulturen der Fr\u00fchen Neuzeit\",\"isPartOf\":{\"@id\":\"https:\/\/www.spp2130.de\/#website\"},\"datePublished\":\"2019-03-06T10:16:03+00:00\",\"dateModified\":\"2022-04-07T14:05:48+00:00\",\"breadcrumb\":{\"@id\":\"https:\/\/www.spp2130.de\/index.php\/en\/armchair-geographers\/#breadcrumb\"},\"inLanguage\":\"de-DE\",\"potentialAction\":[{\"@type\":\"ReadAction\",\"target\":[\"https:\/\/www.spp2130.de\/index.php\/en\/armchair-geographers\/\"]}]},{\"@type\":\"BreadcrumbList\",\"@id\":\"https:\/\/www.spp2130.de\/index.php\/en\/armchair-geographers\/#breadcrumb\",\"itemListElement\":[{\"@type\":\"ListItem\",\"position\":1,\"name\":\"Startseite\",\"item\":\"https:\/\/www.spp2130.de\/\"},{\"@type\":\"ListItem\",\"position\":2,\"name\":\"\u2018Armchair Geographers\u2019\"}]},{\"@type\":\"WebSite\",\"@id\":\"https:\/\/www.spp2130.de\/#website\",\"url\":\"https:\/\/www.spp2130.de\/\",\"name\":\"\u00dcbersetzungskulturen der Fr\u00fchen Neuzeit\",\"description\":\"DFG - SPP 2130\",\"potentialAction\":[{\"@type\":\"SearchAction\",\"target\":{\"@type\":\"EntryPoint\",\"urlTemplate\":\"https:\/\/www.spp2130.de\/?s={search_term_string}\"},\"query-input\":\"required name=search_term_string\"}],\"inLanguage\":\"de-DE\"}]}<\/script>\n<!-- \/ Yoast SEO plugin. -->","yoast_head_json":{"title":"\u2018Armchair Geographers\u2019 - \u00dcbersetzungskulturen der Fr\u00fchen Neuzeit","robots":{"index":"index","follow":"follow","max-snippet":"max-snippet:-1","max-image-preview":"max-image-preview:large","max-video-preview":"max-video-preview:-1"},"canonical":"https:\/\/www.spp2130.de\/index.php\/en\/armchair-geographers\/","og_locale":"de_DE","og_type":"article","og_title":"\u2018Armchair Geographers\u2019 - \u00dcbersetzungskulturen der Fr\u00fchen Neuzeit","og_description":"Cartography as Translation &nbsp; &nbsp; The Map Productions of 18th Century French \u2018Armchair Geographers\u2019 &nbsp; Map of the southern hemisphere by Ph. Buache, 1770. The project deals with the French geographers Guillaume Delisle (1675-1726), Philippe Buache (1700-1773) and Jean-Baptiste Bourguignon d\u2019Anville (1697-1782). As so called armchair geographers, these 18th century scholars didn\u2019t travel and survey the regions they mapped themselves. Their cartographic works were based exclusively on extensive collections of all kinds of sources. Within the project we study the complex intersemiotic translation processes that took place in the course of knowledge transfers between different sources like maps, letters, travelogues &hellip;","og_url":"https:\/\/www.spp2130.de\/index.php\/en\/armchair-geographers\/","og_site_name":"\u00dcbersetzungskulturen der Fr\u00fchen Neuzeit","article_modified_time":"2022-04-07T14:05:48+00:00","twitter_card":"summary_large_image","twitter_misc":{"Gesch\u00e4tzte Lesezeit":"1 Minute"},"schema":{"@context":"https:\/\/schema.org","@graph":[{"@type":"WebPage","@id":"https:\/\/www.spp2130.de\/index.php\/en\/armchair-geographers\/","url":"https:\/\/www.spp2130.de\/index.php\/en\/armchair-geographers\/","name":"\u2018Armchair Geographers\u2019 - \u00dcbersetzungskulturen der Fr\u00fchen Neuzeit","isPartOf":{"@id":"https:\/\/www.spp2130.de\/#website"},"datePublished":"2019-03-06T10:16:03+00:00","dateModified":"2022-04-07T14:05:48+00:00","breadcrumb":{"@id":"https:\/\/www.spp2130.de\/index.php\/en\/armchair-geographers\/#breadcrumb"},"inLanguage":"de-DE","potentialAction":[{"@type":"ReadAction","target":["https:\/\/www.spp2130.de\/index.php\/en\/armchair-geographers\/"]}]},{"@type":"BreadcrumbList","@id":"https:\/\/www.spp2130.de\/index.php\/en\/armchair-geographers\/#breadcrumb","itemListElement":[{"@type":"ListItem","position":1,"name":"Startseite","item":"https:\/\/www.spp2130.de\/"},{"@type":"ListItem","position":2,"name":"\u2018Armchair Geographers\u2019"}]},{"@type":"WebSite","@id":"https:\/\/www.spp2130.de\/#website","url":"https:\/\/www.spp2130.de\/","name":"\u00dcbersetzungskulturen der Fr\u00fchen Neuzeit","description":"DFG - SPP 2130","potentialAction":[{"@type":"SearchAction","target":{"@type":"EntryPoint","urlTemplate":"https:\/\/www.spp2130.de\/?s={search_term_string}"},"query-input":"required name=search_term_string"}],"inLanguage":"de-DE"}]}},"post_mailing_queue_ids":[],"_links":{"self":[{"href":"https:\/\/www.spp2130.de\/index.php\/wp-json\/wp\/v2\/pages\/970"}],"collection":[{"href":"https:\/\/www.spp2130.de\/index.php\/wp-json\/wp\/v2\/pages"}],"about":[{"href":"https:\/\/www.spp2130.de\/index.php\/wp-json\/wp\/v2\/types\/page"}],"author":[{"embeddable":true,"href":"https:\/\/www.spp2130.de\/index.php\/wp-json\/wp\/v2\/users\/8"}],"replies":[{"embeddable":true,"href":"https:\/\/www.spp2130.de\/index.php\/wp-json\/wp\/v2\/comments?post=970"}],"version-history":[{"count":46,"href":"https:\/\/www.spp2130.de\/index.php\/wp-json\/wp\/v2\/pages\/970\/revisions"}],"predecessor-version":[{"id":5596,"href":"https:\/\/www.spp2130.de\/index.php\/wp-json\/wp\/v2\/pages\/970\/revisions\/5596"}],"wp:attachment":[{"href":"https:\/\/www.spp2130.de\/index.php\/wp-json\/wp\/v2\/media?parent=970"}],"curies":[{"name":"wp","href":"https:\/\/api.w.org\/{rel}","templated":true}]}}