{"id":935,"date":"2019-03-06T09:58:20","date_gmt":"2019-03-06T09:58:20","guid":{"rendered":"https:\/\/www.spp2130.de\/?page_id=935"},"modified":"2021-04-22T18:12:44","modified_gmt":"2021-04-22T16:12:44","slug":"programme-committee","status":"publish","type":"page","link":"https:\/\/www.spp2130.de\/index.php\/en\/programme-committee\/","title":{"rendered":"Programme committee"},"content":{"rendered":"<h4>Programme committee<\/h4>\n<p>&nbsp;<\/p>\n<p>&nbsp;<\/p>\n<p><a id=\"toepfer\"><\/a><a href=\"https:\/\/www.germanistik.uni-wuerzburg.de\/mediaevistik\/team\/toepfer-regina\/\" target=\"_blank\" rel=\"noopener noreferrer\">Prof Dr Regina Toepfer<\/a><\/p>\n<p>(spokesperson)<\/p>\n<p>&nbsp;<\/p>\n<p>Julius Maximilian University<br \/>\nChair of German Philology<br \/>\nAm Hubland<br \/>\n97074 W\u00fcrzburg<\/p>\n<p><a class=\"moz-txt-link-abbreviated\" href=\"mailto:regina.toepfer@uni-wuerzburg.de\" target=\"_blank\" rel=\"noreferrer noopener\">regina.toepfer@uni-wuerzburg.de<\/a><\/p>\n<p>&nbsp;<\/p>\n<p>&nbsp;<\/p>\n<p><a id=\"burschel\"><\/a><a href=\"https:\/\/www.hab.de\/author\/prof-dr-peter-burschel\/\" target=\"_blank\" rel=\"noopener noreferrer\">Prof Dr Peter Burschel<\/a><\/p>\n<p>&nbsp;<\/p>\n<p>Herzog August Bibliothek<br \/>\nLessingplatz 1<br \/>\n38304 Wolfenb\u00fcttel<\/p>\n<p><a href=\"mailto:direktor@hab.de\">direktor@hab.de<\/a><\/p>\n<p>&nbsp;<\/p>\n<p>&nbsp;<\/p>\n<p><a id=\"wesche\"><\/a><a href=\"https:\/\/www.uni-goettingen.de\/en\/623825.html\" target=\"_blank\" rel=\"noopener noreferrer\">Prof Dr J\u00f6rg Wesche<\/a><\/p>\n<p>Georg-August-University of G\u00f6ttingen<br \/>\nModern German Literature<br \/>\nSeminar for German Philology<\/p>\n<p>K\u00e4te-Hamburger-Weg 3<br \/>\n37073 G\u00f6ttingen<\/p>\n<p>&nbsp;<\/p>\n<p><a href=\"mailto:Joerg.Wesche@uni-goettingen.de\" target=\"_blank\" rel=\"noopener noreferrer\">Joerg.Wesche@uni-goettingen.de<\/a><\/p>\n","protected":false},"excerpt":{"rendered":"<p>Programme committee &nbsp; &nbsp; Prof Dr Regina Toepfer (spokesperson) &nbsp; Julius Maximilian University Chair of German Philology Am Hubland 97074 W\u00fcrzburg regina.toepfer@uni-wuerzburg.de &nbsp; &nbsp; Prof Dr Peter Burschel &nbsp; Herzog August Bibliothek Lessingplatz 1 38304 Wolfenb\u00fcttel direktor@hab.de &nbsp; &nbsp; Prof Dr J\u00f6rg Wesche Georg-August-University of G\u00f6ttingen Modern German Literature Seminar for German Philology K\u00e4te-Hamburger-Weg 3 37073 G\u00f6ttingen &nbsp; Joerg.Wesche@uni-goettingen.de<\/p>\n","protected":false},"author":8,"featured_media":0,"parent":0,"menu_order":0,"comment_status":"closed","ping_status":"closed","template":"","meta":{"footnotes":""},"yoast_head":"<!-- This site is optimized with the Yoast SEO plugin v22.5 - https:\/\/yoast.com\/wordpress\/plugins\/seo\/ -->\n<title>Programme committee - \u00dcbersetzungskulturen der Fr\u00fchen Neuzeit<\/title>\n<meta name=\"robots\" content=\"index, follow, max-snippet:-1, max-image-preview:large, max-video-preview:-1\" \/>\n<link rel=\"canonical\" href=\"https:\/\/www.spp2130.de\/index.php\/en\/programme-committee\/\" \/>\n<meta property=\"og:locale\" content=\"de_DE\" \/>\n<meta property=\"og:type\" content=\"article\" \/>\n<meta property=\"og:title\" content=\"Programme committee - \u00dcbersetzungskulturen der Fr\u00fchen Neuzeit\" \/>\n<meta property=\"og:description\" content=\"Programme committee &nbsp; &nbsp; Prof Dr Regina Toepfer (spokesperson) &nbsp; Julius Maximilian University Chair of German Philology Am Hubland 97074 W\u00fcrzburg regina.toepfer@uni-wuerzburg.de &nbsp; &nbsp; Prof Dr Peter Burschel &nbsp; Herzog August Bibliothek Lessingplatz 1 38304 Wolfenb\u00fcttel direktor@hab.de &nbsp; &nbsp; Prof Dr J\u00f6rg Wesche Georg-August-University of G\u00f6ttingen Modern German Literature Seminar for German Philology K\u00e4te-Hamburger-Weg 3 37073 G\u00f6ttingen &nbsp; Joerg.Wesche@uni-goettingen.de\" \/>\n<meta property=\"og:url\" content=\"https:\/\/www.spp2130.de\/index.php\/en\/programme-committee\/\" \/>\n<meta property=\"og:site_name\" content=\"\u00dcbersetzungskulturen der Fr\u00fchen Neuzeit\" \/>\n<meta property=\"article:modified_time\" content=\"2021-04-22T16:12:44+00:00\" \/>\n<meta name=\"twitter:card\" content=\"summary_large_image\" \/>\n<script type=\"application\/ld+json\" class=\"yoast-schema-graph\">{\"@context\":\"https:\/\/schema.org\",\"@graph\":[{\"@type\":\"WebPage\",\"@id\":\"https:\/\/www.spp2130.de\/index.php\/en\/programme-committee\/\",\"url\":\"https:\/\/www.spp2130.de\/index.php\/en\/programme-committee\/\",\"name\":\"Programme committee - \u00dcbersetzungskulturen der Fr\u00fchen Neuzeit\",\"isPartOf\":{\"@id\":\"https:\/\/www.spp2130.de\/#website\"},\"datePublished\":\"2019-03-06T09:58:20+00:00\",\"dateModified\":\"2021-04-22T16:12:44+00:00\",\"breadcrumb\":{\"@id\":\"https:\/\/www.spp2130.de\/index.php\/en\/programme-committee\/#breadcrumb\"},\"inLanguage\":\"de-DE\",\"potentialAction\":[{\"@type\":\"ReadAction\",\"target\":[\"https:\/\/www.spp2130.de\/index.php\/en\/programme-committee\/\"]}]},{\"@type\":\"BreadcrumbList\",\"@id\":\"https:\/\/www.spp2130.de\/index.php\/en\/programme-committee\/#breadcrumb\",\"itemListElement\":[{\"@type\":\"ListItem\",\"position\":1,\"name\":\"Startseite\",\"item\":\"https:\/\/www.spp2130.de\/\"},{\"@type\":\"ListItem\",\"position\":2,\"name\":\"Programme committee\"}]},{\"@type\":\"WebSite\",\"@id\":\"https:\/\/www.spp2130.de\/#website\",\"url\":\"https:\/\/www.spp2130.de\/\",\"name\":\"\u00dcbersetzungskulturen der Fr\u00fchen Neuzeit\",\"description\":\"DFG - SPP 2130\",\"potentialAction\":[{\"@type\":\"SearchAction\",\"target\":{\"@type\":\"EntryPoint\",\"urlTemplate\":\"https:\/\/www.spp2130.de\/?s={search_term_string}\"},\"query-input\":\"required name=search_term_string\"}],\"inLanguage\":\"de-DE\"}]}<\/script>\n<!-- \/ Yoast SEO plugin. -->","yoast_head_json":{"title":"Programme committee - \u00dcbersetzungskulturen der Fr\u00fchen Neuzeit","robots":{"index":"index","follow":"follow","max-snippet":"max-snippet:-1","max-image-preview":"max-image-preview:large","max-video-preview":"max-video-preview:-1"},"canonical":"https:\/\/www.spp2130.de\/index.php\/en\/programme-committee\/","og_locale":"de_DE","og_type":"article","og_title":"Programme committee - \u00dcbersetzungskulturen der Fr\u00fchen Neuzeit","og_description":"Programme committee &nbsp; &nbsp; Prof Dr Regina Toepfer (spokesperson) &nbsp; Julius Maximilian University Chair of German Philology Am Hubland 97074 W\u00fcrzburg regina.toepfer@uni-wuerzburg.de &nbsp; &nbsp; Prof Dr Peter Burschel &nbsp; Herzog August Bibliothek Lessingplatz 1 38304 Wolfenb\u00fcttel direktor@hab.de &nbsp; &nbsp; Prof Dr J\u00f6rg Wesche Georg-August-University of G\u00f6ttingen Modern German Literature Seminar for German Philology K\u00e4te-Hamburger-Weg 3 37073 G\u00f6ttingen &nbsp; Joerg.Wesche@uni-goettingen.de","og_url":"https:\/\/www.spp2130.de\/index.php\/en\/programme-committee\/","og_site_name":"\u00dcbersetzungskulturen der Fr\u00fchen Neuzeit","article_modified_time":"2021-04-22T16:12:44+00:00","twitter_card":"summary_large_image","schema":{"@context":"https:\/\/schema.org","@graph":[{"@type":"WebPage","@id":"https:\/\/www.spp2130.de\/index.php\/en\/programme-committee\/","url":"https:\/\/www.spp2130.de\/index.php\/en\/programme-committee\/","name":"Programme committee - \u00dcbersetzungskulturen der Fr\u00fchen Neuzeit","isPartOf":{"@id":"https:\/\/www.spp2130.de\/#website"},"datePublished":"2019-03-06T09:58:20+00:00","dateModified":"2021-04-22T16:12:44+00:00","breadcrumb":{"@id":"https:\/\/www.spp2130.de\/index.php\/en\/programme-committee\/#breadcrumb"},"inLanguage":"de-DE","potentialAction":[{"@type":"ReadAction","target":["https:\/\/www.spp2130.de\/index.php\/en\/programme-committee\/"]}]},{"@type":"BreadcrumbList","@id":"https:\/\/www.spp2130.de\/index.php\/en\/programme-committee\/#breadcrumb","itemListElement":[{"@type":"ListItem","position":1,"name":"Startseite","item":"https:\/\/www.spp2130.de\/"},{"@type":"ListItem","position":2,"name":"Programme committee"}]},{"@type":"WebSite","@id":"https:\/\/www.spp2130.de\/#website","url":"https:\/\/www.spp2130.de\/","name":"\u00dcbersetzungskulturen der Fr\u00fchen Neuzeit","description":"DFG - SPP 2130","potentialAction":[{"@type":"SearchAction","target":{"@type":"EntryPoint","urlTemplate":"https:\/\/www.spp2130.de\/?s={search_term_string}"},"query-input":"required name=search_term_string"}],"inLanguage":"de-DE"}]}},"post_mailing_queue_ids":[],"_links":{"self":[{"href":"https:\/\/www.spp2130.de\/index.php\/wp-json\/wp\/v2\/pages\/935"}],"collection":[{"href":"https:\/\/www.spp2130.de\/index.php\/wp-json\/wp\/v2\/pages"}],"about":[{"href":"https:\/\/www.spp2130.de\/index.php\/wp-json\/wp\/v2\/types\/page"}],"author":[{"embeddable":true,"href":"https:\/\/www.spp2130.de\/index.php\/wp-json\/wp\/v2\/users\/8"}],"replies":[{"embeddable":true,"href":"https:\/\/www.spp2130.de\/index.php\/wp-json\/wp\/v2\/comments?post=935"}],"version-history":[{"count":18,"href":"https:\/\/www.spp2130.de\/index.php\/wp-json\/wp\/v2\/pages\/935\/revisions"}],"predecessor-version":[{"id":4588,"href":"https:\/\/www.spp2130.de\/index.php\/wp-json\/wp\/v2\/pages\/935\/revisions\/4588"}],"wp:attachment":[{"href":"https:\/\/www.spp2130.de\/index.php\/wp-json\/wp\/v2\/media?parent=935"}],"curies":[{"name":"wp","href":"https:\/\/api.w.org\/{rel}","templated":true}]}}