{"id":87,"date":"2019-01-03T14:26:25","date_gmt":"2019-01-03T14:26:25","guid":{"rendered":"https:\/\/www.spp2130.de\/index.php\/newsletter\/"},"modified":"2026-01-22T15:06:44","modified_gmt":"2026-01-22T14:06:44","slug":"newsletter","status":"publish","type":"page","link":"https:\/\/www.spp2130.de\/index.php\/newsletter\/","title":{"rendered":"Newsletter"},"content":{"rendered":"<h4>Newsletter<\/h4>\n<p>&nbsp;<\/p>\n<p>Der regelm\u00e4\u00dfig erscheinende SPP 2130-Newsletter dient der Information und Kommunikation. Ziel ist, Veranstaltungen und Publikationen anzuk\u00fcndigen, von Ereignissen oder Ergebnissen zu berichten und auf aktuelle Ausschreibungen aufmerksam zu machen.<\/p>\n<p>&nbsp;<\/p>\n<p>Der Newsletter richtet sich dabei gleichzeitig an die Mitglieder des SPP wie an Assoziierte und Interessierte. Sie alle sind herzlich eingeladen, der Gesch\u00e4ftsstelle des SPP 2130 Vorschl\u00e4ge zu relevanten Publikationen, Veranstaltungen und\/oder Ausschreibungen zuzusenden.<\/p>\n<p>&nbsp;<\/p>\n<p>Wenn Sie Interesse am SPP 2130-Newsletter haben, tragen Sie sich bitte ein:<\/p>\n<p>&nbsp;<\/p>\n<p>&nbsp;<\/p>\n<div style=\"border-left: 1px solid; border-color: #0080B4; max-height: 280px;\">\n<div style=\"margin-left: 10px;\">\n<h4>Anmeldung f\u00fcr den Newsletter<\/h4>\n<p>&nbsp;<\/p>\n<p><strong><div class=\"emaillist\" id=\"es_form_f0-n1\"><form action=\"\/index.php\/wp-json\/wp\/v2\/pages\/87#es_form_f0-n1\" method=\"post\" class=\"es_subscription_form es_shortcode_form  es_ajax_subscription_form\" id=\"es_subscription_form_69d7bf2c2d1e5\" data-source=\"ig-es\" data-form-id=\"0\"><div class=\"es-field-wrap\"><label>Name<br \/><input type=\"text\" name=\"esfpx_name\" class=\"ig_es_form_field_name\" placeholder=\"\" value=\"\" \/><\/label><\/div><div class=\"es-field-wrap\"><label>E-Mail*<br \/><input class=\"es_required_field es_txt_email ig_es_form_field_email\" type=\"email\" name=\"esfpx_email\" value=\"\" placeholder=\"\" required=\"required\" \/><\/label><\/div><input type=\"hidden\" name=\"esfpx_lists[]\" value=\"a9183f4ba5a2\" \/><input type=\"hidden\" name=\"esfpx_form_id\" value=\"0\" \/><input type=\"hidden\" name=\"es\" value=\"subscribe\" \/>\n\t\t\t<input type=\"hidden\" name=\"esfpx_es_form_identifier\" value=\"f0-n1\" \/>\n\t\t\t<input type=\"hidden\" name=\"esfpx_es_email_page\" value=\"87\" \/>\n\t\t\t<input type=\"hidden\" name=\"esfpx_es_email_page_url\" value=\"https:\/\/www.spp2130.de\/index.php\/newsletter\/\" \/>\n\t\t\t<input type=\"hidden\" name=\"esfpx_status\" value=\"Unconfirmed\" \/>\n\t\t\t<input type=\"hidden\" name=\"esfpx_es-subscribe\" id=\"es-subscribe-69d7bf2c2d1e5\" value=\"40eede5a86\" \/>\n\t\t\t<label style=\"position:absolute;top:-99999px;left:-99999px;z-index:-99;\" aria-hidden=\"true\"><span hidden>Please leave this field empty.<\/span><input type=\"email\" name=\"esfpx_es_hp_email\" class=\"es_required_field\" tabindex=\"-1\" autocomplete=\"-1\" value=\"\" \/><\/label><input type=\"submit\" name=\"submit\" class=\"es_subscription_form_submit es_submit_button es_textbox_button\" id=\"es_subscription_form_submit_69d7bf2c2d1e5\" value=\"Abonnieren\" \/><span class=\"es_spinner_image\" id=\"spinner-image\"><img decoding=\"async\" src=\"https:\/\/www.spp2130.de\/wp-content\/plugins\/email-subscribers\/lite\/public\/images\/spinner.gif\" alt=\"Loading\" \/><\/span><\/form><span class=\"es_subscription_message \" id=\"es_subscription_message_69d7bf2c2d1e5\"><\/span><\/div><br \/>\n<\/strong><\/p>\n<\/div>\n<\/div>\n<p>&nbsp;<\/p>\n<p>&nbsp;<\/p>\n<p>&nbsp;<\/p>\n<p><strong>Newsletterarchiv<\/strong><\/p>\n<p><a href=\"https:\/\/www.spp2130.de\/wp-content\/uploads\/2026\/01\/44-NL-Dez-25.pdf\" target=\"_blank\" rel=\"noopener\">Newsletter Dezember 2025<\/a><\/p>\n<p><a href=\"https:\/\/www.spp2130.de\/wp-content\/uploads\/2025\/11\/NL-Okt-25.pdf\" target=\"_blank\" rel=\"noopener\">Newsletter Oktober 2025<\/a><\/p>\n<p><a href=\"https:\/\/www.spp2130.de\/wp-content\/uploads\/2025\/09\/NL-Aug-25.pdf\" target=\"_blank\" rel=\"noopener\">Newsletter August 2025<\/a><\/p>\n<p><a href=\"https:\/\/www.spp2130.de\/wp-content\/uploads\/2025\/06\/41-NL-Jun-25.pdf\" target=\"_blank\" rel=\"noopener\">Newsletter Juni 2025<\/a><\/p>\n<p><a href=\"https:\/\/www.spp2130.de\/wp-content\/uploads\/2025\/05\/NL-Apr-25.pdf\" target=\"_blank\" rel=\"noopener\">Newsletter April 2025<\/a><\/p>\n<p><a href=\"https:\/\/www.spp2130.de\/wp-content\/uploads\/2025\/03\/39-NL-Feb-25.pdf\" target=\"_blank\" rel=\"noopener\">Newsletter Februar 2025<\/a><\/p>\n<p><a href=\"https:\/\/www.spp2130.de\/wp-content\/uploads\/2025\/06\/38-NL-Dez-24.pdf\" target=\"_blank\" rel=\"noopener\">Newsletter Dezember 2024<\/a><\/p>\n<p><a href=\"https:\/\/www.spp2130.de\/wp-content\/uploads\/2024\/10\/NL-Okt-24.pdf\" target=\"_blank\" rel=\"noopener\">Newsletter Oktober 2024<\/a><\/p>\n<p><a href=\"https:\/\/www.spp2130.de\/wp-content\/uploads\/2024\/08\/NL-Aug-24.pdf\" target=\"_blank\" rel=\"noopener\">Newsletter August 2024<\/a><\/p>\n<p><a href=\"https:\/\/www.spp2130.de\/wp-content\/uploads\/2024\/07\/35-NL-Jun-24.pdf\" target=\"_blank\" rel=\"noopener\">Newsletter Juni 2024<\/a><\/p>\n<p><a href=\"https:\/\/www.spp2130.de\/wp-content\/uploads\/2024\/05\/34-NL-Apr-24.pdf\" target=\"_blank\" rel=\"noopener\">Newsletter April 2024<\/a><\/p>\n<p><a href=\"https:\/\/www.spp2130.de\/wp-content\/uploads\/2024\/02\/33-NL-Feb-24.pdf\" target=\"_blank\" rel=\"noopener\">Newsletter Februar 2024<\/a><\/p>\n<p><a href=\"https:\/\/www.spp2130.de\/wp-content\/uploads\/2024\/01\/32-NL-Dez-23.pdf\" target=\"_blank\" rel=\"noopener\">Newsletter Dezember 2023<\/a><\/p>\n<p><a href=\"https:\/\/www.spp2130.de\/wp-content\/uploads\/2023\/11\/31-NL-Okt-23.pdf\" target=\"_blank\" rel=\"noopener\">Newsletter Oktober 2023<\/a><\/p>\n<p><a href=\"https:\/\/www.spp2130.de\/wp-content\/uploads\/2023\/11\/30-NL-Aug-23.pdf\" target=\"_blank\" rel=\"noopener\">Newsletter August 2023<\/a><\/p>\n<p><a href=\"https:\/\/www.spp2130.de\/wp-content\/uploads\/2023\/11\/29-NL-Jun-23.pdf\" target=\"_blank\" rel=\"noopener\">Newsletter Juni 2023<\/a><\/p>\n<p><a href=\"https:\/\/www.spp2130.de\/wp-content\/uploads\/2023\/05\/28-NL-Apr-23.pdf\" target=\"_blank\" rel=\"noopener\">Newsletter April 2023<\/a><\/p>\n<p><a href=\"https:\/\/www.spp2130.de\/wp-content\/uploads\/2023\/03\/27-NL-Feb-23.pdf\" target=\"_blank\" rel=\"noopener\">Newsletter Februar 2023<\/a><\/p>\n<p><a href=\"https:\/\/www.spp2130.de\/wp-content\/uploads\/2022\/12\/Newsletter-Dezember-2022.pdf\" target=\"_blank\" rel=\"noopener\">Newsletter Dezember 2022<\/a><\/p>\n<p><a href=\"https:\/\/www.spp2130.de\/wp-content\/uploads\/2022\/10\/Newsletter-Oktober-2022-1.pdf\" target=\"_blank\" rel=\"noopener\">Newsletter Oktober 2022<\/a><\/p>\n<p><a href=\"https:\/\/www.spp2130.de\/wp-content\/uploads\/2022\/10\/SPP-2130-Newsletter-August.pdf\" target=\"_blank\" rel=\"noopener\">Newsletter August 2022<\/a><\/p>\n<p><a href=\"https:\/\/www.spp2130.de\/wp-content\/uploads\/2022\/06\/23.-NL-Juni-22.pdf\" target=\"_blank\" rel=\"noopener\">Newsletter Juni 2022<\/a><\/p>\n<p><a href=\"https:\/\/www.spp2130.de\/wp-content\/uploads\/2022\/04\/Newsletter-Mai-2022-1.pdf\" target=\"_blank\" rel=\"noopener\">Newsletter Mai 2022<\/a><\/p>\n<p><a href=\"https:\/\/www.spp2130.de\/wp-content\/uploads\/2022\/03\/21.-NL-Feb-22.pdf\" target=\"_blank\" rel=\"noopener noreferrer\">Newsletter Februar 2022<\/a><\/p>\n<p><a href=\"https:\/\/www.spp2130.de\/wp-content\/uploads\/2021\/12\/20.-NL-Dez.-21.pdf\" target=\"_blank\" rel=\"noopener noreferrer\">Newsletter Dezember 2021<\/a><\/p>\n<p><a href=\"https:\/\/www.spp2130.de\/wp-content\/uploads\/2021\/10\/19.-NL-Sept.-21.pdf\" target=\"_blank\" rel=\"noopener noreferrer\">Newsletter September 2021<\/a><\/p>\n<p><a href=\"https:\/\/www.spp2130.de\/wp-content\/uploads\/2021\/08\/18.-NL-Juli-21.pdf\" target=\"_blank\" rel=\"noopener noreferrer\">Newsletter Juli 2021<\/a><\/p>\n<p><a href=\"https:\/\/www.spp2130.de\/wp-content\/uploads\/2021\/06\/17.-NL-Mai-21.pdf\" target=\"_blank\" rel=\"noopener noreferrer\">Newsletter Mai 2021<\/a><\/p>\n<p><a href=\"https:\/\/www.spp2130.de\/wp-content\/uploads\/2021\/03\/16.-NL-Mrz-21.pdf\" target=\"_blank\" rel=\"noopener noreferrer\">Newsletter M\u00e4rz 2021<\/a><\/p>\n<p><a href=\"https:\/\/www.spp2130.de\/wp-content\/uploads\/2021\/02\/15.-NL-Jan-21.pdf\" target=\"_blank\" rel=\"noopener noreferrer\">Newsletter Januar 2021<\/a><\/p>\n<p><a href=\"https:\/\/www.spp2130.de\/wp-content\/uploads\/2021\/01\/14.-NL-Nov-20.pdf\" target=\"_blank\" rel=\"noopener noreferrer\">Newsletter November 2020<\/a><\/p>\n<p><a href=\"https:\/\/www.spp2130.de\/wp-content\/uploads\/2020\/09\/13.-NL-Aug-Sept-20.pdf\" target=\"_blank\" rel=\"noopener noreferrer\">Newsletter September 2020<\/a><\/p>\n<p><a href=\"https:\/\/www.spp2130.de\/wp-content\/uploads\/2020\/07\/12.-NL-Juni-20.pdf\" target=\"_blank\" rel=\"noopener noreferrer\">Newsletter Juni 2020<\/a><\/p>\n<p><a href=\"https:\/\/www.spp2130.de\/wp-content\/uploads\/2020\/05\/11.-NL-April-20_Neuu.pdf\" target=\"_blank\" rel=\"noopener noreferrer\">Newsletter April 2020<\/a><\/p>\n<p><a href=\"https:\/\/www.spp2130.de\/wp-content\/uploads\/2020\/02\/10.-NL-Feb-20.pdf\" target=\"_blank\" rel=\"noopener noreferrer\">Newsletter Februar 2020<\/a><\/p>\n<p><a href=\"https:\/\/www.spp2130.de\/wp-content\/uploads\/2019\/12\/9.-NL-Dez-19.pdf\" target=\"_blank\" rel=\"noopener noreferrer\">Newsletter Dezember 2019<\/a><\/p>\n<p><a href=\"https:\/\/www.spp2130.de\/wp-content\/uploads\/2019\/10\/8.-NL-Okt-19.pdf\" target=\"_blank\" rel=\"noopener noreferrer\">Newsletter Oktober 2019<\/a><\/p>\n<p><a href=\"https:\/\/www.spp2130.de\/wp-content\/uploads\/2019\/09\/7.-NL-Aug-19.pdf\" target=\"_blank\" rel=\"noopener noreferrer\">Newsletter August 2019<\/a><\/p>\n<p><a href=\"https:\/\/www.spp2130.de\/wp-content\/uploads\/2019\/07\/6.-NL-Juli-19.pdf\" target=\"_blank\" rel=\"noopener noreferrer\">Newsletter Juli 2019<\/a><\/p>\n<p><a href=\"https:\/\/www.spp2130.de\/wp-content\/uploads\/2019\/05\/Newsletter-Mai-19.pdf\" target=\"_blank\" rel=\"noopener noreferrer\">Newsletter Mai 2019<\/a><\/p>\n<p><a href=\"https:\/\/www.spp2130.de\/wp-content\/uploads\/2019\/04\/4.-NL-Mrz-19.pdf\" target=\"_blank\" rel=\"noopener noreferrer\">Newsletter M\u00e4rz 2019<\/a><\/p>\n<p><a href=\"https:\/\/www.spp2130.de\/wp-content\/uploads\/2019\/04\/3.-NL-Jan-19.pdf\" target=\"_blank\" rel=\"noopener noreferrer\">Newsletter Januar 2019<\/a><\/p>\n<p><a href=\"https:\/\/www.spp2130.de\/wp-content\/uploads\/2019\/05\/Newsletter-Dez-18.pdf\" target=\"_blank\" rel=\"noopener noreferrer\">Newsletter Dezember 2018<\/a><\/p>\n<p><a href=\"https:\/\/www.spp2130.de\/wp-content\/uploads\/2019\/05\/Newsletter-Nov-18.pdf\" target=\"_blank\" rel=\"noopener noreferrer\">Newsletter November 2018<\/a><\/p>\n<p>&nbsp;<\/p>\n","protected":false},"excerpt":{"rendered":"<p>Newsletter &nbsp; Der regelm\u00e4\u00dfig erscheinende SPP 2130-Newsletter dient der Information und Kommunikation. Ziel ist, Veranstaltungen und Publikationen anzuk\u00fcndigen, von Ereignissen oder Ergebnissen zu berichten und auf aktuelle Ausschreibungen aufmerksam zu machen. &nbsp; Der Newsletter richtet sich dabei gleichzeitig an die Mitglieder des SPP wie an Assoziierte und Interessierte. Sie alle sind herzlich eingeladen, der Gesch\u00e4ftsstelle des SPP 2130 Vorschl\u00e4ge zu relevanten Publikationen, Veranstaltungen und\/oder Ausschreibungen zuzusenden. &nbsp; Wenn Sie Interesse am SPP 2130-Newsletter haben, tragen Sie sich bitte ein: &nbsp; &nbsp; Anmeldung f\u00fcr den Newsletter &nbsp; &nbsp; &nbsp; &nbsp; Newsletterarchiv Newsletter Dezember 2025 Newsletter Oktober 2025 Newsletter August 2025 Newsletter &hellip;<\/p>\n","protected":false},"author":1,"featured_media":0,"parent":0,"menu_order":0,"comment_status":"closed","ping_status":"closed","template":"","meta":{"footnotes":""},"yoast_head":"<!-- This site is optimized with the Yoast SEO plugin v22.5 - https:\/\/yoast.com\/wordpress\/plugins\/seo\/ -->\n<title>Newsletter - \u00dcbersetzungskulturen der Fr\u00fchen Neuzeit<\/title>\n<meta name=\"robots\" content=\"index, follow, max-snippet:-1, max-image-preview:large, max-video-preview:-1\" \/>\n<link rel=\"canonical\" href=\"https:\/\/www.spp2130.de\/index.php\/newsletter\/\" \/>\n<meta property=\"og:locale\" content=\"de_DE\" \/>\n<meta property=\"og:type\" content=\"article\" \/>\n<meta property=\"og:title\" content=\"Newsletter - \u00dcbersetzungskulturen der Fr\u00fchen Neuzeit\" \/>\n<meta property=\"og:description\" content=\"Newsletter &nbsp; Der regelm\u00e4\u00dfig erscheinende SPP 2130-Newsletter dient der Information und Kommunikation. Ziel ist, Veranstaltungen und Publikationen anzuk\u00fcndigen, von Ereignissen oder Ergebnissen zu berichten und auf aktuelle Ausschreibungen aufmerksam zu machen. &nbsp; Der Newsletter richtet sich dabei gleichzeitig an die Mitglieder des SPP wie an Assoziierte und Interessierte. Sie alle sind herzlich eingeladen, der Gesch\u00e4ftsstelle des SPP 2130 Vorschl\u00e4ge zu relevanten Publikationen, Veranstaltungen und\/oder Ausschreibungen zuzusenden. &nbsp; Wenn Sie Interesse am SPP 2130-Newsletter haben, tragen Sie sich bitte ein: &nbsp; &nbsp; Anmeldung f\u00fcr den Newsletter &nbsp; &nbsp; &nbsp; &nbsp; Newsletterarchiv Newsletter Dezember 2025 Newsletter Oktober 2025 Newsletter August 2025 Newsletter &hellip;\" \/>\n<meta property=\"og:url\" content=\"https:\/\/www.spp2130.de\/index.php\/newsletter\/\" \/>\n<meta property=\"og:site_name\" content=\"\u00dcbersetzungskulturen der Fr\u00fchen Neuzeit\" \/>\n<meta property=\"article:modified_time\" content=\"2026-01-22T14:06:44+00:00\" \/>\n<meta name=\"twitter:card\" content=\"summary_large_image\" \/>\n<meta name=\"twitter:label1\" content=\"Gesch\u00e4tzte Lesezeit\" \/>\n\t<meta name=\"twitter:data1\" content=\"2 Minuten\" \/>\n<script type=\"application\/ld+json\" class=\"yoast-schema-graph\">{\"@context\":\"https:\/\/schema.org\",\"@graph\":[{\"@type\":\"WebPage\",\"@id\":\"https:\/\/www.spp2130.de\/index.php\/newsletter\/\",\"url\":\"https:\/\/www.spp2130.de\/index.php\/newsletter\/\",\"name\":\"Newsletter - \u00dcbersetzungskulturen der Fr\u00fchen Neuzeit\",\"isPartOf\":{\"@id\":\"https:\/\/www.spp2130.de\/#website\"},\"datePublished\":\"2019-01-03T14:26:25+00:00\",\"dateModified\":\"2026-01-22T14:06:44+00:00\",\"breadcrumb\":{\"@id\":\"https:\/\/www.spp2130.de\/index.php\/newsletter\/#breadcrumb\"},\"inLanguage\":\"de-DE\",\"potentialAction\":[{\"@type\":\"ReadAction\",\"target\":[\"https:\/\/www.spp2130.de\/index.php\/newsletter\/\"]}]},{\"@type\":\"BreadcrumbList\",\"@id\":\"https:\/\/www.spp2130.de\/index.php\/newsletter\/#breadcrumb\",\"itemListElement\":[{\"@type\":\"ListItem\",\"position\":1,\"name\":\"Startseite\",\"item\":\"https:\/\/www.spp2130.de\/\"},{\"@type\":\"ListItem\",\"position\":2,\"name\":\"Newsletter\"}]},{\"@type\":\"WebSite\",\"@id\":\"https:\/\/www.spp2130.de\/#website\",\"url\":\"https:\/\/www.spp2130.de\/\",\"name\":\"\u00dcbersetzungskulturen der Fr\u00fchen Neuzeit\",\"description\":\"DFG - SPP 2130\",\"potentialAction\":[{\"@type\":\"SearchAction\",\"target\":{\"@type\":\"EntryPoint\",\"urlTemplate\":\"https:\/\/www.spp2130.de\/?s={search_term_string}\"},\"query-input\":\"required name=search_term_string\"}],\"inLanguage\":\"de-DE\"}]}<\/script>\n<!-- \/ Yoast SEO plugin. -->","yoast_head_json":{"title":"Newsletter - \u00dcbersetzungskulturen der Fr\u00fchen Neuzeit","robots":{"index":"index","follow":"follow","max-snippet":"max-snippet:-1","max-image-preview":"max-image-preview:large","max-video-preview":"max-video-preview:-1"},"canonical":"https:\/\/www.spp2130.de\/index.php\/newsletter\/","og_locale":"de_DE","og_type":"article","og_title":"Newsletter - \u00dcbersetzungskulturen der Fr\u00fchen Neuzeit","og_description":"Newsletter &nbsp; Der regelm\u00e4\u00dfig erscheinende SPP 2130-Newsletter dient der Information und Kommunikation. Ziel ist, Veranstaltungen und Publikationen anzuk\u00fcndigen, von Ereignissen oder Ergebnissen zu berichten und auf aktuelle Ausschreibungen aufmerksam zu machen. &nbsp; Der Newsletter richtet sich dabei gleichzeitig an die Mitglieder des SPP wie an Assoziierte und Interessierte. Sie alle sind herzlich eingeladen, der Gesch\u00e4ftsstelle des SPP 2130 Vorschl\u00e4ge zu relevanten Publikationen, Veranstaltungen und\/oder Ausschreibungen zuzusenden. &nbsp; Wenn Sie Interesse am SPP 2130-Newsletter haben, tragen Sie sich bitte ein: &nbsp; &nbsp; Anmeldung f\u00fcr den Newsletter &nbsp; &nbsp; &nbsp; &nbsp; Newsletterarchiv Newsletter Dezember 2025 Newsletter Oktober 2025 Newsletter August 2025 Newsletter &hellip;","og_url":"https:\/\/www.spp2130.de\/index.php\/newsletter\/","og_site_name":"\u00dcbersetzungskulturen der Fr\u00fchen Neuzeit","article_modified_time":"2026-01-22T14:06:44+00:00","twitter_card":"summary_large_image","twitter_misc":{"Gesch\u00e4tzte Lesezeit":"2 Minuten"},"schema":{"@context":"https:\/\/schema.org","@graph":[{"@type":"WebPage","@id":"https:\/\/www.spp2130.de\/index.php\/newsletter\/","url":"https:\/\/www.spp2130.de\/index.php\/newsletter\/","name":"Newsletter - \u00dcbersetzungskulturen der Fr\u00fchen Neuzeit","isPartOf":{"@id":"https:\/\/www.spp2130.de\/#website"},"datePublished":"2019-01-03T14:26:25+00:00","dateModified":"2026-01-22T14:06:44+00:00","breadcrumb":{"@id":"https:\/\/www.spp2130.de\/index.php\/newsletter\/#breadcrumb"},"inLanguage":"de-DE","potentialAction":[{"@type":"ReadAction","target":["https:\/\/www.spp2130.de\/index.php\/newsletter\/"]}]},{"@type":"BreadcrumbList","@id":"https:\/\/www.spp2130.de\/index.php\/newsletter\/#breadcrumb","itemListElement":[{"@type":"ListItem","position":1,"name":"Startseite","item":"https:\/\/www.spp2130.de\/"},{"@type":"ListItem","position":2,"name":"Newsletter"}]},{"@type":"WebSite","@id":"https:\/\/www.spp2130.de\/#website","url":"https:\/\/www.spp2130.de\/","name":"\u00dcbersetzungskulturen der Fr\u00fchen Neuzeit","description":"DFG - SPP 2130","potentialAction":[{"@type":"SearchAction","target":{"@type":"EntryPoint","urlTemplate":"https:\/\/www.spp2130.de\/?s={search_term_string}"},"query-input":"required name=search_term_string"}],"inLanguage":"de-DE"}]}},"post_mailing_queue_ids":[],"_links":{"self":[{"href":"https:\/\/www.spp2130.de\/index.php\/wp-json\/wp\/v2\/pages\/87"}],"collection":[{"href":"https:\/\/www.spp2130.de\/index.php\/wp-json\/wp\/v2\/pages"}],"about":[{"href":"https:\/\/www.spp2130.de\/index.php\/wp-json\/wp\/v2\/types\/page"}],"author":[{"embeddable":true,"href":"https:\/\/www.spp2130.de\/index.php\/wp-json\/wp\/v2\/users\/1"}],"replies":[{"embeddable":true,"href":"https:\/\/www.spp2130.de\/index.php\/wp-json\/wp\/v2\/comments?post=87"}],"version-history":[{"count":127,"href":"https:\/\/www.spp2130.de\/index.php\/wp-json\/wp\/v2\/pages\/87\/revisions"}],"predecessor-version":[{"id":7529,"href":"https:\/\/www.spp2130.de\/index.php\/wp-json\/wp\/v2\/pages\/87\/revisions\/7529"}],"wp:attachment":[{"href":"https:\/\/www.spp2130.de\/index.php\/wp-json\/wp\/v2\/media?parent=87"}],"curies":[{"name":"wp","href":"https:\/\/api.w.org\/{rel}","templated":true}]}}