{"id":69,"date":"2019-01-03T14:01:59","date_gmt":"2019-01-03T14:01:59","guid":{"rendered":"https:\/\/www.spp2130.de\/?page_id=69"},"modified":"2019-04-17T10:08:30","modified_gmt":"2019-04-17T10:08:30","slug":"impressum","status":"publish","type":"page","link":"https:\/\/www.spp2130.de\/index.php\/impressum\/","title":{"rendered":"Impressum"},"content":{"rendered":"<h1>Impressum<\/h1>\n<p>&nbsp;<\/p>\n<h3>Angaben gem\u00e4\u00df \u00a7 5 TMG<\/h3>\n<p>&nbsp;<\/p>\n<h3>Anbieter<\/h3>\n<p>&nbsp;<\/p>\n<p>Anbieter dieser Internetpr\u00e4senz ist im Rechtssinne die<\/p>\n<p>&nbsp;<\/p>\n<p>Gesch\u00e4ftsstelle des SPP 2130<\/p>\n<p>\u201a\u00dcbersetzungskulturen der Fr\u00fchen Neuzeit\u2018<\/p>\n<p>Institut f\u00fcr Germanistik<\/p>\n<p>TU Braunschweig<\/p>\n<p>Bienroder Weg 80<\/p>\n<p>38102 Braunschweig<\/p>\n<p>&nbsp;<\/p>\n<p>Vertreten durch:<\/p>\n<p>Prof. Dr. Regina Toepfer<\/p>\n<p>&nbsp;<\/p>\n<p><strong>Kontakt<\/strong><\/p>\n<p>Telefon: +49 531 391 8633<\/p>\n<p>Telefax: +49 531 391 8663<\/p>\n<p>E-Mail: <a href=\"mailto:spp2130@tu-braunschweig.de\" target=\"_blank\" rel=\"noopener noreferrer\">spp2130@tu-braunschweig.de<\/a><\/p>\n<p>&nbsp;<\/p>\n<p>Die technische Bereitstellung (Hosting) der Internetpr\u00e4senz <a href=\"https:\/\/www.spp2130.de\" target=\"_blank\" rel=\"noopener noreferrer\">www.spp2130.de<\/a> \u00a0erfolgt \u00fcber die Herzog August Bibliothek Wolfenb\u00fcttel (<a href=\"http:\/\/www.hab.de\" target=\"_blank\" rel=\"noopener noreferrer\">www.hab.de<\/a>). Zust\u00e4ndig dort ist<\/p>\n<p>Dr. Dietrich Parlitz<\/p>\n<p>Herzog August Bibliothek,<br \/>\nLessingplatz 1,<br \/>\nD-38304 Wolfenb\u00fcttel<\/p>\n<p><strong>Tel. +49 5331 808 234<\/strong><\/p>\n<p>E-Mail: <a href=\"mailto:parlitz@hab.de\" target=\"_blank\" rel=\"noopener noreferrer\">parlitz@hab.de<\/a><\/p>\n<p>&nbsp;<\/p>\n<h4>Verantwortlich f\u00fcr den Inhalt nach \u00a7 55 Abs. 2 RStV<\/h4>\n<p>Gesch\u00e4ftsstelle des SPP 2130<\/p>\n<p>\u201a\u00dcbersetzungskulturen der Fr\u00fchen Neuzeit\u2018<\/p>\n<p>Institut f\u00fcr Germanistik<\/p>\n<p>TU Braunschweig<\/p>\n<p>Bienroder Weg 80<\/p>\n<p>38102 Braunschweig<\/p>\n<p>&nbsp;<\/p>\n<p>Wir sind nicht bereit oder verpflichtet, an Streitbeilegungsverfahren vor einer Verbraucherschlichtungsstelle teilzunehmen.<\/p>\n<p>&nbsp;<\/p>\n<p>&nbsp;<\/p>\n<h4>Haftung f\u00fcr Inhalte<\/h4>\n<p>Als Diensteanbieter sind wir gem\u00e4\u00df \u00a7 7 Abs.1 TMG f\u00fcr eigene Inhalte auf diesen Seiten nach den allgemeinen Gesetzen verantwortlich. Nach \u00a7\u00a7 8 bis 10 TMG sind wir als Diensteanbieter jedoch nicht verpflichtet, \u00fcbermittelte oder gespeicherte fremde Informationen zu \u00fcberwachen oder nach Umst\u00e4nden zu forschen, die auf eine rechtswidrige T\u00e4tigkeit hinweisen.<\/p>\n<p>Verpflichtungen zur Entfernung oder Sperrung der Nutzung von Informationen nach den allgemeinen Gesetzen bleiben hiervon unber\u00fchrt. Eine diesbez\u00fcgliche Haftung ist jedoch erst ab dem Zeitpunkt der Kenntnis einer konkreten Rechtsverletzung m\u00f6glich. Bei Bekanntwerden von entsprechenden Rechtsverletzungen werden wir diese Inhalte umgehend entfernen.<\/p>\n<p>&nbsp;<\/p>\n<p>&nbsp;<\/p>\n<h4>Haftung f\u00fcr Links<\/h4>\n<p>Unser Angebot enth\u00e4lt Links zu externen Webseites Dritter, auf deren Inhalte wir keinen Einfluss haben. Deshalb k\u00f6nnen wir f\u00fcr diese fremden Inhalte auch keine Gew\u00e4hr \u00fcbernehmen. F\u00fcr die Inhalte der verlinkten Seiten ist stets der jeweilige Anbieter oder Betreiber der Seiten verantwortlich. Die verlinkten Seiten wurden zum Zeitpunkt der Verlinkung auf m\u00f6gliche Rechtsverst\u00f6\u00dfe \u00fcberpr\u00fcft. Rechtswidrige Inhalte waren zum Zeitpunkt der Verlinkung nicht erkennbar. Eine permanente inhaltliche Kontrolle der verlinkten Seiten ist jedoch ohne konkrete Anhaltspunkte einer Rechtsverletzung nicht zumutbar. Bei Bekanntwerden von Rechtsverletzungen werden wir derartige Links umgehend entfernen.<\/p>\n<p>&nbsp;<\/p>\n<p>&nbsp;<\/p>\n<h4>Urheberrecht<\/h4>\n<p>Das Layout der Homepage wurde erstellt von baukast.digital, die verwendeten Grafiken sowie die sonstigen Inhalte sind urheberrechtlich gesch\u00fctzt.<\/p>\n<p>Die durch die Seitenbetreiber erstellten Inhalte und Werke auf diesen Seiten unterliegen dem deutschen Urheberrecht. Die Vervielf\u00e4ltigung, Bearbeitung, Verbreitung und jede Art der Verwertung au\u00dferhalb der Grenzen des Urheberrechtes bed\u00fcrfen der schriftlichen Zustimmung des jeweiligen Autors bzw. Erstellers. Downloads und Kopien dieser Seite sind nur f\u00fcr den privaten, nicht kommerziellen Gebrauch gestattet. Soweit die Inhalte auf dieser Seite nicht vom Betreiber erstellt wurden, werden die Urheberrechte Dritter beachtet. Insbesondere werden Inhalte Dritter als solche gekennzeichnet. Sollten Sie trotzdem auf eine Urheberrechtsverletzung aufmerksam werden, bitten wir um einen entsprechenden Hinweis. Bei Bekanntwerden von Rechtsverletzungen werden wir derartige Inhalte umgehend entfernen.<\/p>\n<p>&nbsp;<\/p>\n<p>&nbsp;<\/p>\n<h4>Rechtswirksamkeit dieses Haftungsausschlusses<\/h4>\n<p>Dieser Haftungsausschluss ist als Teil des Internetangebotes zu betrachten, von dem aus auf diese Seite verwiesen wurde. Sofern Teile oder einzelne Formulierungen dieses Textes der geltenden Rechtslage nicht, nicht mehr oder nicht vollst\u00e4ndig entsprechen sollten, bleiben die \u00fcbrigen Teile des Dokumentes in ihrem Inhalt und ihrer G\u00fcltigkeit davon unber\u00fchrt.<\/p>\n<p>Der vorliegende Haftungssauschlusstext basiert auf dem Text von:<\/p>\n<p><a href=\"https:\/\/www.e-recht24.de\/impressum-generator.html\" target=\"_blank\" rel=\"noopener noreferrer\">https:\/\/www.e-recht24.de\/impressum-generator.html<\/a><\/p>\n","protected":false},"excerpt":{"rendered":"<p>Impressum &nbsp; Angaben gem\u00e4\u00df \u00a7 5 TMG &nbsp; Anbieter &nbsp; Anbieter dieser Internetpr\u00e4senz ist im Rechtssinne die &nbsp; Gesch\u00e4ftsstelle des SPP 2130 \u201a\u00dcbersetzungskulturen der Fr\u00fchen Neuzeit\u2018 Institut f\u00fcr Germanistik TU Braunschweig Bienroder Weg 80 38102 Braunschweig &nbsp; Vertreten durch: Prof. Dr. Regina Toepfer &nbsp; Kontakt Telefon: +49 531 391 8633 Telefax: +49 531 391 8663 E-Mail: spp2130@tu-braunschweig.de &nbsp; Die technische Bereitstellung (Hosting) der Internetpr\u00e4senz www.spp2130.de \u00a0erfolgt \u00fcber die Herzog August Bibliothek Wolfenb\u00fcttel (www.hab.de). Zust\u00e4ndig dort ist Dr. Dietrich Parlitz Herzog August Bibliothek, Lessingplatz 1, D-38304 Wolfenb\u00fcttel Tel. +49 5331 808 234 E-Mail: parlitz@hab.de &nbsp; Verantwortlich f\u00fcr den Inhalt nach \u00a7 &hellip;<\/p>\n","protected":false},"author":1,"featured_media":0,"parent":0,"menu_order":0,"comment_status":"closed","ping_status":"closed","template":"","meta":{"footnotes":""},"yoast_head":"<!-- This site is optimized with the Yoast SEO plugin v22.5 - https:\/\/yoast.com\/wordpress\/plugins\/seo\/ -->\n<title>Impressum - \u00dcbersetzungskulturen der Fr\u00fchen Neuzeit<\/title>\n<meta name=\"robots\" content=\"index, follow, max-snippet:-1, max-image-preview:large, max-video-preview:-1\" \/>\n<link rel=\"canonical\" href=\"https:\/\/www.spp2130.de\/index.php\/impressum\/\" \/>\n<meta property=\"og:locale\" content=\"de_DE\" \/>\n<meta property=\"og:type\" content=\"article\" \/>\n<meta property=\"og:title\" content=\"Impressum - \u00dcbersetzungskulturen der Fr\u00fchen Neuzeit\" \/>\n<meta property=\"og:description\" content=\"Impressum &nbsp; Angaben gem\u00e4\u00df \u00a7 5 TMG &nbsp; Anbieter &nbsp; Anbieter dieser Internetpr\u00e4senz ist im Rechtssinne die &nbsp; Gesch\u00e4ftsstelle des SPP 2130 \u201a\u00dcbersetzungskulturen der Fr\u00fchen Neuzeit\u2018 Institut f\u00fcr Germanistik TU Braunschweig Bienroder Weg 80 38102 Braunschweig &nbsp; Vertreten durch: Prof. Dr. Regina Toepfer &nbsp; Kontakt Telefon: +49 531 391 8633 Telefax: +49 531 391 8663 E-Mail: spp2130@tu-braunschweig.de &nbsp; Die technische Bereitstellung (Hosting) der Internetpr\u00e4senz www.spp2130.de \u00a0erfolgt \u00fcber die Herzog August Bibliothek Wolfenb\u00fcttel (www.hab.de). Zust\u00e4ndig dort ist Dr. Dietrich Parlitz Herzog August Bibliothek, Lessingplatz 1, D-38304 Wolfenb\u00fcttel Tel. +49 5331 808 234 E-Mail: parlitz@hab.de &nbsp; Verantwortlich f\u00fcr den Inhalt nach \u00a7 &hellip;\" \/>\n<meta property=\"og:url\" content=\"https:\/\/www.spp2130.de\/index.php\/impressum\/\" \/>\n<meta property=\"og:site_name\" content=\"\u00dcbersetzungskulturen der Fr\u00fchen Neuzeit\" \/>\n<meta property=\"article:modified_time\" content=\"2019-04-17T10:08:30+00:00\" \/>\n<meta name=\"twitter:card\" content=\"summary_large_image\" \/>\n<meta name=\"twitter:label1\" content=\"Gesch\u00e4tzte Lesezeit\" \/>\n\t<meta name=\"twitter:data1\" content=\"3 Minuten\" \/>\n<script type=\"application\/ld+json\" class=\"yoast-schema-graph\">{\"@context\":\"https:\/\/schema.org\",\"@graph\":[{\"@type\":\"WebPage\",\"@id\":\"https:\/\/www.spp2130.de\/index.php\/impressum\/\",\"url\":\"https:\/\/www.spp2130.de\/index.php\/impressum\/\",\"name\":\"Impressum - \u00dcbersetzungskulturen der Fr\u00fchen Neuzeit\",\"isPartOf\":{\"@id\":\"https:\/\/www.spp2130.de\/#website\"},\"datePublished\":\"2019-01-03T14:01:59+00:00\",\"dateModified\":\"2019-04-17T10:08:30+00:00\",\"breadcrumb\":{\"@id\":\"https:\/\/www.spp2130.de\/index.php\/impressum\/#breadcrumb\"},\"inLanguage\":\"de-DE\",\"potentialAction\":[{\"@type\":\"ReadAction\",\"target\":[\"https:\/\/www.spp2130.de\/index.php\/impressum\/\"]}]},{\"@type\":\"BreadcrumbList\",\"@id\":\"https:\/\/www.spp2130.de\/index.php\/impressum\/#breadcrumb\",\"itemListElement\":[{\"@type\":\"ListItem\",\"position\":1,\"name\":\"Startseite\",\"item\":\"https:\/\/www.spp2130.de\/\"},{\"@type\":\"ListItem\",\"position\":2,\"name\":\"Impressum\"}]},{\"@type\":\"WebSite\",\"@id\":\"https:\/\/www.spp2130.de\/#website\",\"url\":\"https:\/\/www.spp2130.de\/\",\"name\":\"\u00dcbersetzungskulturen der Fr\u00fchen Neuzeit\",\"description\":\"DFG - SPP 2130\",\"potentialAction\":[{\"@type\":\"SearchAction\",\"target\":{\"@type\":\"EntryPoint\",\"urlTemplate\":\"https:\/\/www.spp2130.de\/?s={search_term_string}\"},\"query-input\":\"required name=search_term_string\"}],\"inLanguage\":\"de-DE\"}]}<\/script>\n<!-- \/ Yoast SEO plugin. -->","yoast_head_json":{"title":"Impressum - \u00dcbersetzungskulturen der Fr\u00fchen Neuzeit","robots":{"index":"index","follow":"follow","max-snippet":"max-snippet:-1","max-image-preview":"max-image-preview:large","max-video-preview":"max-video-preview:-1"},"canonical":"https:\/\/www.spp2130.de\/index.php\/impressum\/","og_locale":"de_DE","og_type":"article","og_title":"Impressum - \u00dcbersetzungskulturen der Fr\u00fchen Neuzeit","og_description":"Impressum &nbsp; Angaben gem\u00e4\u00df \u00a7 5 TMG &nbsp; Anbieter &nbsp; Anbieter dieser Internetpr\u00e4senz ist im Rechtssinne die &nbsp; Gesch\u00e4ftsstelle des SPP 2130 \u201a\u00dcbersetzungskulturen der Fr\u00fchen Neuzeit\u2018 Institut f\u00fcr Germanistik TU Braunschweig Bienroder Weg 80 38102 Braunschweig &nbsp; Vertreten durch: Prof. Dr. Regina Toepfer &nbsp; Kontakt Telefon: +49 531 391 8633 Telefax: +49 531 391 8663 E-Mail: spp2130@tu-braunschweig.de &nbsp; Die technische Bereitstellung (Hosting) der Internetpr\u00e4senz www.spp2130.de \u00a0erfolgt \u00fcber die Herzog August Bibliothek Wolfenb\u00fcttel (www.hab.de). Zust\u00e4ndig dort ist Dr. Dietrich Parlitz Herzog August Bibliothek, Lessingplatz 1, D-38304 Wolfenb\u00fcttel Tel. +49 5331 808 234 E-Mail: parlitz@hab.de &nbsp; Verantwortlich f\u00fcr den Inhalt nach \u00a7 &hellip;","og_url":"https:\/\/www.spp2130.de\/index.php\/impressum\/","og_site_name":"\u00dcbersetzungskulturen der Fr\u00fchen Neuzeit","article_modified_time":"2019-04-17T10:08:30+00:00","twitter_card":"summary_large_image","twitter_misc":{"Gesch\u00e4tzte Lesezeit":"3 Minuten"},"schema":{"@context":"https:\/\/schema.org","@graph":[{"@type":"WebPage","@id":"https:\/\/www.spp2130.de\/index.php\/impressum\/","url":"https:\/\/www.spp2130.de\/index.php\/impressum\/","name":"Impressum - \u00dcbersetzungskulturen der Fr\u00fchen Neuzeit","isPartOf":{"@id":"https:\/\/www.spp2130.de\/#website"},"datePublished":"2019-01-03T14:01:59+00:00","dateModified":"2019-04-17T10:08:30+00:00","breadcrumb":{"@id":"https:\/\/www.spp2130.de\/index.php\/impressum\/#breadcrumb"},"inLanguage":"de-DE","potentialAction":[{"@type":"ReadAction","target":["https:\/\/www.spp2130.de\/index.php\/impressum\/"]}]},{"@type":"BreadcrumbList","@id":"https:\/\/www.spp2130.de\/index.php\/impressum\/#breadcrumb","itemListElement":[{"@type":"ListItem","position":1,"name":"Startseite","item":"https:\/\/www.spp2130.de\/"},{"@type":"ListItem","position":2,"name":"Impressum"}]},{"@type":"WebSite","@id":"https:\/\/www.spp2130.de\/#website","url":"https:\/\/www.spp2130.de\/","name":"\u00dcbersetzungskulturen der Fr\u00fchen Neuzeit","description":"DFG - SPP 2130","potentialAction":[{"@type":"SearchAction","target":{"@type":"EntryPoint","urlTemplate":"https:\/\/www.spp2130.de\/?s={search_term_string}"},"query-input":"required name=search_term_string"}],"inLanguage":"de-DE"}]}},"post_mailing_queue_ids":[],"_links":{"self":[{"href":"https:\/\/www.spp2130.de\/index.php\/wp-json\/wp\/v2\/pages\/69"}],"collection":[{"href":"https:\/\/www.spp2130.de\/index.php\/wp-json\/wp\/v2\/pages"}],"about":[{"href":"https:\/\/www.spp2130.de\/index.php\/wp-json\/wp\/v2\/types\/page"}],"author":[{"embeddable":true,"href":"https:\/\/www.spp2130.de\/index.php\/wp-json\/wp\/v2\/users\/1"}],"replies":[{"embeddable":true,"href":"https:\/\/www.spp2130.de\/index.php\/wp-json\/wp\/v2\/comments?post=69"}],"version-history":[{"count":8,"href":"https:\/\/www.spp2130.de\/index.php\/wp-json\/wp\/v2\/pages\/69\/revisions"}],"predecessor-version":[{"id":2150,"href":"https:\/\/www.spp2130.de\/index.php\/wp-json\/wp\/v2\/pages\/69\/revisions\/2150"}],"wp:attachment":[{"href":"https:\/\/www.spp2130.de\/index.php\/wp-json\/wp\/v2\/media?parent=69"}],"curies":[{"name":"wp","href":"https:\/\/api.w.org\/{rel}","templated":true}]}}