{"id":689,"date":"2019-03-04T11:56:24","date_gmt":"2019-03-04T11:56:24","guid":{"rendered":"https:\/\/www.spp2130.de\/?page_id=689"},"modified":"2022-04-07T15:26:54","modified_gmt":"2022-04-07T13:26:54","slug":"kunst-und-krise","status":"publish","type":"page","link":"https:\/\/www.spp2130.de\/index.php\/kunst-und-krise\/","title":{"rendered":"Kunst und Krise: Transnationale und interkonfessionelle \u00dcbersetzungsprozesse in Bildk\u00fcnsten und Architektur in Gro\u00dfbritannien, 1625-1727"},"content":{"rendered":"<h4>Kunst und Krise<\/h4>\n<p>&nbsp;<\/p>\n<h5>Transnationale und interkonfessionelle \u00dcbersetzungsprozesse in Bildk\u00fcnsten und Architektur in Gro\u00dfbritannien, 1625\u20131727<\/h5>\n<p>&nbsp;<\/p>\n<figure style=\"float: left; padding-right: 10px;\"><img loading=\"lazy\" decoding=\"async\" class=\"wp-image-1491 size-medium\" src=\"https:\/\/www.spp2130.de\/wp-content\/uploads\/2019\/04\/Hubert-Le-Sueur_Charles-I-1-200x300.jpg\" alt=\"Reiterstandbild Charles' I. des franz\u00f6sischen Bildhauers Hubert Le Sueur, 1633.\" width=\"200\" height=\"300\" srcset=\"https:\/\/www.spp2130.de\/wp-content\/uploads\/2019\/04\/Hubert-Le-Sueur_Charles-I-1-200x300.jpg 200w, https:\/\/www.spp2130.de\/wp-content\/uploads\/2019\/04\/Hubert-Le-Sueur_Charles-I-1.jpg 314w\" sizes=\"(max-width: 200px) 100vw, 200px\" \/><figcaption style=\"font-size: 8pt;\"><span style=\"font-size: 10pt;\">Reiterstandbild Charles<span class=\"bigglyphs__row bigglyphs__row--glyph\">\u2019<\/span> I. des<br \/>\nfranz\u00f6sischen Bildhauers<br \/>\nHubert Le Sueur, 1633.<\/span><\/figcaption><\/figure>\n<p>In den Debatten \u00fcber den \u201eBrexit\u201c ist gerade von britischen Intellektuellen immer wieder die enge Zusammengeh\u00f6rigkeit von Gro\u00dfbritannien und Kontinentaleuropa betont worden. Der Blick auf die Situation im 17. und fr\u00fchen 18. Jh. best\u00e4tigt dies exemplarisch: Keineswegs kann hier von einer \u201esplendid isolation\u201c der Insel die Rede sein; vielmehr war jene Epoche in besonders hohem Ma\u00dfe vom Austausch mit kontinentaleurop\u00e4ischen Akteuren bestimmt. Der Untersuchungszeitraum umgreift einen Abschnitt der britischen Geschichte, den rasch aufeinanderfolgende politische Z\u00e4suren und intensive konfessionelle Konflikte charakterisieren. Ziel des Projekts ist es, transnationale und interkonfessionelle \u00dcbersetzungsprozesse in Bildk\u00fcnsten und Architektur entlang dieser krisenhaften Z\u00e4suren zu analysieren.<\/p>\n<p>&nbsp;<\/p>\n<p>Das Projekt ist an der Universit\u00e4t Erlangen-N\u00fcrnberg angesiedelt und gliedert sich in zwei Teilprojekte: <a href=\"https:\/\/www.spp2130.de\/index.php\/mitarbeiterinnen\/#maier\">Lukas Maier, M. A.<\/a> nimmt die Regierungszeit Charles<span class=\"bigglyphs__row bigglyphs__row--glyph\">\u2019<\/span> I. und die daran anschlie\u00dfende Phase des B\u00fcrgerkriegs und Interregnums in den Blick (1625\u20131660), w\u00e4hrend <a href=\"https:\/\/www.spp2130.de\/index.php\/projektleiterinnen\/#strunck\">Prof. Dr. Christina Strunck<\/a> sich auf den Zeitraum 1660\u20131727 konzentriert, der durch die Exclusion Crisis, die Glorious Revolution und den Dynastiewechsel Stuart\/House of Hanover gepr\u00e4gt ist. Es soll gezeigt werden, inwiefern Bau- und Bildwerke transnationale und interkonfessionelle Konflikte nicht nur thematisierten, sondern durch die k\u00fcnstlerische \u00dcbersetzungs- bzw. Vermittlungsleistung auch Konfliktl\u00f6sungsstrategien anzubieten suchten.<\/p>\n<p>&nbsp;<\/p>\n<p><a href=\"https:\/\/www.kunstgeschichte.phil.fau.de\/forschung\/forschungsprojekte\/kunst-und-krise-art-and-crisis\/\" target=\"_blank\" rel=\"noopener noreferrer\">Projektwebseite<\/a> an der Universit\u00e4t Erlangen-N\u00fcrnberg.<\/p>\n<p>&nbsp;<\/p>\n<p>&nbsp;<\/p>\n<h5><strong>Publikationen (projektbezogen):<\/strong><\/h5>\n<ul>\n<li><a href=\"https:\/\/www.spp2130.de\/index.php\/publikationen\/#strunck\">Prof. Dr. Christina Strunck<\/a><\/li>\n<li><a href=\"https:\/\/www.spp2130.de\/index.php\/publikationen\/#maier\">Lukas Maier<\/a><\/li>\n<\/ul>\n","protected":false},"excerpt":{"rendered":"<p>Kunst und Krise &nbsp; Transnationale und interkonfessionelle \u00dcbersetzungsprozesse in Bildk\u00fcnsten und Architektur in Gro\u00dfbritannien, 1625\u20131727 &nbsp; Reiterstandbild Charles\u2019 I. des franz\u00f6sischen Bildhauers Hubert Le Sueur, 1633. In den Debatten \u00fcber den \u201eBrexit\u201c ist gerade von britischen Intellektuellen immer wieder die enge Zusammengeh\u00f6rigkeit von Gro\u00dfbritannien und Kontinentaleuropa betont worden. Der Blick auf die Situation im 17. und fr\u00fchen 18. Jh. best\u00e4tigt dies exemplarisch: Keineswegs kann hier von einer \u201esplendid isolation\u201c der Insel die Rede sein; vielmehr war jene Epoche in besonders hohem Ma\u00dfe vom Austausch mit kontinentaleurop\u00e4ischen Akteuren bestimmt. Der Untersuchungszeitraum umgreift einen Abschnitt der britischen Geschichte, den rasch aufeinanderfolgende politische &hellip;<\/p>\n","protected":false},"author":7,"featured_media":0,"parent":0,"menu_order":0,"comment_status":"closed","ping_status":"closed","template":"","meta":{"footnotes":""},"yoast_head":"<!-- This site is optimized with the Yoast SEO plugin v22.5 - https:\/\/yoast.com\/wordpress\/plugins\/seo\/ -->\n<title>Kunst und Krise: Transnationale und interkonfessionelle \u00dcbersetzungsprozesse in Bildk\u00fcnsten und Architektur in Gro\u00dfbritannien, 1625-1727 - \u00dcbersetzungskulturen der Fr\u00fchen Neuzeit<\/title>\n<meta name=\"robots\" content=\"index, follow, max-snippet:-1, max-image-preview:large, max-video-preview:-1\" \/>\n<link rel=\"canonical\" href=\"https:\/\/www.spp2130.de\/index.php\/kunst-und-krise\/\" \/>\n<meta property=\"og:locale\" content=\"de_DE\" \/>\n<meta property=\"og:type\" content=\"article\" \/>\n<meta property=\"og:title\" content=\"Kunst und Krise: Transnationale und interkonfessionelle \u00dcbersetzungsprozesse in Bildk\u00fcnsten und Architektur in Gro\u00dfbritannien, 1625-1727 - \u00dcbersetzungskulturen der Fr\u00fchen Neuzeit\" \/>\n<meta property=\"og:description\" content=\"Kunst und Krise &nbsp; Transnationale und interkonfessionelle \u00dcbersetzungsprozesse in Bildk\u00fcnsten und Architektur in Gro\u00dfbritannien, 1625\u20131727 &nbsp; Reiterstandbild Charles\u2019 I. des franz\u00f6sischen Bildhauers Hubert Le Sueur, 1633. In den Debatten \u00fcber den \u201eBrexit\u201c ist gerade von britischen Intellektuellen immer wieder die enge Zusammengeh\u00f6rigkeit von Gro\u00dfbritannien und Kontinentaleuropa betont worden. Der Blick auf die Situation im 17. und fr\u00fchen 18. Jh. best\u00e4tigt dies exemplarisch: Keineswegs kann hier von einer \u201esplendid isolation\u201c der Insel die Rede sein; vielmehr war jene Epoche in besonders hohem Ma\u00dfe vom Austausch mit kontinentaleurop\u00e4ischen Akteuren bestimmt. Der Untersuchungszeitraum umgreift einen Abschnitt der britischen Geschichte, den rasch aufeinanderfolgende politische &hellip;\" \/>\n<meta property=\"og:url\" content=\"https:\/\/www.spp2130.de\/index.php\/kunst-und-krise\/\" \/>\n<meta property=\"og:site_name\" content=\"\u00dcbersetzungskulturen der Fr\u00fchen Neuzeit\" \/>\n<meta property=\"article:modified_time\" content=\"2022-04-07T13:26:54+00:00\" \/>\n<meta property=\"og:image\" content=\"https:\/\/www.spp2130.de\/wp-content\/uploads\/2019\/04\/Hubert-Le-Sueur_Charles-I-1-200x300.jpg\" \/>\n<meta name=\"twitter:card\" content=\"summary_large_image\" \/>\n<meta name=\"twitter:label1\" content=\"Gesch\u00e4tzte Lesezeit\" \/>\n\t<meta name=\"twitter:data1\" content=\"1 Minute\" \/>\n<script type=\"application\/ld+json\" class=\"yoast-schema-graph\">{\"@context\":\"https:\/\/schema.org\",\"@graph\":[{\"@type\":\"WebPage\",\"@id\":\"https:\/\/www.spp2130.de\/index.php\/kunst-und-krise\/\",\"url\":\"https:\/\/www.spp2130.de\/index.php\/kunst-und-krise\/\",\"name\":\"Kunst und Krise: Transnationale und interkonfessionelle \u00dcbersetzungsprozesse in Bildk\u00fcnsten und Architektur in Gro\u00dfbritannien, 1625-1727 - \u00dcbersetzungskulturen der Fr\u00fchen Neuzeit\",\"isPartOf\":{\"@id\":\"https:\/\/www.spp2130.de\/#website\"},\"primaryImageOfPage\":{\"@id\":\"https:\/\/www.spp2130.de\/index.php\/kunst-und-krise\/#primaryimage\"},\"image\":{\"@id\":\"https:\/\/www.spp2130.de\/index.php\/kunst-und-krise\/#primaryimage\"},\"thumbnailUrl\":\"https:\/\/www.spp2130.de\/wp-content\/uploads\/2019\/04\/Hubert-Le-Sueur_Charles-I-1-200x300.jpg\",\"datePublished\":\"2019-03-04T11:56:24+00:00\",\"dateModified\":\"2022-04-07T13:26:54+00:00\",\"breadcrumb\":{\"@id\":\"https:\/\/www.spp2130.de\/index.php\/kunst-und-krise\/#breadcrumb\"},\"inLanguage\":\"de-DE\",\"potentialAction\":[{\"@type\":\"ReadAction\",\"target\":[\"https:\/\/www.spp2130.de\/index.php\/kunst-und-krise\/\"]}]},{\"@type\":\"ImageObject\",\"inLanguage\":\"de-DE\",\"@id\":\"https:\/\/www.spp2130.de\/index.php\/kunst-und-krise\/#primaryimage\",\"url\":\"https:\/\/www.spp2130.de\/wp-content\/uploads\/2019\/04\/Hubert-Le-Sueur_Charles-I-1.jpg\",\"contentUrl\":\"https:\/\/www.spp2130.de\/wp-content\/uploads\/2019\/04\/Hubert-Le-Sueur_Charles-I-1.jpg\",\"width\":314,\"height\":472,\"caption\":\"Reiterstandbild Charles' I. des franz\u00f6sischen Bildhauers Hubert Le Sueur, 1633.\"},{\"@type\":\"BreadcrumbList\",\"@id\":\"https:\/\/www.spp2130.de\/index.php\/kunst-und-krise\/#breadcrumb\",\"itemListElement\":[{\"@type\":\"ListItem\",\"position\":1,\"name\":\"Startseite\",\"item\":\"https:\/\/www.spp2130.de\/\"},{\"@type\":\"ListItem\",\"position\":2,\"name\":\"Kunst und Krise: Transnationale und interkonfessionelle \u00dcbersetzungsprozesse in Bildk\u00fcnsten und Architektur in Gro\u00dfbritannien, 1625-1727\"}]},{\"@type\":\"WebSite\",\"@id\":\"https:\/\/www.spp2130.de\/#website\",\"url\":\"https:\/\/www.spp2130.de\/\",\"name\":\"\u00dcbersetzungskulturen der Fr\u00fchen Neuzeit\",\"description\":\"DFG - SPP 2130\",\"potentialAction\":[{\"@type\":\"SearchAction\",\"target\":{\"@type\":\"EntryPoint\",\"urlTemplate\":\"https:\/\/www.spp2130.de\/?s={search_term_string}\"},\"query-input\":\"required name=search_term_string\"}],\"inLanguage\":\"de-DE\"}]}<\/script>\n<!-- \/ Yoast SEO plugin. -->","yoast_head_json":{"title":"Kunst und Krise: Transnationale und interkonfessionelle \u00dcbersetzungsprozesse in Bildk\u00fcnsten und Architektur in Gro\u00dfbritannien, 1625-1727 - \u00dcbersetzungskulturen der Fr\u00fchen Neuzeit","robots":{"index":"index","follow":"follow","max-snippet":"max-snippet:-1","max-image-preview":"max-image-preview:large","max-video-preview":"max-video-preview:-1"},"canonical":"https:\/\/www.spp2130.de\/index.php\/kunst-und-krise\/","og_locale":"de_DE","og_type":"article","og_title":"Kunst und Krise: Transnationale und interkonfessionelle \u00dcbersetzungsprozesse in Bildk\u00fcnsten und Architektur in Gro\u00dfbritannien, 1625-1727 - \u00dcbersetzungskulturen der Fr\u00fchen Neuzeit","og_description":"Kunst und Krise &nbsp; Transnationale und interkonfessionelle \u00dcbersetzungsprozesse in Bildk\u00fcnsten und Architektur in Gro\u00dfbritannien, 1625\u20131727 &nbsp; Reiterstandbild Charles\u2019 I. des franz\u00f6sischen Bildhauers Hubert Le Sueur, 1633. In den Debatten \u00fcber den \u201eBrexit\u201c ist gerade von britischen Intellektuellen immer wieder die enge Zusammengeh\u00f6rigkeit von Gro\u00dfbritannien und Kontinentaleuropa betont worden. Der Blick auf die Situation im 17. und fr\u00fchen 18. Jh. best\u00e4tigt dies exemplarisch: Keineswegs kann hier von einer \u201esplendid isolation\u201c der Insel die Rede sein; vielmehr war jene Epoche in besonders hohem Ma\u00dfe vom Austausch mit kontinentaleurop\u00e4ischen Akteuren bestimmt. Der Untersuchungszeitraum umgreift einen Abschnitt der britischen Geschichte, den rasch aufeinanderfolgende politische &hellip;","og_url":"https:\/\/www.spp2130.de\/index.php\/kunst-und-krise\/","og_site_name":"\u00dcbersetzungskulturen der Fr\u00fchen Neuzeit","article_modified_time":"2022-04-07T13:26:54+00:00","og_image":[{"url":"https:\/\/www.spp2130.de\/wp-content\/uploads\/2019\/04\/Hubert-Le-Sueur_Charles-I-1-200x300.jpg"}],"twitter_card":"summary_large_image","twitter_misc":{"Gesch\u00e4tzte Lesezeit":"1 Minute"},"schema":{"@context":"https:\/\/schema.org","@graph":[{"@type":"WebPage","@id":"https:\/\/www.spp2130.de\/index.php\/kunst-und-krise\/","url":"https:\/\/www.spp2130.de\/index.php\/kunst-und-krise\/","name":"Kunst und Krise: Transnationale und interkonfessionelle \u00dcbersetzungsprozesse in Bildk\u00fcnsten und Architektur in Gro\u00dfbritannien, 1625-1727 - \u00dcbersetzungskulturen der Fr\u00fchen Neuzeit","isPartOf":{"@id":"https:\/\/www.spp2130.de\/#website"},"primaryImageOfPage":{"@id":"https:\/\/www.spp2130.de\/index.php\/kunst-und-krise\/#primaryimage"},"image":{"@id":"https:\/\/www.spp2130.de\/index.php\/kunst-und-krise\/#primaryimage"},"thumbnailUrl":"https:\/\/www.spp2130.de\/wp-content\/uploads\/2019\/04\/Hubert-Le-Sueur_Charles-I-1-200x300.jpg","datePublished":"2019-03-04T11:56:24+00:00","dateModified":"2022-04-07T13:26:54+00:00","breadcrumb":{"@id":"https:\/\/www.spp2130.de\/index.php\/kunst-und-krise\/#breadcrumb"},"inLanguage":"de-DE","potentialAction":[{"@type":"ReadAction","target":["https:\/\/www.spp2130.de\/index.php\/kunst-und-krise\/"]}]},{"@type":"ImageObject","inLanguage":"de-DE","@id":"https:\/\/www.spp2130.de\/index.php\/kunst-und-krise\/#primaryimage","url":"https:\/\/www.spp2130.de\/wp-content\/uploads\/2019\/04\/Hubert-Le-Sueur_Charles-I-1.jpg","contentUrl":"https:\/\/www.spp2130.de\/wp-content\/uploads\/2019\/04\/Hubert-Le-Sueur_Charles-I-1.jpg","width":314,"height":472,"caption":"Reiterstandbild Charles' I. des franz\u00f6sischen Bildhauers Hubert Le Sueur, 1633."},{"@type":"BreadcrumbList","@id":"https:\/\/www.spp2130.de\/index.php\/kunst-und-krise\/#breadcrumb","itemListElement":[{"@type":"ListItem","position":1,"name":"Startseite","item":"https:\/\/www.spp2130.de\/"},{"@type":"ListItem","position":2,"name":"Kunst und Krise: Transnationale und interkonfessionelle \u00dcbersetzungsprozesse in Bildk\u00fcnsten und Architektur in Gro\u00dfbritannien, 1625-1727"}]},{"@type":"WebSite","@id":"https:\/\/www.spp2130.de\/#website","url":"https:\/\/www.spp2130.de\/","name":"\u00dcbersetzungskulturen der Fr\u00fchen Neuzeit","description":"DFG - SPP 2130","potentialAction":[{"@type":"SearchAction","target":{"@type":"EntryPoint","urlTemplate":"https:\/\/www.spp2130.de\/?s={search_term_string}"},"query-input":"required name=search_term_string"}],"inLanguage":"de-DE"}]}},"post_mailing_queue_ids":[],"_links":{"self":[{"href":"https:\/\/www.spp2130.de\/index.php\/wp-json\/wp\/v2\/pages\/689"}],"collection":[{"href":"https:\/\/www.spp2130.de\/index.php\/wp-json\/wp\/v2\/pages"}],"about":[{"href":"https:\/\/www.spp2130.de\/index.php\/wp-json\/wp\/v2\/types\/page"}],"author":[{"embeddable":true,"href":"https:\/\/www.spp2130.de\/index.php\/wp-json\/wp\/v2\/users\/7"}],"replies":[{"embeddable":true,"href":"https:\/\/www.spp2130.de\/index.php\/wp-json\/wp\/v2\/comments?post=689"}],"version-history":[{"count":36,"href":"https:\/\/www.spp2130.de\/index.php\/wp-json\/wp\/v2\/pages\/689\/revisions"}],"predecessor-version":[{"id":5572,"href":"https:\/\/www.spp2130.de\/index.php\/wp-json\/wp\/v2\/pages\/689\/revisions\/5572"}],"wp:attachment":[{"href":"https:\/\/www.spp2130.de\/index.php\/wp-json\/wp\/v2\/media?parent=689"}],"curies":[{"name":"wp","href":"https:\/\/api.w.org\/{rel}","templated":true}]}}