{"id":660,"date":"2019-03-04T11:22:50","date_gmt":"2019-03-04T11:22:50","guid":{"rendered":"https:\/\/www.spp2130.de\/?page_id=660"},"modified":"2022-04-07T15:38:34","modified_gmt":"2022-04-07T13:38:34","slug":"pietistische-judenmission","status":"publish","type":"page","link":"https:\/\/www.spp2130.de\/index.php\/pietistische-judenmission\/","title":{"rendered":"Pietistische Judenmission"},"content":{"rendered":"<h4>Transkulturelle jiddische \u00dcbersetzungen zwischen Juden und Christen im Kontext der pietistischen Judenmission im Deutschland des 18. Jahrhunderts<\/h4>\n<p>&nbsp;<\/p>\n<figure id=\"attachment_1390\" aria-describedby=\"caption-attachment-1390\" style=\"width: 750px\" class=\"wp-caption alignnone\"><a href=\"https:\/\/de.wikipedia.org\/wiki\/Franckesche_Stiftungen#\/media\/File:Franckesche_Stiftungen_1749.jpg\" target=\"_blank\" rel=\"noopener noreferrer\"><img loading=\"lazy\" decoding=\"async\" class=\"wp-image-1390\" src=\"https:\/\/www.spp2130.de\/wp-content\/uploads\/2019\/03\/Projekt-Vo\u00df-Bild-BESCH-300x129.jpg\" alt=\"Das Institutum Judaicum et Muhammedicum in den Franckeschen Stiftungen in Halle und seine jiddischen Missionswerke\" width=\"750\" height=\"324\" srcset=\"https:\/\/www.spp2130.de\/wp-content\/uploads\/2019\/03\/Projekt-Vo\u00df-Bild-BESCH-300x129.jpg 300w, https:\/\/www.spp2130.de\/wp-content\/uploads\/2019\/03\/Projekt-Vo\u00df-Bild-BESCH-768x331.jpg 768w, https:\/\/www.spp2130.de\/wp-content\/uploads\/2019\/03\/Projekt-Vo\u00df-Bild-BESCH-600x259.jpg 600w, https:\/\/www.spp2130.de\/wp-content\/uploads\/2019\/03\/Projekt-Vo\u00df-Bild-BESCH.jpg 957w\" sizes=\"(max-width: 750px) 100vw, 750px\" \/><\/a><figcaption id=\"caption-attachment-1390\" class=\"wp-caption-text\"><span style=\"font-size: 10pt;\">Das Institutum Judaicum et Muhammedicum in den Franckeschen Stiftungen in Halle und seine jiddischen Missionswerke<\/span><\/figcaption><\/figure>\n<p>&nbsp;<\/p>\n<p>In der Fr\u00fchneuzeit entstanden zahlreiche \u00dcbersetzungen europ\u00e4ischer Texte in j\u00fcdische Sprachen, die ein fast g\u00e4nzlich unbearbeitetes Feld der Begegnung von Juden und Christen darstellen. Das Projekt untersucht diese Thematik und betrachtet dabei speziell die Rolle von Konvertiten und Missionaren als \u00dcbersetzer. Quellengrundlage sind \u00dcbersetzungen ins Jiddische, und im geringeren Ma\u00dfe auch ins Hebr\u00e4ische, die f\u00fcr die pietistische Judenmission angefertigt wurden. Fokus der Analyse sind die Mechanismen des christlich-j\u00fcdischen Kulturtransfers im fr\u00fchneuzeitlichen Europa durch diese \u00dcbersetzert\u00e4tigkeit.<\/p>\n<p>&nbsp;<\/p>\n<p>Das Projekt ist am Seminar f\u00fcr Judaistik der Goethe-Universit\u00e4t Frankfurt angesiedelt. Es wird von<a href=\"https:\/\/www.spp2130.de\/index.php\/mitarbeiterinnen\/#siluk\"> Avi Siluk<\/a> unter der Leitung von <a href=\"https:\/\/www.spp2130.de\/index.php\/projektleiterinnen\/#voss\">Prof. Dr. Rebekka Vo\u00df<\/a> bearbeitet. Das Projekt wird in Kooperation mit dem von Dr. Iris Idelson-Shein (BGU Beer Sheva, Israel) geleiteten ERC-Projekt <a href=\"https:\/\/www.jewtact.com\/\" target=\"_blank\" rel=\"noopener noreferrer\">\u201eJewish Translation and Cultural Transfer in Early Modern Europe\u201c<\/a> durchgef\u00fchrt.<\/p>\n<p>&nbsp;<\/p>\n<p><a href=\"http:\/\/www.uni-frankfurt.de\/76345633\/Transkulturelle_jiddische_%C3%9Cbersetzungen\" target=\"_blank\" rel=\"noopener noreferrer\">Projektwebseite<\/a> der Goethe-Universit\u00e4t Frankfurt.<\/p>\n<p>&nbsp;<\/p>\n<p>&nbsp;<\/p>\n<h5><strong>Publikationen (projektbezogen):<\/strong><\/h5>\n<ul>\n<li><a href=\"https:\/\/www.spp2130.de\/index.php\/publikationen\/#voss\">Prof. Dr. Rebekka Vo\u00df<\/a><\/li>\n<li><a href=\"https:\/\/www.spp2130.de\/index.php\/publikationen\/#siluk\">Dr. Avi Siluk<\/a><\/li>\n<\/ul>\n","protected":false},"excerpt":{"rendered":"<p>Transkulturelle jiddische \u00dcbersetzungen zwischen Juden und Christen im Kontext der pietistischen Judenmission im Deutschland des 18. Jahrhunderts &nbsp; &nbsp; In der Fr\u00fchneuzeit entstanden zahlreiche \u00dcbersetzungen europ\u00e4ischer Texte in j\u00fcdische Sprachen, die ein fast g\u00e4nzlich unbearbeitetes Feld der Begegnung von Juden und Christen darstellen. Das Projekt untersucht diese Thematik und betrachtet dabei speziell die Rolle von Konvertiten und Missionaren als \u00dcbersetzer. Quellengrundlage sind \u00dcbersetzungen ins Jiddische, und im geringeren Ma\u00dfe auch ins Hebr\u00e4ische, die f\u00fcr die pietistische Judenmission angefertigt wurden. Fokus der Analyse sind die Mechanismen des christlich-j\u00fcdischen Kulturtransfers im fr\u00fchneuzeitlichen Europa durch diese \u00dcbersetzert\u00e4tigkeit. &nbsp; Das Projekt ist am Seminar &hellip;<\/p>\n","protected":false},"author":7,"featured_media":0,"parent":0,"menu_order":0,"comment_status":"closed","ping_status":"closed","template":"","meta":{"footnotes":""},"yoast_head":"<!-- This site is optimized with the Yoast SEO plugin v22.5 - https:\/\/yoast.com\/wordpress\/plugins\/seo\/ -->\n<title>Pietistische Judenmission - \u00dcbersetzungskulturen der Fr\u00fchen Neuzeit<\/title>\n<meta name=\"robots\" content=\"index, follow, max-snippet:-1, max-image-preview:large, max-video-preview:-1\" \/>\n<link rel=\"canonical\" href=\"https:\/\/www.spp2130.de\/index.php\/pietistische-judenmission\/\" \/>\n<meta property=\"og:locale\" content=\"de_DE\" \/>\n<meta property=\"og:type\" content=\"article\" \/>\n<meta property=\"og:title\" content=\"Pietistische Judenmission - \u00dcbersetzungskulturen der Fr\u00fchen Neuzeit\" \/>\n<meta property=\"og:description\" content=\"Transkulturelle jiddische \u00dcbersetzungen zwischen Juden und Christen im Kontext der pietistischen Judenmission im Deutschland des 18. Jahrhunderts &nbsp; &nbsp; In der Fr\u00fchneuzeit entstanden zahlreiche \u00dcbersetzungen europ\u00e4ischer Texte in j\u00fcdische Sprachen, die ein fast g\u00e4nzlich unbearbeitetes Feld der Begegnung von Juden und Christen darstellen. Das Projekt untersucht diese Thematik und betrachtet dabei speziell die Rolle von Konvertiten und Missionaren als \u00dcbersetzer. Quellengrundlage sind \u00dcbersetzungen ins Jiddische, und im geringeren Ma\u00dfe auch ins Hebr\u00e4ische, die f\u00fcr die pietistische Judenmission angefertigt wurden. Fokus der Analyse sind die Mechanismen des christlich-j\u00fcdischen Kulturtransfers im fr\u00fchneuzeitlichen Europa durch diese \u00dcbersetzert\u00e4tigkeit. &nbsp; Das Projekt ist am Seminar &hellip;\" \/>\n<meta property=\"og:url\" content=\"https:\/\/www.spp2130.de\/index.php\/pietistische-judenmission\/\" \/>\n<meta property=\"og:site_name\" content=\"\u00dcbersetzungskulturen der Fr\u00fchen Neuzeit\" \/>\n<meta property=\"article:modified_time\" content=\"2022-04-07T13:38:34+00:00\" \/>\n<meta name=\"twitter:card\" content=\"summary_large_image\" \/>\n<meta name=\"twitter:label1\" content=\"Gesch\u00e4tzte Lesezeit\" \/>\n\t<meta name=\"twitter:data1\" content=\"1 Minute\" \/>\n<script type=\"application\/ld+json\" class=\"yoast-schema-graph\">{\"@context\":\"https:\/\/schema.org\",\"@graph\":[{\"@type\":\"WebPage\",\"@id\":\"https:\/\/www.spp2130.de\/index.php\/pietistische-judenmission\/\",\"url\":\"https:\/\/www.spp2130.de\/index.php\/pietistische-judenmission\/\",\"name\":\"Pietistische Judenmission - \u00dcbersetzungskulturen der Fr\u00fchen Neuzeit\",\"isPartOf\":{\"@id\":\"https:\/\/www.spp2130.de\/#website\"},\"datePublished\":\"2019-03-04T11:22:50+00:00\",\"dateModified\":\"2022-04-07T13:38:34+00:00\",\"breadcrumb\":{\"@id\":\"https:\/\/www.spp2130.de\/index.php\/pietistische-judenmission\/#breadcrumb\"},\"inLanguage\":\"de-DE\",\"potentialAction\":[{\"@type\":\"ReadAction\",\"target\":[\"https:\/\/www.spp2130.de\/index.php\/pietistische-judenmission\/\"]}]},{\"@type\":\"BreadcrumbList\",\"@id\":\"https:\/\/www.spp2130.de\/index.php\/pietistische-judenmission\/#breadcrumb\",\"itemListElement\":[{\"@type\":\"ListItem\",\"position\":1,\"name\":\"Startseite\",\"item\":\"https:\/\/www.spp2130.de\/\"},{\"@type\":\"ListItem\",\"position\":2,\"name\":\"Pietistische Judenmission\"}]},{\"@type\":\"WebSite\",\"@id\":\"https:\/\/www.spp2130.de\/#website\",\"url\":\"https:\/\/www.spp2130.de\/\",\"name\":\"\u00dcbersetzungskulturen der Fr\u00fchen Neuzeit\",\"description\":\"DFG - SPP 2130\",\"potentialAction\":[{\"@type\":\"SearchAction\",\"target\":{\"@type\":\"EntryPoint\",\"urlTemplate\":\"https:\/\/www.spp2130.de\/?s={search_term_string}\"},\"query-input\":\"required name=search_term_string\"}],\"inLanguage\":\"de-DE\"}]}<\/script>\n<!-- \/ Yoast SEO plugin. -->","yoast_head_json":{"title":"Pietistische Judenmission - \u00dcbersetzungskulturen der Fr\u00fchen Neuzeit","robots":{"index":"index","follow":"follow","max-snippet":"max-snippet:-1","max-image-preview":"max-image-preview:large","max-video-preview":"max-video-preview:-1"},"canonical":"https:\/\/www.spp2130.de\/index.php\/pietistische-judenmission\/","og_locale":"de_DE","og_type":"article","og_title":"Pietistische Judenmission - \u00dcbersetzungskulturen der Fr\u00fchen Neuzeit","og_description":"Transkulturelle jiddische \u00dcbersetzungen zwischen Juden und Christen im Kontext der pietistischen Judenmission im Deutschland des 18. Jahrhunderts &nbsp; &nbsp; In der Fr\u00fchneuzeit entstanden zahlreiche \u00dcbersetzungen europ\u00e4ischer Texte in j\u00fcdische Sprachen, die ein fast g\u00e4nzlich unbearbeitetes Feld der Begegnung von Juden und Christen darstellen. Das Projekt untersucht diese Thematik und betrachtet dabei speziell die Rolle von Konvertiten und Missionaren als \u00dcbersetzer. Quellengrundlage sind \u00dcbersetzungen ins Jiddische, und im geringeren Ma\u00dfe auch ins Hebr\u00e4ische, die f\u00fcr die pietistische Judenmission angefertigt wurden. Fokus der Analyse sind die Mechanismen des christlich-j\u00fcdischen Kulturtransfers im fr\u00fchneuzeitlichen Europa durch diese \u00dcbersetzert\u00e4tigkeit. &nbsp; Das Projekt ist am Seminar &hellip;","og_url":"https:\/\/www.spp2130.de\/index.php\/pietistische-judenmission\/","og_site_name":"\u00dcbersetzungskulturen der Fr\u00fchen Neuzeit","article_modified_time":"2022-04-07T13:38:34+00:00","twitter_card":"summary_large_image","twitter_misc":{"Gesch\u00e4tzte Lesezeit":"1 Minute"},"schema":{"@context":"https:\/\/schema.org","@graph":[{"@type":"WebPage","@id":"https:\/\/www.spp2130.de\/index.php\/pietistische-judenmission\/","url":"https:\/\/www.spp2130.de\/index.php\/pietistische-judenmission\/","name":"Pietistische Judenmission - \u00dcbersetzungskulturen der Fr\u00fchen Neuzeit","isPartOf":{"@id":"https:\/\/www.spp2130.de\/#website"},"datePublished":"2019-03-04T11:22:50+00:00","dateModified":"2022-04-07T13:38:34+00:00","breadcrumb":{"@id":"https:\/\/www.spp2130.de\/index.php\/pietistische-judenmission\/#breadcrumb"},"inLanguage":"de-DE","potentialAction":[{"@type":"ReadAction","target":["https:\/\/www.spp2130.de\/index.php\/pietistische-judenmission\/"]}]},{"@type":"BreadcrumbList","@id":"https:\/\/www.spp2130.de\/index.php\/pietistische-judenmission\/#breadcrumb","itemListElement":[{"@type":"ListItem","position":1,"name":"Startseite","item":"https:\/\/www.spp2130.de\/"},{"@type":"ListItem","position":2,"name":"Pietistische Judenmission"}]},{"@type":"WebSite","@id":"https:\/\/www.spp2130.de\/#website","url":"https:\/\/www.spp2130.de\/","name":"\u00dcbersetzungskulturen der Fr\u00fchen Neuzeit","description":"DFG - SPP 2130","potentialAction":[{"@type":"SearchAction","target":{"@type":"EntryPoint","urlTemplate":"https:\/\/www.spp2130.de\/?s={search_term_string}"},"query-input":"required name=search_term_string"}],"inLanguage":"de-DE"}]}},"post_mailing_queue_ids":[],"_links":{"self":[{"href":"https:\/\/www.spp2130.de\/index.php\/wp-json\/wp\/v2\/pages\/660"}],"collection":[{"href":"https:\/\/www.spp2130.de\/index.php\/wp-json\/wp\/v2\/pages"}],"about":[{"href":"https:\/\/www.spp2130.de\/index.php\/wp-json\/wp\/v2\/types\/page"}],"author":[{"embeddable":true,"href":"https:\/\/www.spp2130.de\/index.php\/wp-json\/wp\/v2\/users\/7"}],"replies":[{"embeddable":true,"href":"https:\/\/www.spp2130.de\/index.php\/wp-json\/wp\/v2\/comments?post=660"}],"version-history":[{"count":22,"href":"https:\/\/www.spp2130.de\/index.php\/wp-json\/wp\/v2\/pages\/660\/revisions"}],"predecessor-version":[{"id":5582,"href":"https:\/\/www.spp2130.de\/index.php\/wp-json\/wp\/v2\/pages\/660\/revisions\/5582"}],"wp:attachment":[{"href":"https:\/\/www.spp2130.de\/index.php\/wp-json\/wp\/v2\/media?parent=660"}],"curies":[{"name":"wp","href":"https:\/\/api.w.org\/{rel}","templated":true}]}}