{"id":656,"date":"2019-03-04T11:16:30","date_gmt":"2019-03-04T11:16:30","guid":{"rendered":"https:\/\/www.spp2130.de\/?page_id=656"},"modified":"2022-04-07T15:37:12","modified_gmt":"2022-04-07T13:37:12","slug":"camondo-familie","status":"publish","type":"page","link":"https:\/\/www.spp2130.de\/index.php\/camondo-familie\/","title":{"rendered":"Camondo-Familie"},"content":{"rendered":"<h4>Flows und Spannungen<\/h4>\n<h4>&nbsp;<\/h4>\n<p>&nbsp;<\/p>\n<h5>Die Camondo-Familie als kulturelle \u00dcbersetzer zwischen dem Osmanischen Reich und Europa im 18. Jahrhundert<\/h5>\n<p>&nbsp;<\/p>\n<figure style=\"float: left; padding-right: 10px;\"><a href=\"https:\/\/madparis.fr\/en\/museums\/musee-nissim-de-camondo\/the-camondo-family-1599\/genealogy\/abraham-salomon-de-camondo-1781-1873\" target=\"_blank\" rel=\"noopener noreferrer\"><img loading=\"lazy\" decoding=\"async\" class=\"alignnone wp-image-2440\" src=\"https:\/\/www.spp2130.de\/wp-content\/uploads\/2019\/04\/Abraham-Salomon-de-Camondo-c.-1868-1781-1873-BESCH-1-185x300.jpg\" alt=\"\" width=\"205\" height=\"332\" srcset=\"https:\/\/www.spp2130.de\/wp-content\/uploads\/2019\/04\/Abraham-Salomon-de-Camondo-c.-1868-1781-1873-BESCH-1-185x300.jpg 185w, https:\/\/www.spp2130.de\/wp-content\/uploads\/2019\/04\/Abraham-Salomon-de-Camondo-c.-1868-1781-1873-BESCH-1-768x1244.jpg 768w, https:\/\/www.spp2130.de\/wp-content\/uploads\/2019\/04\/Abraham-Salomon-de-Camondo-c.-1868-1781-1873-BESCH-1-632x1024.jpg 632w, https:\/\/www.spp2130.de\/wp-content\/uploads\/2019\/04\/Abraham-Salomon-de-Camondo-c.-1868-1781-1873-BESCH-1-600x972.jpg 600w, https:\/\/www.spp2130.de\/wp-content\/uploads\/2019\/04\/Abraham-Salomon-de-Camondo-c.-1868-1781-1873-BESCH-1.jpg 2000w\" sizes=\"(max-width: 205px) 100vw, 205px\" \/><\/a><figcaption style=\"font-size: 8pt;\"><span style=\"font-size: 10pt;\">Abraham-Salomon de Camondo,<br \/>\nca. 1868 fotografiert von Ab-<br \/>\ndullah Fr\u00e8res, Pera, Constantinople<br \/>\n<\/span><\/figcaption><\/figure>\n<p>Untersucht werden die kulturellen \u00dcbersetzungspraktiken der osmanisch-j\u00fcdischen Familie Camondo, welche im 18. Jahrhundert zu einer bedeutenden Handelsdynastie im osmanischen Reich aufstieg. Die Camondos waren neben ihren Handelst\u00e4tigkeiten in Istanbul, Wien und Triest auch als Dragomane f\u00fcr die britische Gesandtschaft in Istanbul und die osmanischen Gesandten in Berlin und Wien t\u00e4tig. Sie waren zus\u00e4tzlich finanzielle Agenten am osmanischen Hof und einflussreiche Akteure in den j\u00fcdischen Gemeinden des Mittelmeerraumes. Die Untersuchung ihres Aufstiegs soll einerseits zu einem besseren Verst\u00e4ndnis der cultural brokers im osmanisch-europ\u00e4ischen Kontext beitragen. Andererseits kann eine Analyse ihrer vielschichtigen Vermittlungs- und \u00dcbersetzungst\u00e4tigkeiten auch eine Revision der Rolle der osmanischen Juden im 18. Jahrhundert erm\u00f6glichen.<\/p>\n<p>&nbsp;<\/p>\n<figure><\/figure>\n<figure><\/figure>\n<figure><\/figure>\n<figure><\/figure>\n<figure style=\"float: left; padding-right: 10px;\">Das Projekt von <a href=\"https:\/\/www.spp2130.de\/index.php\/projektleiterinnen\/#fliter\">Dr. Irena Fliter<\/a> ist an der Universit\u00e4t G\u00f6ttingen angesiedelt.<\/figure>\n<p>&nbsp;<\/p>\n<p>&nbsp;<\/p>\n<p><a href=\"http:\/\/www.uni-goettingen.de\/de\/%22flows%22+und+spannungen%3A+die+familie+camondo+als+kulturelle+u%CC%88bersetzer+zwischen+dem+osmanischen+reich+und+europa+im+18.+jahrhundert\/597405.html\" target=\"_blank\" rel=\"noopener noreferrer\">Projektwebseite<\/a> der Universit\u00e4t G\u00f6ttingen.<\/p>\n<p>&nbsp;<\/p>\n<p>&nbsp;<\/p>\n<h5><strong>Publikationen (projektbezogen):<\/strong><\/h5>\n<ul>\n<li><a href=\"https:\/\/www.spp2130.de\/index.php\/publikationen\/#fliter\">Dr. Irena Fliter<\/a><\/li>\n<\/ul>\n","protected":false},"excerpt":{"rendered":"<p>Flows und Spannungen &nbsp; &nbsp; Die Camondo-Familie als kulturelle \u00dcbersetzer zwischen dem Osmanischen Reich und Europa im 18. Jahrhundert &nbsp; Abraham-Salomon de Camondo, ca. 1868 fotografiert von Ab- dullah Fr\u00e8res, Pera, Constantinople Untersucht werden die kulturellen \u00dcbersetzungspraktiken der osmanisch-j\u00fcdischen Familie Camondo, welche im 18. Jahrhundert zu einer bedeutenden Handelsdynastie im osmanischen Reich aufstieg. Die Camondos waren neben ihren Handelst\u00e4tigkeiten in Istanbul, Wien und Triest auch als Dragomane f\u00fcr die britische Gesandtschaft in Istanbul und die osmanischen Gesandten in Berlin und Wien t\u00e4tig. Sie waren zus\u00e4tzlich finanzielle Agenten am osmanischen Hof und einflussreiche Akteure in den j\u00fcdischen Gemeinden des Mittelmeerraumes. Die &hellip;<\/p>\n","protected":false},"author":7,"featured_media":0,"parent":0,"menu_order":0,"comment_status":"closed","ping_status":"closed","template":"","meta":{"footnotes":""},"yoast_head":"<!-- This site is optimized with the Yoast SEO plugin v22.5 - https:\/\/yoast.com\/wordpress\/plugins\/seo\/ -->\n<title>Camondo-Familie - \u00dcbersetzungskulturen der Fr\u00fchen Neuzeit<\/title>\n<meta name=\"robots\" content=\"index, follow, max-snippet:-1, max-image-preview:large, max-video-preview:-1\" \/>\n<link rel=\"canonical\" href=\"https:\/\/www.spp2130.de\/index.php\/camondo-familie\/\" \/>\n<meta property=\"og:locale\" content=\"de_DE\" \/>\n<meta property=\"og:type\" content=\"article\" \/>\n<meta property=\"og:title\" content=\"Camondo-Familie - \u00dcbersetzungskulturen der Fr\u00fchen Neuzeit\" \/>\n<meta property=\"og:description\" content=\"Flows und Spannungen &nbsp; &nbsp; Die Camondo-Familie als kulturelle \u00dcbersetzer zwischen dem Osmanischen Reich und Europa im 18. Jahrhundert &nbsp; Abraham-Salomon de Camondo, ca. 1868 fotografiert von Ab- dullah Fr\u00e8res, Pera, Constantinople Untersucht werden die kulturellen \u00dcbersetzungspraktiken der osmanisch-j\u00fcdischen Familie Camondo, welche im 18. Jahrhundert zu einer bedeutenden Handelsdynastie im osmanischen Reich aufstieg. Die Camondos waren neben ihren Handelst\u00e4tigkeiten in Istanbul, Wien und Triest auch als Dragomane f\u00fcr die britische Gesandtschaft in Istanbul und die osmanischen Gesandten in Berlin und Wien t\u00e4tig. Sie waren zus\u00e4tzlich finanzielle Agenten am osmanischen Hof und einflussreiche Akteure in den j\u00fcdischen Gemeinden des Mittelmeerraumes. Die &hellip;\" \/>\n<meta property=\"og:url\" content=\"https:\/\/www.spp2130.de\/index.php\/camondo-familie\/\" \/>\n<meta property=\"og:site_name\" content=\"\u00dcbersetzungskulturen der Fr\u00fchen Neuzeit\" \/>\n<meta property=\"article:modified_time\" content=\"2022-04-07T13:37:12+00:00\" \/>\n<meta property=\"og:image\" content=\"https:\/\/www.spp2130.de\/wp-content\/uploads\/2019\/04\/Abraham-Salomon-de-Camondo-c.-1868-1781-1873-BESCH-1-185x300.jpg\" \/>\n<meta name=\"twitter:card\" content=\"summary_large_image\" \/>\n<meta name=\"twitter:label1\" content=\"Gesch\u00e4tzte Lesezeit\" \/>\n\t<meta name=\"twitter:data1\" content=\"1 Minute\" \/>\n<script type=\"application\/ld+json\" class=\"yoast-schema-graph\">{\"@context\":\"https:\/\/schema.org\",\"@graph\":[{\"@type\":\"WebPage\",\"@id\":\"https:\/\/www.spp2130.de\/index.php\/camondo-familie\/\",\"url\":\"https:\/\/www.spp2130.de\/index.php\/camondo-familie\/\",\"name\":\"Camondo-Familie - \u00dcbersetzungskulturen der Fr\u00fchen Neuzeit\",\"isPartOf\":{\"@id\":\"https:\/\/www.spp2130.de\/#website\"},\"primaryImageOfPage\":{\"@id\":\"https:\/\/www.spp2130.de\/index.php\/camondo-familie\/#primaryimage\"},\"image\":{\"@id\":\"https:\/\/www.spp2130.de\/index.php\/camondo-familie\/#primaryimage\"},\"thumbnailUrl\":\"https:\/\/www.spp2130.de\/wp-content\/uploads\/2019\/04\/Abraham-Salomon-de-Camondo-c.-1868-1781-1873-BESCH-1-185x300.jpg\",\"datePublished\":\"2019-03-04T11:16:30+00:00\",\"dateModified\":\"2022-04-07T13:37:12+00:00\",\"breadcrumb\":{\"@id\":\"https:\/\/www.spp2130.de\/index.php\/camondo-familie\/#breadcrumb\"},\"inLanguage\":\"de-DE\",\"potentialAction\":[{\"@type\":\"ReadAction\",\"target\":[\"https:\/\/www.spp2130.de\/index.php\/camondo-familie\/\"]}]},{\"@type\":\"ImageObject\",\"inLanguage\":\"de-DE\",\"@id\":\"https:\/\/www.spp2130.de\/index.php\/camondo-familie\/#primaryimage\",\"url\":\"https:\/\/www.spp2130.de\/wp-content\/uploads\/2019\/04\/Abraham-Salomon-de-Camondo-c.-1868-1781-1873-BESCH-1.jpg\",\"contentUrl\":\"https:\/\/www.spp2130.de\/wp-content\/uploads\/2019\/04\/Abraham-Salomon-de-Camondo-c.-1868-1781-1873-BESCH-1.jpg\",\"width\":2000,\"height\":3239,\"caption\":\"Abraham-Salomon de Camondo, c. 1868 Visiting-card photograph, Abdullah Fr\u00e8res, Pera, Constantinople\"},{\"@type\":\"BreadcrumbList\",\"@id\":\"https:\/\/www.spp2130.de\/index.php\/camondo-familie\/#breadcrumb\",\"itemListElement\":[{\"@type\":\"ListItem\",\"position\":1,\"name\":\"Startseite\",\"item\":\"https:\/\/www.spp2130.de\/\"},{\"@type\":\"ListItem\",\"position\":2,\"name\":\"Camondo-Familie\"}]},{\"@type\":\"WebSite\",\"@id\":\"https:\/\/www.spp2130.de\/#website\",\"url\":\"https:\/\/www.spp2130.de\/\",\"name\":\"\u00dcbersetzungskulturen der Fr\u00fchen Neuzeit\",\"description\":\"DFG - SPP 2130\",\"potentialAction\":[{\"@type\":\"SearchAction\",\"target\":{\"@type\":\"EntryPoint\",\"urlTemplate\":\"https:\/\/www.spp2130.de\/?s={search_term_string}\"},\"query-input\":\"required name=search_term_string\"}],\"inLanguage\":\"de-DE\"}]}<\/script>\n<!-- \/ Yoast SEO plugin. -->","yoast_head_json":{"title":"Camondo-Familie - \u00dcbersetzungskulturen der Fr\u00fchen Neuzeit","robots":{"index":"index","follow":"follow","max-snippet":"max-snippet:-1","max-image-preview":"max-image-preview:large","max-video-preview":"max-video-preview:-1"},"canonical":"https:\/\/www.spp2130.de\/index.php\/camondo-familie\/","og_locale":"de_DE","og_type":"article","og_title":"Camondo-Familie - \u00dcbersetzungskulturen der Fr\u00fchen Neuzeit","og_description":"Flows und Spannungen &nbsp; &nbsp; Die Camondo-Familie als kulturelle \u00dcbersetzer zwischen dem Osmanischen Reich und Europa im 18. Jahrhundert &nbsp; Abraham-Salomon de Camondo, ca. 1868 fotografiert von Ab- dullah Fr\u00e8res, Pera, Constantinople Untersucht werden die kulturellen \u00dcbersetzungspraktiken der osmanisch-j\u00fcdischen Familie Camondo, welche im 18. Jahrhundert zu einer bedeutenden Handelsdynastie im osmanischen Reich aufstieg. Die Camondos waren neben ihren Handelst\u00e4tigkeiten in Istanbul, Wien und Triest auch als Dragomane f\u00fcr die britische Gesandtschaft in Istanbul und die osmanischen Gesandten in Berlin und Wien t\u00e4tig. Sie waren zus\u00e4tzlich finanzielle Agenten am osmanischen Hof und einflussreiche Akteure in den j\u00fcdischen Gemeinden des Mittelmeerraumes. Die &hellip;","og_url":"https:\/\/www.spp2130.de\/index.php\/camondo-familie\/","og_site_name":"\u00dcbersetzungskulturen der Fr\u00fchen Neuzeit","article_modified_time":"2022-04-07T13:37:12+00:00","og_image":[{"url":"https:\/\/www.spp2130.de\/wp-content\/uploads\/2019\/04\/Abraham-Salomon-de-Camondo-c.-1868-1781-1873-BESCH-1-185x300.jpg"}],"twitter_card":"summary_large_image","twitter_misc":{"Gesch\u00e4tzte Lesezeit":"1 Minute"},"schema":{"@context":"https:\/\/schema.org","@graph":[{"@type":"WebPage","@id":"https:\/\/www.spp2130.de\/index.php\/camondo-familie\/","url":"https:\/\/www.spp2130.de\/index.php\/camondo-familie\/","name":"Camondo-Familie - \u00dcbersetzungskulturen der Fr\u00fchen Neuzeit","isPartOf":{"@id":"https:\/\/www.spp2130.de\/#website"},"primaryImageOfPage":{"@id":"https:\/\/www.spp2130.de\/index.php\/camondo-familie\/#primaryimage"},"image":{"@id":"https:\/\/www.spp2130.de\/index.php\/camondo-familie\/#primaryimage"},"thumbnailUrl":"https:\/\/www.spp2130.de\/wp-content\/uploads\/2019\/04\/Abraham-Salomon-de-Camondo-c.-1868-1781-1873-BESCH-1-185x300.jpg","datePublished":"2019-03-04T11:16:30+00:00","dateModified":"2022-04-07T13:37:12+00:00","breadcrumb":{"@id":"https:\/\/www.spp2130.de\/index.php\/camondo-familie\/#breadcrumb"},"inLanguage":"de-DE","potentialAction":[{"@type":"ReadAction","target":["https:\/\/www.spp2130.de\/index.php\/camondo-familie\/"]}]},{"@type":"ImageObject","inLanguage":"de-DE","@id":"https:\/\/www.spp2130.de\/index.php\/camondo-familie\/#primaryimage","url":"https:\/\/www.spp2130.de\/wp-content\/uploads\/2019\/04\/Abraham-Salomon-de-Camondo-c.-1868-1781-1873-BESCH-1.jpg","contentUrl":"https:\/\/www.spp2130.de\/wp-content\/uploads\/2019\/04\/Abraham-Salomon-de-Camondo-c.-1868-1781-1873-BESCH-1.jpg","width":2000,"height":3239,"caption":"Abraham-Salomon de Camondo, c. 1868 Visiting-card photograph, Abdullah Fr\u00e8res, Pera, Constantinople"},{"@type":"BreadcrumbList","@id":"https:\/\/www.spp2130.de\/index.php\/camondo-familie\/#breadcrumb","itemListElement":[{"@type":"ListItem","position":1,"name":"Startseite","item":"https:\/\/www.spp2130.de\/"},{"@type":"ListItem","position":2,"name":"Camondo-Familie"}]},{"@type":"WebSite","@id":"https:\/\/www.spp2130.de\/#website","url":"https:\/\/www.spp2130.de\/","name":"\u00dcbersetzungskulturen der Fr\u00fchen Neuzeit","description":"DFG - SPP 2130","potentialAction":[{"@type":"SearchAction","target":{"@type":"EntryPoint","urlTemplate":"https:\/\/www.spp2130.de\/?s={search_term_string}"},"query-input":"required name=search_term_string"}],"inLanguage":"de-DE"}]}},"post_mailing_queue_ids":[],"_links":{"self":[{"href":"https:\/\/www.spp2130.de\/index.php\/wp-json\/wp\/v2\/pages\/656"}],"collection":[{"href":"https:\/\/www.spp2130.de\/index.php\/wp-json\/wp\/v2\/pages"}],"about":[{"href":"https:\/\/www.spp2130.de\/index.php\/wp-json\/wp\/v2\/types\/page"}],"author":[{"embeddable":true,"href":"https:\/\/www.spp2130.de\/index.php\/wp-json\/wp\/v2\/users\/7"}],"replies":[{"embeddable":true,"href":"https:\/\/www.spp2130.de\/index.php\/wp-json\/wp\/v2\/comments?post=656"}],"version-history":[{"count":35,"href":"https:\/\/www.spp2130.de\/index.php\/wp-json\/wp\/v2\/pages\/656\/revisions"}],"predecessor-version":[{"id":5580,"href":"https:\/\/www.spp2130.de\/index.php\/wp-json\/wp\/v2\/pages\/656\/revisions\/5580"}],"wp:attachment":[{"href":"https:\/\/www.spp2130.de\/index.php\/wp-json\/wp\/v2\/media?parent=656"}],"curies":[{"name":"wp","href":"https:\/\/api.w.org\/{rel}","templated":true}]}}