{"id":56,"date":"2019-01-03T13:52:36","date_gmt":"2019-01-03T13:52:36","guid":{"rendered":"https:\/\/www.spp2130.de\/?page_id=56"},"modified":"2022-05-23T09:41:46","modified_gmt":"2022-05-23T07:41:46","slug":"willkommen","status":"publish","type":"page","link":"https:\/\/www.spp2130.de\/","title":{"rendered":"Willkommen"},"content":{"rendered":"<div style=\"width: 90%;\">\r\n<p>Wie relevant die \u00dcbersetzungsthematik f\u00fcr ein funktionierendes gesellschaftliches Zusammenleben, eine sprachen- und kultur\u00fcbergreifende Kommunikation, den wissenschaftlichen Fortschritt, \u00f6kologische Zukunftsvisionen und \u00f6konomische Handlungsbeziehungen ist, belegen aktuelle politische Debatten etwa \u00fcber den Umgang mit gefl\u00fcchteten Menschen oder den Abschluss von Freihandelsabkommen.<\/p>\r\n<p>&nbsp;<\/p>\r\n<p>Das 2018 von der DFG eingerichtete Schwerpunktprogramm 2130 fragt nach den gesellschaftlichen Leitvorstellungen, Wahrnehmungsmustern und Kommunikationsformen, die seit dem 15. Jahrhundert durch Praktiken des \u00dcbersetzens etabliert werden und bis in die Gegenwart von pr\u00e4gender Bedeutung sind. Es bietet somit gegenw\u00e4rtigen Diskussionen einen historischen Bezugsrahmen und eine potentielle Vergleichsgr\u00f6\u00dfe.<\/p>\r\n<p>&nbsp;<\/p>\r\n<p>Programmziel ist die interdisziplin\u00e4re Erschlie\u00dfung der epochalen Bedeutung von Konzepten und Praktiken des \u00dcbersetzens als zentrale und ubiquit\u00e4re Kulturtechnik der Fr\u00fchen Neuzeit (1450\u20131800) und damit einhergehend im R\u00fcckgriff auf den aktuellen <em>translational turn<\/em> eine Neuorientierung der Kulturwissenschaften.<\/p>\r\n<p>&nbsp;<\/p>\r\n<\/div>\r\n\r\n<div style=\"width: 90%;\">\r\n<div class=\"text-center \">\r\n<div class=\"row\">\r\n<div class=\"col-sm-6 col-md-4\">\r\n<div class=\"features-item\">\r\n<div class=\"features-info\">\r\n<h4><a class=\"title\" href=\"https:\/\/www.spp2130.de\/index.php\/aktuelles\/\"><img decoding=\"async\" id=\"masonary\" style=\"width: 60%; margin-bottom: 15%;\" src=\"https:\/\/www.spp2130.de\/wp-content\/uploads\/2019\/02\/SPP2130_Icon_Aktuelles-300x300.jpg\">Aktuelles<\/a><\/h4>\r\n<\/div>\r\n<\/div>\r\n<\/div>\r\n<div class=\"col-sm-6 col-md-4\">\r\n<div class=\"features-item\">\r\n<div class=\"features-info\">\r\n<h4><a class=\"title\" href=\"https:\/\/www.spp2130.de\/index.php\/uebersicht-projekte\/\"><img decoding=\"async\" id=\"masonary\" style=\"width: 60%; margin-bottom: 15%;\" src=\"https:\/\/www.spp2130.de\/wp-content\/uploads\/2019\/02\/SPP2130_Icon_Projekte.jpg\">Projekte<\/a><\/h4>\r\n<\/div>\r\n<\/div>\r\n<\/div>\r\n<div class=\"col-sm-6 col-md-4\">\r\n<div class=\"features-item\">\r\n<div class=\"features-info\">\r\n<h4><a class=\"title\" href=\"https:\/\/www.spp2130.de\/index.php\/programm\/\"><img decoding=\"async\" id=\"masonary\" style=\"width: 60%; margin-bottom: 15%;\" src=\"https:\/\/www.spp2130.de\/wp-content\/uploads\/2019\/02\/SPP2130_Icon_Programm.jpg\">Programm<\/a><\/h4>\r\n<\/div>\r\n<\/div>\r\n<\/div>\r\n<div class=\"col-sm-6 col-md-4\">\r\n<div class=\"features-item\">\r\n<div class=\"features-info\">\r\n<h4><a class=\"title\" href=\"https:\/\/www.spp2130.de\/index.php\/publikationen\/\"><img decoding=\"async\" id=\"masonary\" style=\"width: 60%; margin-bottom: 15%;\" src=\"https:\/\/www.spp2130.de\/wp-content\/uploads\/2019\/02\/SPP2130_Icon_Publikationen.jpg\"><span style=\"font-size: 14px;\">Publikationen<\/span><\/a><\/h4>\r\n<\/div>\r\n<\/div>\r\n<\/div>\r\n<div class=\"col-sm-6 col-md-4\">\r\n<div class=\"features-item\">\r\n<div class=\"features-info\">\r\n<h4><a class=\"title\" href=\"https:\/\/www.spp2130.de\/index.php\/kalender\/\"><img decoding=\"async\" id=\"masonary\" style=\"width: 60%; margin-bottom: 15%;\" src=\"https:\/\/www.spp2130.de\/wp-content\/uploads\/2019\/02\/SPP2130_Icon_Kalender.jpg\">Kalender<\/a><\/h4>\r\n<\/div>\r\n<\/div>\r\n<\/div>\r\n<div class=\"col-sm-6 col-md-4\">\r\n<div class=\"features-item\">\r\n<div class=\"features-info\">\r\n<h4><a class=\"title\" href=\"https:\/\/www.spp2130.de\/index.php\/newsletter\/\"><img decoding=\"async\" id=\"masonary\" style=\"width: 60%; margin-bottom: 15%;\" src=\"https:\/\/www.spp2130.de\/wp-content\/uploads\/2019\/02\/SPP2130_Icon_Newsletter.jpg\"><span style=\"font-size: 16px;\">Newsletter<\/span><\/a><\/h4>\r\n<\/div>\r\n<\/div>\r\n<\/div>\r\n<\/div>\r\n<\/div>\r\n<!-- \/\/row --><\/div>\r\n\r\n\r\n\r\n<p>&nbsp;<\/p>\r\n\r\n\r\n\r\n<p>&nbsp;<\/p>\r\n\r\n\r\n\r\n<p>&nbsp;<\/p>\r\n","protected":false},"excerpt":{"rendered":"<p>Wie relevant die \u00dcbersetzungsthematik f\u00fcr ein funktionierendes gesellschaftliches Zusammenleben, eine sprachen- und kultur\u00fcbergreifende Kommunikation, den wissenschaftlichen Fortschritt, \u00f6kologische Zukunftsvisionen und \u00f6konomische Handlungsbeziehungen ist, belegen aktuelle politische Debatten etwa \u00fcber den Umgang mit gefl\u00fcchteten Menschen oder den Abschluss von Freihandelsabkommen. &nbsp; Das 2018 von der DFG eingerichtete Schwerpunktprogramm 2130 fragt nach den gesellschaftlichen Leitvorstellungen, Wahrnehmungsmustern und Kommunikationsformen, die seit dem 15. Jahrhundert durch Praktiken des \u00dcbersetzens etabliert werden und bis in die Gegenwart von pr\u00e4gender Bedeutung sind. Es bietet somit gegenw\u00e4rtigen Diskussionen einen historischen Bezugsrahmen und eine potentielle Vergleichsgr\u00f6\u00dfe. &nbsp; Programmziel ist die interdisziplin\u00e4re Erschlie\u00dfung der epochalen Bedeutung von Konzepten und &hellip;<\/p>\n","protected":false},"author":1,"featured_media":0,"parent":0,"menu_order":0,"comment_status":"closed","ping_status":"closed","template":"","meta":{"footnotes":""},"yoast_head":"<!-- This site is optimized with the Yoast SEO plugin v22.5 - https:\/\/yoast.com\/wordpress\/plugins\/seo\/ -->\n<title>Willkommen - \u00dcbersetzungskulturen der Fr\u00fchen Neuzeit<\/title>\n<meta name=\"description\" content=\"\u00dcbersetzungskulturen der Fr\u00fchen Neuzeit \u00dcbersetzungskulturen der Fr\u00fchen Neuzeit Startseite DFG - SPP 2130\" \/>\n<meta name=\"robots\" content=\"index, follow, max-snippet:-1, max-image-preview:large, max-video-preview:-1\" \/>\n<link rel=\"canonical\" href=\"https:\/\/www.spp2130.de\/\" \/>\n<meta property=\"og:locale\" content=\"de_DE\" \/>\n<meta property=\"og:type\" content=\"article\" \/>\n<meta property=\"og:title\" content=\"Willkommen - \u00dcbersetzungskulturen der Fr\u00fchen Neuzeit\" \/>\n<meta property=\"og:description\" content=\"\u00dcbersetzungskulturen der Fr\u00fchen Neuzeit \u00dcbersetzungskulturen der Fr\u00fchen Neuzeit Startseite DFG - SPP 2130\" \/>\n<meta property=\"og:url\" content=\"https:\/\/www.spp2130.de\/\" \/>\n<meta property=\"og:site_name\" content=\"\u00dcbersetzungskulturen der Fr\u00fchen Neuzeit\" \/>\n<meta property=\"article:modified_time\" content=\"2022-05-23T07:41:46+00:00\" \/>\n<meta property=\"og:image\" content=\"https:\/\/www.spp2130.de\/wp-content\/uploads\/2019\/02\/SPP2130_Icon_Aktuelles-300x300.jpg\" \/>\n<meta name=\"twitter:card\" content=\"summary_large_image\" \/>\n<meta name=\"twitter:label1\" content=\"Gesch\u00e4tzte Lesezeit\" \/>\n\t<meta name=\"twitter:data1\" content=\"1 Minute\" \/>\n<script type=\"application\/ld+json\" class=\"yoast-schema-graph\">{\"@context\":\"https:\/\/schema.org\",\"@graph\":[{\"@type\":\"WebPage\",\"@id\":\"https:\/\/www.spp2130.de\/\",\"url\":\"https:\/\/www.spp2130.de\/\",\"name\":\"Willkommen - \u00dcbersetzungskulturen der Fr\u00fchen Neuzeit\",\"isPartOf\":{\"@id\":\"https:\/\/www.spp2130.de\/#website\"},\"primaryImageOfPage\":{\"@id\":\"https:\/\/www.spp2130.de\/#primaryimage\"},\"image\":{\"@id\":\"https:\/\/www.spp2130.de\/#primaryimage\"},\"thumbnailUrl\":\"https:\/\/www.spp2130.de\/wp-content\/uploads\/2019\/02\/SPP2130_Icon_Aktuelles-300x300.jpg\",\"datePublished\":\"2019-01-03T13:52:36+00:00\",\"dateModified\":\"2022-05-23T07:41:46+00:00\",\"description\":\"\u00dcbersetzungskulturen der Fr\u00fchen Neuzeit \u00dcbersetzungskulturen der Fr\u00fchen Neuzeit Startseite DFG - SPP 2130\",\"breadcrumb\":{\"@id\":\"https:\/\/www.spp2130.de\/#breadcrumb\"},\"inLanguage\":\"de-DE\",\"potentialAction\":[{\"@type\":\"ReadAction\",\"target\":[\"https:\/\/www.spp2130.de\/\"]}]},{\"@type\":\"ImageObject\",\"inLanguage\":\"de-DE\",\"@id\":\"https:\/\/www.spp2130.de\/#primaryimage\",\"url\":\"https:\/\/www.spp2130.de\/wp-content\/uploads\/2019\/02\/SPP2130_Icon_Aktuelles.jpg\",\"contentUrl\":\"https:\/\/www.spp2130.de\/wp-content\/uploads\/2019\/02\/SPP2130_Icon_Aktuelles.jpg\",\"width\":1417,\"height\":1417},{\"@type\":\"BreadcrumbList\",\"@id\":\"https:\/\/www.spp2130.de\/#breadcrumb\",\"itemListElement\":[{\"@type\":\"ListItem\",\"position\":1,\"name\":\"Startseite\",\"item\":\"https:\/\/www.spp2130.de\/\"},{\"@type\":\"ListItem\",\"position\":2,\"name\":\"Willkommen\"}]},{\"@type\":\"WebSite\",\"@id\":\"https:\/\/www.spp2130.de\/#website\",\"url\":\"https:\/\/www.spp2130.de\/\",\"name\":\"\u00dcbersetzungskulturen der Fr\u00fchen Neuzeit\",\"description\":\"DFG - SPP 2130\",\"potentialAction\":[{\"@type\":\"SearchAction\",\"target\":{\"@type\":\"EntryPoint\",\"urlTemplate\":\"https:\/\/www.spp2130.de\/?s={search_term_string}\"},\"query-input\":\"required name=search_term_string\"}],\"inLanguage\":\"de-DE\"}]}<\/script>\n<!-- \/ Yoast SEO plugin. -->","yoast_head_json":{"title":"Willkommen - \u00dcbersetzungskulturen der Fr\u00fchen Neuzeit","description":"\u00dcbersetzungskulturen der Fr\u00fchen Neuzeit \u00dcbersetzungskulturen der Fr\u00fchen Neuzeit Startseite DFG - SPP 2130","robots":{"index":"index","follow":"follow","max-snippet":"max-snippet:-1","max-image-preview":"max-image-preview:large","max-video-preview":"max-video-preview:-1"},"canonical":"https:\/\/www.spp2130.de\/","og_locale":"de_DE","og_type":"article","og_title":"Willkommen - \u00dcbersetzungskulturen der Fr\u00fchen Neuzeit","og_description":"\u00dcbersetzungskulturen der Fr\u00fchen Neuzeit \u00dcbersetzungskulturen der Fr\u00fchen Neuzeit Startseite DFG - SPP 2130","og_url":"https:\/\/www.spp2130.de\/","og_site_name":"\u00dcbersetzungskulturen der Fr\u00fchen Neuzeit","article_modified_time":"2022-05-23T07:41:46+00:00","og_image":[{"url":"https:\/\/www.spp2130.de\/wp-content\/uploads\/2019\/02\/SPP2130_Icon_Aktuelles-300x300.jpg"}],"twitter_card":"summary_large_image","twitter_misc":{"Gesch\u00e4tzte Lesezeit":"1 Minute"},"schema":{"@context":"https:\/\/schema.org","@graph":[{"@type":"WebPage","@id":"https:\/\/www.spp2130.de\/","url":"https:\/\/www.spp2130.de\/","name":"Willkommen - \u00dcbersetzungskulturen der Fr\u00fchen Neuzeit","isPartOf":{"@id":"https:\/\/www.spp2130.de\/#website"},"primaryImageOfPage":{"@id":"https:\/\/www.spp2130.de\/#primaryimage"},"image":{"@id":"https:\/\/www.spp2130.de\/#primaryimage"},"thumbnailUrl":"https:\/\/www.spp2130.de\/wp-content\/uploads\/2019\/02\/SPP2130_Icon_Aktuelles-300x300.jpg","datePublished":"2019-01-03T13:52:36+00:00","dateModified":"2022-05-23T07:41:46+00:00","description":"\u00dcbersetzungskulturen der Fr\u00fchen Neuzeit \u00dcbersetzungskulturen der Fr\u00fchen Neuzeit Startseite DFG - SPP 2130","breadcrumb":{"@id":"https:\/\/www.spp2130.de\/#breadcrumb"},"inLanguage":"de-DE","potentialAction":[{"@type":"ReadAction","target":["https:\/\/www.spp2130.de\/"]}]},{"@type":"ImageObject","inLanguage":"de-DE","@id":"https:\/\/www.spp2130.de\/#primaryimage","url":"https:\/\/www.spp2130.de\/wp-content\/uploads\/2019\/02\/SPP2130_Icon_Aktuelles.jpg","contentUrl":"https:\/\/www.spp2130.de\/wp-content\/uploads\/2019\/02\/SPP2130_Icon_Aktuelles.jpg","width":1417,"height":1417},{"@type":"BreadcrumbList","@id":"https:\/\/www.spp2130.de\/#breadcrumb","itemListElement":[{"@type":"ListItem","position":1,"name":"Startseite","item":"https:\/\/www.spp2130.de\/"},{"@type":"ListItem","position":2,"name":"Willkommen"}]},{"@type":"WebSite","@id":"https:\/\/www.spp2130.de\/#website","url":"https:\/\/www.spp2130.de\/","name":"\u00dcbersetzungskulturen der Fr\u00fchen Neuzeit","description":"DFG - SPP 2130","potentialAction":[{"@type":"SearchAction","target":{"@type":"EntryPoint","urlTemplate":"https:\/\/www.spp2130.de\/?s={search_term_string}"},"query-input":"required name=search_term_string"}],"inLanguage":"de-DE"}]}},"post_mailing_queue_ids":[],"_links":{"self":[{"href":"https:\/\/www.spp2130.de\/index.php\/wp-json\/wp\/v2\/pages\/56"}],"collection":[{"href":"https:\/\/www.spp2130.de\/index.php\/wp-json\/wp\/v2\/pages"}],"about":[{"href":"https:\/\/www.spp2130.de\/index.php\/wp-json\/wp\/v2\/types\/page"}],"author":[{"embeddable":true,"href":"https:\/\/www.spp2130.de\/index.php\/wp-json\/wp\/v2\/users\/1"}],"replies":[{"embeddable":true,"href":"https:\/\/www.spp2130.de\/index.php\/wp-json\/wp\/v2\/comments?post=56"}],"version-history":[{"count":67,"href":"https:\/\/www.spp2130.de\/index.php\/wp-json\/wp\/v2\/pages\/56\/revisions"}],"predecessor-version":[{"id":875,"href":"https:\/\/www.spp2130.de\/index.php\/wp-json\/wp\/v2\/pages\/56\/revisions\/875"}],"wp:attachment":[{"href":"https:\/\/www.spp2130.de\/index.php\/wp-json\/wp\/v2\/media?parent=56"}],"curies":[{"name":"wp","href":"https:\/\/api.w.org\/{rel}","templated":true}]}}