{"id":5195,"date":"2022-03-28T14:25:43","date_gmt":"2022-03-28T12:25:43","guid":{"rendered":"https:\/\/www.spp2130.de\/?page_id=5195"},"modified":"2023-11-20T12:59:16","modified_gmt":"2023-11-20T11:59:16","slug":"reiseliteratur-ueber-afrika","status":"publish","type":"page","link":"https:\/\/www.spp2130.de\/index.php\/reiseliteratur-ueber-afrika\/","title":{"rendered":"Reiseliteratur \u00fcber Afrika"},"content":{"rendered":"<h4>Naturwissenschaftliches Wissen und westeurop\u00e4ische Reiseliteratur \u00fcber Afrika in \u00dcbersetzung, 1600-1820<\/h4>\n<p>&nbsp;<\/p>\n<p><img loading=\"lazy\" decoding=\"async\" class=\"alignleft size-medium wp-image-5196\" src=\"https:\/\/www.spp2130.de\/wp-content\/uploads\/2022\/03\/3.5-Travel-Writing-185x300.png\" alt=\"\" width=\"185\" height=\"300\" srcset=\"https:\/\/www.spp2130.de\/wp-content\/uploads\/2022\/03\/3.5-Travel-Writing-185x300.png 185w, https:\/\/www.spp2130.de\/wp-content\/uploads\/2022\/03\/3.5-Travel-Writing-630x1024.png 630w, https:\/\/www.spp2130.de\/wp-content\/uploads\/2022\/03\/3.5-Travel-Writing-768x1247.png 768w, https:\/\/www.spp2130.de\/wp-content\/uploads\/2022\/03\/3.5-Travel-Writing-600x975.png 600w, https:\/\/www.spp2130.de\/wp-content\/uploads\/2022\/03\/3.5-Travel-Writing.png 809w\" sizes=\"(max-width: 185px) 100vw, 185px\" \/>In diesem Projekt werden \u00dcbersetzungen von Reiseberichten \u00fcber Afrika in vier Sprachgebieten (Englisch, Franz\u00f6sisch, Deutsch und Niederl\u00e4ndisch) zwischen 1600 und 1820 untersucht, um zu beleuchten, wie diese das Wissen um einen Kontinent formten, der in Westeuropa noch bis in die sp\u00e4te Aufkl\u00e4rung gr\u00f6\u00dftenteils als unbekanntes Terrain galt. Im gew\u00e4hlten Zeitraum beschleunigte sich der Austausch von Wissen durch \u00dcbersetzungen zwischen Gro\u00dfbritannien, Frankreich sowie den deutsch- und niederl\u00e4ndischsprachigen Gebieten, wobei naturwissenschaftliche Reiseberichte eine zentrale Rolle spielten. Der Fokus auf Afrika ist ma\u00dfgeblich: F\u00fcr den Gro\u00dfteil des betrachteten Zeitraums wurde der Kontinent weiterhin mit dem Fremden und Exotischen assoziiert, lange nachdem weite Teile Asiens und Amerikas bereits in das europ\u00e4ische Verst\u00e4ndnis der \u201abekannten\u2018 Welt eingegliedert worden waren. Bisher gibt es keine umfassende vergleichende Studie westeurop\u00e4ischer Texte \u00fcber Afrika, die vom Beginn des 17. Jahrhunderts bis zum Ende des \u201alangen achtzehnten Jahrhunderts\u2018 nachverfolgt, wie wissenschaftliche Kenntnisse \u00fcber den Kontinent durch \u00dcbersetzungen von Reiseberichten vorangetrieben wurden. Mithilfe von Einsichten aus der \u00dcbersetzungswissenschaft und der Wissenschaftsgeschichte untersucht das Projekt den Beitrag von \u00dcbersetzungen zur Formung wissenschaftlichen Wissens. Zudem erforscht es, wie fr\u00fchneuzeitliche Gesellschaften die Rolle von \u00dcbersetzer:innen bei der Mobilisierung von Ideen f\u00fcr eine entstehende globale Wissensgesellschaft einsch\u00e4tzten.<\/p>\n<p>&nbsp;<\/p>\n<p>Angesiedelt ist das Projekt am Fachbereich f\u00fcr Translations-, Sprach- und Kulturwissenschaft der Johannes Gutenberg-Universit\u00e4t Mainz in Germersheim, Arbeitsbereich Anglistik, wo es von <a href=\"https:\/\/www.spp2130.de\/index.php\/projektleiterinnen2\/#martin\">Prof. Dr. Alison E. Martin<\/a> geleitet wird. Wissenschaftliche Mitarbeiterinnen sind <a href=\"https:\/\/www.spp2130.de\/index.php\/mitarbeiterinnen2\/#wolf\">Phillip Wolf<\/a> und <a href=\"https:\/\/www.spp2130.de\/index.php\/mitarbeiterinnen2\/#gomez\">M\u00f3nica Mart\u00ednez G\u00f3mez<\/a>.<\/p>\n<p>&nbsp;<\/p>\n<ul>\n<li><a href=\"https:\/\/anglistik.fb06.uni-mainz.de\/scientific-knowledge-and-travel-writing\/\" target=\"_blank\" rel=\"noopener noreferrer\">Projektwebseite<\/a> an der Uni Mainz<\/li>\n<\/ul>\n","protected":false},"excerpt":{"rendered":"<p>Naturwissenschaftliches Wissen und westeurop\u00e4ische Reiseliteratur \u00fcber Afrika in \u00dcbersetzung, 1600-1820 &nbsp; In diesem Projekt werden \u00dcbersetzungen von Reiseberichten \u00fcber Afrika in vier Sprachgebieten (Englisch, Franz\u00f6sisch, Deutsch und Niederl\u00e4ndisch) zwischen 1600 und 1820 untersucht, um zu beleuchten, wie diese das Wissen um einen Kontinent formten, der in Westeuropa noch bis in die sp\u00e4te Aufkl\u00e4rung gr\u00f6\u00dftenteils als unbekanntes Terrain galt. Im gew\u00e4hlten Zeitraum beschleunigte sich der Austausch von Wissen durch \u00dcbersetzungen zwischen Gro\u00dfbritannien, Frankreich sowie den deutsch- und niederl\u00e4ndischsprachigen Gebieten, wobei naturwissenschaftliche Reiseberichte eine zentrale Rolle spielten. Der Fokus auf Afrika ist ma\u00dfgeblich: F\u00fcr den Gro\u00dfteil des betrachteten Zeitraums wurde der Kontinent &hellip;<\/p>\n","protected":false},"author":12,"featured_media":0,"parent":0,"menu_order":0,"comment_status":"closed","ping_status":"closed","template":"","meta":{"footnotes":""},"yoast_head":"<!-- This site is optimized with the Yoast SEO plugin v22.5 - https:\/\/yoast.com\/wordpress\/plugins\/seo\/ -->\n<title>Reiseliteratur \u00fcber Afrika - \u00dcbersetzungskulturen der Fr\u00fchen Neuzeit<\/title>\n<meta name=\"robots\" content=\"index, follow, max-snippet:-1, max-image-preview:large, max-video-preview:-1\" \/>\n<link rel=\"canonical\" href=\"https:\/\/www.spp2130.de\/index.php\/reiseliteratur-ueber-afrika\/\" \/>\n<meta property=\"og:locale\" content=\"de_DE\" \/>\n<meta property=\"og:type\" content=\"article\" \/>\n<meta property=\"og:title\" content=\"Reiseliteratur \u00fcber Afrika - \u00dcbersetzungskulturen der Fr\u00fchen Neuzeit\" \/>\n<meta property=\"og:description\" content=\"Naturwissenschaftliches Wissen und westeurop\u00e4ische Reiseliteratur \u00fcber Afrika in \u00dcbersetzung, 1600-1820 &nbsp; In diesem Projekt werden \u00dcbersetzungen von Reiseberichten \u00fcber Afrika in vier Sprachgebieten (Englisch, Franz\u00f6sisch, Deutsch und Niederl\u00e4ndisch) zwischen 1600 und 1820 untersucht, um zu beleuchten, wie diese das Wissen um einen Kontinent formten, der in Westeuropa noch bis in die sp\u00e4te Aufkl\u00e4rung gr\u00f6\u00dftenteils als unbekanntes Terrain galt. Im gew\u00e4hlten Zeitraum beschleunigte sich der Austausch von Wissen durch \u00dcbersetzungen zwischen Gro\u00dfbritannien, Frankreich sowie den deutsch- und niederl\u00e4ndischsprachigen Gebieten, wobei naturwissenschaftliche Reiseberichte eine zentrale Rolle spielten. Der Fokus auf Afrika ist ma\u00dfgeblich: F\u00fcr den Gro\u00dfteil des betrachteten Zeitraums wurde der Kontinent &hellip;\" \/>\n<meta property=\"og:url\" content=\"https:\/\/www.spp2130.de\/index.php\/reiseliteratur-ueber-afrika\/\" \/>\n<meta property=\"og:site_name\" content=\"\u00dcbersetzungskulturen der Fr\u00fchen Neuzeit\" \/>\n<meta property=\"article:modified_time\" content=\"2023-11-20T11:59:16+00:00\" \/>\n<meta property=\"og:image\" content=\"https:\/\/www.spp2130.de\/wp-content\/uploads\/2022\/03\/3.5-Travel-Writing-185x300.png\" \/>\n<meta name=\"twitter:card\" content=\"summary_large_image\" \/>\n<meta name=\"twitter:label1\" content=\"Gesch\u00e4tzte Lesezeit\" \/>\n\t<meta name=\"twitter:data1\" content=\"2 Minuten\" \/>\n<script type=\"application\/ld+json\" class=\"yoast-schema-graph\">{\"@context\":\"https:\/\/schema.org\",\"@graph\":[{\"@type\":\"WebPage\",\"@id\":\"https:\/\/www.spp2130.de\/index.php\/reiseliteratur-ueber-afrika\/\",\"url\":\"https:\/\/www.spp2130.de\/index.php\/reiseliteratur-ueber-afrika\/\",\"name\":\"Reiseliteratur \u00fcber Afrika - \u00dcbersetzungskulturen der Fr\u00fchen Neuzeit\",\"isPartOf\":{\"@id\":\"https:\/\/www.spp2130.de\/#website\"},\"primaryImageOfPage\":{\"@id\":\"https:\/\/www.spp2130.de\/index.php\/reiseliteratur-ueber-afrika\/#primaryimage\"},\"image\":{\"@id\":\"https:\/\/www.spp2130.de\/index.php\/reiseliteratur-ueber-afrika\/#primaryimage\"},\"thumbnailUrl\":\"https:\/\/www.spp2130.de\/wp-content\/uploads\/2022\/03\/3.5-Travel-Writing-185x300.png\",\"datePublished\":\"2022-03-28T12:25:43+00:00\",\"dateModified\":\"2023-11-20T11:59:16+00:00\",\"breadcrumb\":{\"@id\":\"https:\/\/www.spp2130.de\/index.php\/reiseliteratur-ueber-afrika\/#breadcrumb\"},\"inLanguage\":\"de-DE\",\"potentialAction\":[{\"@type\":\"ReadAction\",\"target\":[\"https:\/\/www.spp2130.de\/index.php\/reiseliteratur-ueber-afrika\/\"]}]},{\"@type\":\"ImageObject\",\"inLanguage\":\"de-DE\",\"@id\":\"https:\/\/www.spp2130.de\/index.php\/reiseliteratur-ueber-afrika\/#primaryimage\",\"url\":\"https:\/\/www.spp2130.de\/wp-content\/uploads\/2022\/03\/3.5-Travel-Writing.png\",\"contentUrl\":\"https:\/\/www.spp2130.de\/wp-content\/uploads\/2022\/03\/3.5-Travel-Writing.png\",\"width\":809,\"height\":1314},{\"@type\":\"BreadcrumbList\",\"@id\":\"https:\/\/www.spp2130.de\/index.php\/reiseliteratur-ueber-afrika\/#breadcrumb\",\"itemListElement\":[{\"@type\":\"ListItem\",\"position\":1,\"name\":\"Startseite\",\"item\":\"https:\/\/www.spp2130.de\/\"},{\"@type\":\"ListItem\",\"position\":2,\"name\":\"Reiseliteratur \u00fcber Afrika\"}]},{\"@type\":\"WebSite\",\"@id\":\"https:\/\/www.spp2130.de\/#website\",\"url\":\"https:\/\/www.spp2130.de\/\",\"name\":\"\u00dcbersetzungskulturen der Fr\u00fchen Neuzeit\",\"description\":\"DFG - SPP 2130\",\"potentialAction\":[{\"@type\":\"SearchAction\",\"target\":{\"@type\":\"EntryPoint\",\"urlTemplate\":\"https:\/\/www.spp2130.de\/?s={search_term_string}\"},\"query-input\":\"required name=search_term_string\"}],\"inLanguage\":\"de-DE\"}]}<\/script>\n<!-- \/ Yoast SEO plugin. -->","yoast_head_json":{"title":"Reiseliteratur \u00fcber Afrika - \u00dcbersetzungskulturen der Fr\u00fchen Neuzeit","robots":{"index":"index","follow":"follow","max-snippet":"max-snippet:-1","max-image-preview":"max-image-preview:large","max-video-preview":"max-video-preview:-1"},"canonical":"https:\/\/www.spp2130.de\/index.php\/reiseliteratur-ueber-afrika\/","og_locale":"de_DE","og_type":"article","og_title":"Reiseliteratur \u00fcber Afrika - \u00dcbersetzungskulturen der Fr\u00fchen Neuzeit","og_description":"Naturwissenschaftliches Wissen und westeurop\u00e4ische Reiseliteratur \u00fcber Afrika in \u00dcbersetzung, 1600-1820 &nbsp; In diesem Projekt werden \u00dcbersetzungen von Reiseberichten \u00fcber Afrika in vier Sprachgebieten (Englisch, Franz\u00f6sisch, Deutsch und Niederl\u00e4ndisch) zwischen 1600 und 1820 untersucht, um zu beleuchten, wie diese das Wissen um einen Kontinent formten, der in Westeuropa noch bis in die sp\u00e4te Aufkl\u00e4rung gr\u00f6\u00dftenteils als unbekanntes Terrain galt. Im gew\u00e4hlten Zeitraum beschleunigte sich der Austausch von Wissen durch \u00dcbersetzungen zwischen Gro\u00dfbritannien, Frankreich sowie den deutsch- und niederl\u00e4ndischsprachigen Gebieten, wobei naturwissenschaftliche Reiseberichte eine zentrale Rolle spielten. Der Fokus auf Afrika ist ma\u00dfgeblich: F\u00fcr den Gro\u00dfteil des betrachteten Zeitraums wurde der Kontinent &hellip;","og_url":"https:\/\/www.spp2130.de\/index.php\/reiseliteratur-ueber-afrika\/","og_site_name":"\u00dcbersetzungskulturen der Fr\u00fchen Neuzeit","article_modified_time":"2023-11-20T11:59:16+00:00","og_image":[{"url":"https:\/\/www.spp2130.de\/wp-content\/uploads\/2022\/03\/3.5-Travel-Writing-185x300.png"}],"twitter_card":"summary_large_image","twitter_misc":{"Gesch\u00e4tzte Lesezeit":"2 Minuten"},"schema":{"@context":"https:\/\/schema.org","@graph":[{"@type":"WebPage","@id":"https:\/\/www.spp2130.de\/index.php\/reiseliteratur-ueber-afrika\/","url":"https:\/\/www.spp2130.de\/index.php\/reiseliteratur-ueber-afrika\/","name":"Reiseliteratur \u00fcber Afrika - \u00dcbersetzungskulturen der Fr\u00fchen Neuzeit","isPartOf":{"@id":"https:\/\/www.spp2130.de\/#website"},"primaryImageOfPage":{"@id":"https:\/\/www.spp2130.de\/index.php\/reiseliteratur-ueber-afrika\/#primaryimage"},"image":{"@id":"https:\/\/www.spp2130.de\/index.php\/reiseliteratur-ueber-afrika\/#primaryimage"},"thumbnailUrl":"https:\/\/www.spp2130.de\/wp-content\/uploads\/2022\/03\/3.5-Travel-Writing-185x300.png","datePublished":"2022-03-28T12:25:43+00:00","dateModified":"2023-11-20T11:59:16+00:00","breadcrumb":{"@id":"https:\/\/www.spp2130.de\/index.php\/reiseliteratur-ueber-afrika\/#breadcrumb"},"inLanguage":"de-DE","potentialAction":[{"@type":"ReadAction","target":["https:\/\/www.spp2130.de\/index.php\/reiseliteratur-ueber-afrika\/"]}]},{"@type":"ImageObject","inLanguage":"de-DE","@id":"https:\/\/www.spp2130.de\/index.php\/reiseliteratur-ueber-afrika\/#primaryimage","url":"https:\/\/www.spp2130.de\/wp-content\/uploads\/2022\/03\/3.5-Travel-Writing.png","contentUrl":"https:\/\/www.spp2130.de\/wp-content\/uploads\/2022\/03\/3.5-Travel-Writing.png","width":809,"height":1314},{"@type":"BreadcrumbList","@id":"https:\/\/www.spp2130.de\/index.php\/reiseliteratur-ueber-afrika\/#breadcrumb","itemListElement":[{"@type":"ListItem","position":1,"name":"Startseite","item":"https:\/\/www.spp2130.de\/"},{"@type":"ListItem","position":2,"name":"Reiseliteratur \u00fcber Afrika"}]},{"@type":"WebSite","@id":"https:\/\/www.spp2130.de\/#website","url":"https:\/\/www.spp2130.de\/","name":"\u00dcbersetzungskulturen der Fr\u00fchen Neuzeit","description":"DFG - SPP 2130","potentialAction":[{"@type":"SearchAction","target":{"@type":"EntryPoint","urlTemplate":"https:\/\/www.spp2130.de\/?s={search_term_string}"},"query-input":"required name=search_term_string"}],"inLanguage":"de-DE"}]}},"post_mailing_queue_ids":[],"_links":{"self":[{"href":"https:\/\/www.spp2130.de\/index.php\/wp-json\/wp\/v2\/pages\/5195"}],"collection":[{"href":"https:\/\/www.spp2130.de\/index.php\/wp-json\/wp\/v2\/pages"}],"about":[{"href":"https:\/\/www.spp2130.de\/index.php\/wp-json\/wp\/v2\/types\/page"}],"author":[{"embeddable":true,"href":"https:\/\/www.spp2130.de\/index.php\/wp-json\/wp\/v2\/users\/12"}],"replies":[{"embeddable":true,"href":"https:\/\/www.spp2130.de\/index.php\/wp-json\/wp\/v2\/comments?post=5195"}],"version-history":[{"count":5,"href":"https:\/\/www.spp2130.de\/index.php\/wp-json\/wp\/v2\/pages\/5195\/revisions"}],"predecessor-version":[{"id":6646,"href":"https:\/\/www.spp2130.de\/index.php\/wp-json\/wp\/v2\/pages\/5195\/revisions\/6646"}],"wp:attachment":[{"href":"https:\/\/www.spp2130.de\/index.php\/wp-json\/wp\/v2\/media?parent=5195"}],"curies":[{"name":"wp","href":"https:\/\/api.w.org\/{rel}","templated":true}]}}