{"id":506,"date":"2019-02-14T20:40:44","date_gmt":"2019-02-14T20:40:44","guid":{"rendered":"https:\/\/www.spp2130.de\/?page_id=506"},"modified":"2025-09-11T14:04:21","modified_gmt":"2025-09-11T12:04:21","slug":"geschaeftsstelle","status":"publish","type":"page","link":"https:\/\/www.spp2130.de\/index.php\/geschaeftsstelle\/","title":{"rendered":"Gesch\u00e4ftsstelle"},"content":{"rendered":"<h4><a href=\"https:\/\/www.tu-braunschweig.de\/germanistik\/abt\/spr\/forschungme\/spp2130\/kontakt\" target=\"_blank\" rel=\"noopener noreferrer\">Gesch\u00e4ftsstelle<\/a><\/h4>\n<p>&nbsp;<\/p>\n<p><a href=\"https:\/\/www.germanistik.uni-wuerzburg.de\/mediaevistik\/team\/toepfer-regina\/\" target=\"_blank\" rel=\"noopener noreferrer\">Prof. Dr. Regina Toepfer<\/a><\/p>\n<p>Leitung<\/p>\n<p>&nbsp;<\/p>\n<p><a href=\"https:\/\/www.germanistik.uni-wuerzburg.de\/mediaevistik\/team\/koppers-annkathrin\/\" target=\"_blank\" rel=\"noopener noreferrer\">Annkathrin Koppers, M.A.<\/a><\/p>\n<p>Projektkoordinatorin<\/p>\n<p><a href=\"mailto:spp2130@uni-wuerzburg.de\">spp2130@uni-wuerzburg.de<\/a><\/p>\n<p>&nbsp;<\/p>\n<h5 style=\"font-weight: 400;\"><strong><span style=\"font-size: 12pt;\">Hilfskr\u00e4fte<\/span><\/strong><\/h5>\n<p>Katharina Hess<\/p>\n<p>Martin Ruhl<\/p>\n<p>Jule H\u00f6lzel<\/p>\n<p>&nbsp;<\/p>\n<p>&nbsp;<\/p>\n<h5 style=\"font-weight: 400;\"><strong><span style=\"font-size: 12pt;\">Ehemalige Hilfskr\u00e4fte<\/span><\/strong><\/h5>\n<p>Isabelle Schmiederer<\/p>\n<p>Felix Herberth<\/p>\n<p>Eileen Rippe<\/p>\n<p>Katharina Schuck<\/p>\n<p>&nbsp;<\/p>\n<p>&nbsp;<\/p>\n<p>Bis 31. Mai 2021:<br \/>\nTechnische Universit\u00e4t Braunschweig<br \/>\nInstitut f\u00fcr Germanistik<br \/>\nBienroder Weg 80<br \/>\n38106 Braunschweig<\/p>\n<p>&nbsp;<\/p>\n<p>Ab 01. Juni 2021:<br \/>\nJulius-Maximilians-Universit\u00e4t<br \/>\nLehrstuhl f\u00fcr Deutsche Philologie<br \/>\nAm Hubland<br \/>\n97074 W\u00fcrzburg<\/p>\n<p><a class=\"moz-txt-link-abbreviated\" href=\"mailto:spp2130@uni-wuerzburg.de\" target=\"_blank\" rel=\"noreferrer noopener\">spp2130@uni-wuerzburg.de<\/a><\/p>\n","protected":false},"excerpt":{"rendered":"<p>Gesch\u00e4ftsstelle &nbsp; Prof. Dr. Regina Toepfer Leitung &nbsp; Annkathrin Koppers, M.A. Projektkoordinatorin spp2130@uni-wuerzburg.de &nbsp; Hilfskr\u00e4fte Katharina Hess Martin Ruhl Jule H\u00f6lzel &nbsp; &nbsp; Ehemalige Hilfskr\u00e4fte Isabelle Schmiederer Felix Herberth Eileen Rippe Katharina Schuck &nbsp; &nbsp; Bis 31. Mai 2021: Technische Universit\u00e4t Braunschweig Institut f\u00fcr Germanistik Bienroder Weg 80 38106 Braunschweig &nbsp; Ab 01. Juni 2021: Julius-Maximilians-Universit\u00e4t Lehrstuhl f\u00fcr Deutsche Philologie Am Hubland 97074 W\u00fcrzburg spp2130@uni-wuerzburg.de<\/p>\n","protected":false},"author":1,"featured_media":0,"parent":0,"menu_order":0,"comment_status":"closed","ping_status":"closed","template":"","meta":{"footnotes":""},"yoast_head":"<!-- This site is optimized with the Yoast SEO plugin v22.5 - https:\/\/yoast.com\/wordpress\/plugins\/seo\/ -->\n<title>Gesch\u00e4ftsstelle - \u00dcbersetzungskulturen der Fr\u00fchen Neuzeit<\/title>\n<meta name=\"robots\" content=\"index, follow, max-snippet:-1, max-image-preview:large, max-video-preview:-1\" \/>\n<link rel=\"canonical\" href=\"https:\/\/www.spp2130.de\/index.php\/geschaeftsstelle\/\" \/>\n<meta property=\"og:locale\" content=\"de_DE\" \/>\n<meta property=\"og:type\" content=\"article\" \/>\n<meta property=\"og:title\" content=\"Gesch\u00e4ftsstelle - \u00dcbersetzungskulturen der Fr\u00fchen Neuzeit\" \/>\n<meta property=\"og:description\" content=\"Gesch\u00e4ftsstelle &nbsp; Prof. Dr. Regina Toepfer Leitung &nbsp; Annkathrin Koppers, M.A. Projektkoordinatorin spp2130@uni-wuerzburg.de &nbsp; Hilfskr\u00e4fte Katharina Hess Martin Ruhl Jule H\u00f6lzel &nbsp; &nbsp; Ehemalige Hilfskr\u00e4fte Isabelle Schmiederer Felix Herberth Eileen Rippe Katharina Schuck &nbsp; &nbsp; Bis 31. Mai 2021: Technische Universit\u00e4t Braunschweig Institut f\u00fcr Germanistik Bienroder Weg 80 38106 Braunschweig &nbsp; Ab 01. Juni 2021: Julius-Maximilians-Universit\u00e4t Lehrstuhl f\u00fcr Deutsche Philologie Am Hubland 97074 W\u00fcrzburg spp2130@uni-wuerzburg.de\" \/>\n<meta property=\"og:url\" content=\"https:\/\/www.spp2130.de\/index.php\/geschaeftsstelle\/\" \/>\n<meta property=\"og:site_name\" content=\"\u00dcbersetzungskulturen der Fr\u00fchen Neuzeit\" \/>\n<meta property=\"article:modified_time\" content=\"2025-09-11T12:04:21+00:00\" \/>\n<meta name=\"twitter:card\" content=\"summary_large_image\" \/>\n<meta name=\"twitter:label1\" content=\"Gesch\u00e4tzte Lesezeit\" \/>\n\t<meta name=\"twitter:data1\" content=\"1 Minute\" \/>\n<script type=\"application\/ld+json\" class=\"yoast-schema-graph\">{\"@context\":\"https:\/\/schema.org\",\"@graph\":[{\"@type\":\"WebPage\",\"@id\":\"https:\/\/www.spp2130.de\/index.php\/geschaeftsstelle\/\",\"url\":\"https:\/\/www.spp2130.de\/index.php\/geschaeftsstelle\/\",\"name\":\"Gesch\u00e4ftsstelle - \u00dcbersetzungskulturen der Fr\u00fchen Neuzeit\",\"isPartOf\":{\"@id\":\"https:\/\/www.spp2130.de\/#website\"},\"datePublished\":\"2019-02-14T20:40:44+00:00\",\"dateModified\":\"2025-09-11T12:04:21+00:00\",\"breadcrumb\":{\"@id\":\"https:\/\/www.spp2130.de\/index.php\/geschaeftsstelle\/#breadcrumb\"},\"inLanguage\":\"de-DE\",\"potentialAction\":[{\"@type\":\"ReadAction\",\"target\":[\"https:\/\/www.spp2130.de\/index.php\/geschaeftsstelle\/\"]}]},{\"@type\":\"BreadcrumbList\",\"@id\":\"https:\/\/www.spp2130.de\/index.php\/geschaeftsstelle\/#breadcrumb\",\"itemListElement\":[{\"@type\":\"ListItem\",\"position\":1,\"name\":\"Startseite\",\"item\":\"https:\/\/www.spp2130.de\/\"},{\"@type\":\"ListItem\",\"position\":2,\"name\":\"Gesch\u00e4ftsstelle\"}]},{\"@type\":\"WebSite\",\"@id\":\"https:\/\/www.spp2130.de\/#website\",\"url\":\"https:\/\/www.spp2130.de\/\",\"name\":\"\u00dcbersetzungskulturen der Fr\u00fchen Neuzeit\",\"description\":\"DFG - SPP 2130\",\"potentialAction\":[{\"@type\":\"SearchAction\",\"target\":{\"@type\":\"EntryPoint\",\"urlTemplate\":\"https:\/\/www.spp2130.de\/?s={search_term_string}\"},\"query-input\":\"required name=search_term_string\"}],\"inLanguage\":\"de-DE\"}]}<\/script>\n<!-- \/ Yoast SEO plugin. -->","yoast_head_json":{"title":"Gesch\u00e4ftsstelle - \u00dcbersetzungskulturen der Fr\u00fchen Neuzeit","robots":{"index":"index","follow":"follow","max-snippet":"max-snippet:-1","max-image-preview":"max-image-preview:large","max-video-preview":"max-video-preview:-1"},"canonical":"https:\/\/www.spp2130.de\/index.php\/geschaeftsstelle\/","og_locale":"de_DE","og_type":"article","og_title":"Gesch\u00e4ftsstelle - \u00dcbersetzungskulturen der Fr\u00fchen Neuzeit","og_description":"Gesch\u00e4ftsstelle &nbsp; Prof. Dr. Regina Toepfer Leitung &nbsp; Annkathrin Koppers, M.A. Projektkoordinatorin spp2130@uni-wuerzburg.de &nbsp; Hilfskr\u00e4fte Katharina Hess Martin Ruhl Jule H\u00f6lzel &nbsp; &nbsp; Ehemalige Hilfskr\u00e4fte Isabelle Schmiederer Felix Herberth Eileen Rippe Katharina Schuck &nbsp; &nbsp; Bis 31. Mai 2021: Technische Universit\u00e4t Braunschweig Institut f\u00fcr Germanistik Bienroder Weg 80 38106 Braunschweig &nbsp; Ab 01. Juni 2021: Julius-Maximilians-Universit\u00e4t Lehrstuhl f\u00fcr Deutsche Philologie Am Hubland 97074 W\u00fcrzburg spp2130@uni-wuerzburg.de","og_url":"https:\/\/www.spp2130.de\/index.php\/geschaeftsstelle\/","og_site_name":"\u00dcbersetzungskulturen der Fr\u00fchen Neuzeit","article_modified_time":"2025-09-11T12:04:21+00:00","twitter_card":"summary_large_image","twitter_misc":{"Gesch\u00e4tzte Lesezeit":"1 Minute"},"schema":{"@context":"https:\/\/schema.org","@graph":[{"@type":"WebPage","@id":"https:\/\/www.spp2130.de\/index.php\/geschaeftsstelle\/","url":"https:\/\/www.spp2130.de\/index.php\/geschaeftsstelle\/","name":"Gesch\u00e4ftsstelle - \u00dcbersetzungskulturen der Fr\u00fchen Neuzeit","isPartOf":{"@id":"https:\/\/www.spp2130.de\/#website"},"datePublished":"2019-02-14T20:40:44+00:00","dateModified":"2025-09-11T12:04:21+00:00","breadcrumb":{"@id":"https:\/\/www.spp2130.de\/index.php\/geschaeftsstelle\/#breadcrumb"},"inLanguage":"de-DE","potentialAction":[{"@type":"ReadAction","target":["https:\/\/www.spp2130.de\/index.php\/geschaeftsstelle\/"]}]},{"@type":"BreadcrumbList","@id":"https:\/\/www.spp2130.de\/index.php\/geschaeftsstelle\/#breadcrumb","itemListElement":[{"@type":"ListItem","position":1,"name":"Startseite","item":"https:\/\/www.spp2130.de\/"},{"@type":"ListItem","position":2,"name":"Gesch\u00e4ftsstelle"}]},{"@type":"WebSite","@id":"https:\/\/www.spp2130.de\/#website","url":"https:\/\/www.spp2130.de\/","name":"\u00dcbersetzungskulturen der Fr\u00fchen Neuzeit","description":"DFG - SPP 2130","potentialAction":[{"@type":"SearchAction","target":{"@type":"EntryPoint","urlTemplate":"https:\/\/www.spp2130.de\/?s={search_term_string}"},"query-input":"required name=search_term_string"}],"inLanguage":"de-DE"}]}},"post_mailing_queue_ids":[],"_links":{"self":[{"href":"https:\/\/www.spp2130.de\/index.php\/wp-json\/wp\/v2\/pages\/506"}],"collection":[{"href":"https:\/\/www.spp2130.de\/index.php\/wp-json\/wp\/v2\/pages"}],"about":[{"href":"https:\/\/www.spp2130.de\/index.php\/wp-json\/wp\/v2\/types\/page"}],"author":[{"embeddable":true,"href":"https:\/\/www.spp2130.de\/index.php\/wp-json\/wp\/v2\/users\/1"}],"replies":[{"embeddable":true,"href":"https:\/\/www.spp2130.de\/index.php\/wp-json\/wp\/v2\/comments?post=506"}],"version-history":[{"count":29,"href":"https:\/\/www.spp2130.de\/index.php\/wp-json\/wp\/v2\/pages\/506\/revisions"}],"predecessor-version":[{"id":7478,"href":"https:\/\/www.spp2130.de\/index.php\/wp-json\/wp\/v2\/pages\/506\/revisions\/7478"}],"wp:attachment":[{"href":"https:\/\/www.spp2130.de\/index.php\/wp-json\/wp\/v2\/media?parent=506"}],"curies":[{"name":"wp","href":"https:\/\/api.w.org\/{rel}","templated":true}]}}