{"id":5015,"date":"2022-03-28T14:24:16","date_gmt":"2022-03-28T12:24:16","guid":{"rendered":"https:\/\/www.spp2130.de\/?page_id=5015"},"modified":"2024-04-17T15:47:43","modified_gmt":"2024-04-17T13:47:43","slug":"deutsche-mystik","status":"publish","type":"page","link":"https:\/\/www.spp2130.de\/index.php\/deutsche-mystik\/","title":{"rendered":"Deutsche Mystik"},"content":{"rendered":"<h4><strong>Deutsche Mystik in \u00dcbersetzung <\/strong><\/h4>\n<h4><\/h4>\n<p>&nbsp;<\/p>\n<p>&nbsp;<\/p>\n<h5><strong>Die Erfindung einer europ\u00e4ischen Idee<\/strong><\/h5>\n<p>&nbsp;<\/p>\n<p>&nbsp;<\/p>\n<figure style=\"float: left; padding-right: 10px;\"><img loading=\"lazy\" decoding=\"async\" class=\"alignleft wp-image-5133 size-medium\" src=\"https:\/\/www.spp2130.de\/wp-content\/uploads\/2022\/03\/2.3-German-Mysticism-221x300.jpg\" alt=\"\" width=\"221\" height=\"300\" srcset=\"https:\/\/www.spp2130.de\/wp-content\/uploads\/2022\/03\/2.3-German-Mysticism-221x300.jpg 221w, https:\/\/www.spp2130.de\/wp-content\/uploads\/2022\/03\/2.3-German-Mysticism-754x1024.jpg 754w, https:\/\/www.spp2130.de\/wp-content\/uploads\/2022\/03\/2.3-German-Mysticism-768x1043.jpg 768w, https:\/\/www.spp2130.de\/wp-content\/uploads\/2022\/03\/2.3-German-Mysticism-600x815.jpg 600w, https:\/\/www.spp2130.de\/wp-content\/uploads\/2022\/03\/2.3-German-Mysticism.jpg 975w\" sizes=\"(max-width: 221px) 100vw, 221px\" \/><figcaption style=\"font-size: 8pt;\"><span style=\"font-size: 10pt;\"><span style=\"font-size: 10pt;\"><br \/>\n<\/span><\/span>Dionysius Andreas Freher in<br \/>\n<em>The Works of Jacob Behmen<\/em> (1764-1781), vol. 3.<\/figcaption><\/figure>\n<p><!--\n\n[caption id=\"attachment_5016\" align=\"alignleft\" width=\"221\"]<img loading=\"lazy\" decoding=\"async\" class=\"wp-image-5016 size-medium\" src=\"https:\/\/www.spp2130.de\/wp-content\/uploads\/2022\/02\/2.3-German-Mysticism-221x300.jpg\" alt=\"\" width=\"221\" height=\"300\"> <span style=\"font-size: 8pt;\">Image by Dionysius Andreas Freher in <em>The Works of Jacob Behmen<\/em> (1764-1781), vol. 3. <\/span>[\/caption]\n\n--><\/p>\n<p>Das Projekt zeigt die pr\u00e4gende Rolle des \u00dcbersetzens in der Fr\u00fchen Neuzeit am Beispiel der \u00dcbertragungen von deutscher mystischer Literatur ins Englische. Das England der Fr\u00fchen Neuzeit bot einen au\u00dfergew\u00f6hnlichen N\u00e4hrboden f\u00fcr die Rezeption von Autoren wie Paracelsus (1493\u20131541), Sebastian Franck (1499\u20131542), Valentin Weigel (1533\u20131588) und Jacob B\u00f6hme (1575\u20131624). Getragen von dichten sozialen Netzwerken wurden sie ins Englische \u00fcbersetzt, ver\u00f6ffentlicht und rezipiert. Ideen aus Kontinentaleuropa wurden mit einheimischen Ans\u00e4tzen verbunden, wodurch eine eigene Tradition und eine neue Sprache entstand. Der Erfolg dieser \u00dcbersetzungen brachte sogar eine neue Persona hervor: die eines englischen B\u00f6hme, oder Behmen.<\/p>\n<p>&nbsp;<\/p>\n<p>Das Projekt zielt auf eine umfassende philosophische Neubewertung dieser \u00dcbersetzungen. Es analysiert, wie Ideen durch \u00dcbersetzung adaptiert und neu erfunden wurden. Es hat drei Zielvorgaben: 1) Anhand von Kurzbeschreibungen wird das Korpus der englischen \u00dcbersetzungen pr\u00e4sentiert; 2) die \u00dcbersetzungsstrategien f\u00fcr die \u00dcbertragung mystischer Terminologie und deren Einfluss auf den philosophischen Transfer werden analysiert; 3) Die Beziehung zwischen interlingualem \u00dcbersetzen und visueller Verbildlichung als Mittel f\u00fcr transkulturelle Vermittlung philosophischer Ideen wird am Fall des handschriftlichen Werks von Dionysius Andreas Freher (1649\u20131728) offengelegt. Dies besteht aus deutschen und englischen Traktaten sowie einer gro\u00dfen Anzahl von Bildern, die die deutsche Mystik in England verbreiten und kritisch interpretieren sollten.<\/p>\n<p>&nbsp;<\/p>\n<p>Das Projekt ist am Institut f\u00fcr Philosophie der FU Berlin angesiedelt. Dort wird es von <a href=\"https:\/\/www.spp2130.de\/index.php\/mitarbeiterinnen2\/\">Dr. Antje Wittstock<\/a> bearbeitet und von <a href=\"https:\/\/www.spp2130.de\/index.php\/projektleiterinnen2\/\">Dr. Cecilia Muratori<\/a> (Dipartimento di Studi Umanistici, Universit\u00e0 di Pavia, Italien) und <a href=\"https:\/\/www.spp2130.de\/index.php\/projektleiterinnen2\/\">Prof. Dr. Anne Eusterschulte<\/a> geleitet.<\/p>\n<p>&nbsp;<\/p>\n<h5><strong>Publikationen (projektbezogen):<\/strong><\/h5>\n<ul>\n<li><a href=\"https:\/\/www.spp2130.de\/index.php\/publikationen\/#muratori\">Dr. Cecilia Muratori<\/a><\/li>\n<\/ul>\n<p>&nbsp;<\/p>\n","protected":false},"excerpt":{"rendered":"<p>Deutsche Mystik in \u00dcbersetzung &nbsp; &nbsp; Die Erfindung einer europ\u00e4ischen Idee &nbsp; &nbsp; Dionysius Andreas Freher in The Works of Jacob Behmen (1764-1781), vol. 3. Das Projekt zeigt die pr\u00e4gende Rolle des \u00dcbersetzens in der Fr\u00fchen Neuzeit am Beispiel der \u00dcbertragungen von deutscher mystischer Literatur ins Englische. Das England der Fr\u00fchen Neuzeit bot einen au\u00dfergew\u00f6hnlichen N\u00e4hrboden f\u00fcr die Rezeption von Autoren wie Paracelsus (1493\u20131541), Sebastian Franck (1499\u20131542), Valentin Weigel (1533\u20131588) und Jacob B\u00f6hme (1575\u20131624). Getragen von dichten sozialen Netzwerken wurden sie ins Englische \u00fcbersetzt, ver\u00f6ffentlicht und rezipiert. Ideen aus Kontinentaleuropa wurden mit einheimischen Ans\u00e4tzen verbunden, wodurch eine eigene Tradition und &hellip;<\/p>\n","protected":false},"author":12,"featured_media":0,"parent":0,"menu_order":0,"comment_status":"closed","ping_status":"closed","template":"","meta":{"footnotes":""},"yoast_head":"<!-- This site is optimized with the Yoast SEO plugin v22.5 - https:\/\/yoast.com\/wordpress\/plugins\/seo\/ -->\n<title>Deutsche Mystik - \u00dcbersetzungskulturen der Fr\u00fchen Neuzeit<\/title>\n<meta name=\"robots\" content=\"index, follow, max-snippet:-1, max-image-preview:large, max-video-preview:-1\" \/>\n<link rel=\"canonical\" href=\"https:\/\/www.spp2130.de\/index.php\/deutsche-mystik\/\" \/>\n<meta property=\"og:locale\" content=\"de_DE\" \/>\n<meta property=\"og:type\" content=\"article\" \/>\n<meta property=\"og:title\" content=\"Deutsche Mystik - \u00dcbersetzungskulturen der Fr\u00fchen Neuzeit\" \/>\n<meta property=\"og:description\" content=\"Deutsche Mystik in \u00dcbersetzung &nbsp; &nbsp; Die Erfindung einer europ\u00e4ischen Idee &nbsp; &nbsp; Dionysius Andreas Freher in The Works of Jacob Behmen (1764-1781), vol. 3. Das Projekt zeigt die pr\u00e4gende Rolle des \u00dcbersetzens in der Fr\u00fchen Neuzeit am Beispiel der \u00dcbertragungen von deutscher mystischer Literatur ins Englische. Das England der Fr\u00fchen Neuzeit bot einen au\u00dfergew\u00f6hnlichen N\u00e4hrboden f\u00fcr die Rezeption von Autoren wie Paracelsus (1493\u20131541), Sebastian Franck (1499\u20131542), Valentin Weigel (1533\u20131588) und Jacob B\u00f6hme (1575\u20131624). Getragen von dichten sozialen Netzwerken wurden sie ins Englische \u00fcbersetzt, ver\u00f6ffentlicht und rezipiert. Ideen aus Kontinentaleuropa wurden mit einheimischen Ans\u00e4tzen verbunden, wodurch eine eigene Tradition und &hellip;\" \/>\n<meta property=\"og:url\" content=\"https:\/\/www.spp2130.de\/index.php\/deutsche-mystik\/\" \/>\n<meta property=\"og:site_name\" content=\"\u00dcbersetzungskulturen der Fr\u00fchen Neuzeit\" \/>\n<meta property=\"article:modified_time\" content=\"2024-04-17T13:47:43+00:00\" \/>\n<meta property=\"og:image\" content=\"https:\/\/www.spp2130.de\/wp-content\/uploads\/2022\/03\/2.3-German-Mysticism-221x300.jpg\" \/>\n<meta name=\"twitter:card\" content=\"summary_large_image\" \/>\n<meta name=\"twitter:label1\" content=\"Gesch\u00e4tzte Lesezeit\" \/>\n\t<meta name=\"twitter:data1\" content=\"2 Minuten\" \/>\n<script type=\"application\/ld+json\" class=\"yoast-schema-graph\">{\"@context\":\"https:\/\/schema.org\",\"@graph\":[{\"@type\":\"WebPage\",\"@id\":\"https:\/\/www.spp2130.de\/index.php\/deutsche-mystik\/\",\"url\":\"https:\/\/www.spp2130.de\/index.php\/deutsche-mystik\/\",\"name\":\"Deutsche Mystik - \u00dcbersetzungskulturen der Fr\u00fchen Neuzeit\",\"isPartOf\":{\"@id\":\"https:\/\/www.spp2130.de\/#website\"},\"primaryImageOfPage\":{\"@id\":\"https:\/\/www.spp2130.de\/index.php\/deutsche-mystik\/#primaryimage\"},\"image\":{\"@id\":\"https:\/\/www.spp2130.de\/index.php\/deutsche-mystik\/#primaryimage\"},\"thumbnailUrl\":\"https:\/\/www.spp2130.de\/wp-content\/uploads\/2022\/03\/2.3-German-Mysticism-221x300.jpg\",\"datePublished\":\"2022-03-28T12:24:16+00:00\",\"dateModified\":\"2024-04-17T13:47:43+00:00\",\"breadcrumb\":{\"@id\":\"https:\/\/www.spp2130.de\/index.php\/deutsche-mystik\/#breadcrumb\"},\"inLanguage\":\"de-DE\",\"potentialAction\":[{\"@type\":\"ReadAction\",\"target\":[\"https:\/\/www.spp2130.de\/index.php\/deutsche-mystik\/\"]}]},{\"@type\":\"ImageObject\",\"inLanguage\":\"de-DE\",\"@id\":\"https:\/\/www.spp2130.de\/index.php\/deutsche-mystik\/#primaryimage\",\"url\":\"https:\/\/www.spp2130.de\/wp-content\/uploads\/2022\/03\/2.3-German-Mysticism.jpg\",\"contentUrl\":\"https:\/\/www.spp2130.de\/wp-content\/uploads\/2022\/03\/2.3-German-Mysticism.jpg\",\"width\":975,\"height\":1324},{\"@type\":\"BreadcrumbList\",\"@id\":\"https:\/\/www.spp2130.de\/index.php\/deutsche-mystik\/#breadcrumb\",\"itemListElement\":[{\"@type\":\"ListItem\",\"position\":1,\"name\":\"Startseite\",\"item\":\"https:\/\/www.spp2130.de\/\"},{\"@type\":\"ListItem\",\"position\":2,\"name\":\"Deutsche Mystik\"}]},{\"@type\":\"WebSite\",\"@id\":\"https:\/\/www.spp2130.de\/#website\",\"url\":\"https:\/\/www.spp2130.de\/\",\"name\":\"\u00dcbersetzungskulturen der Fr\u00fchen Neuzeit\",\"description\":\"DFG - SPP 2130\",\"potentialAction\":[{\"@type\":\"SearchAction\",\"target\":{\"@type\":\"EntryPoint\",\"urlTemplate\":\"https:\/\/www.spp2130.de\/?s={search_term_string}\"},\"query-input\":\"required name=search_term_string\"}],\"inLanguage\":\"de-DE\"}]}<\/script>\n<!-- \/ Yoast SEO plugin. -->","yoast_head_json":{"title":"Deutsche Mystik - \u00dcbersetzungskulturen der Fr\u00fchen Neuzeit","robots":{"index":"index","follow":"follow","max-snippet":"max-snippet:-1","max-image-preview":"max-image-preview:large","max-video-preview":"max-video-preview:-1"},"canonical":"https:\/\/www.spp2130.de\/index.php\/deutsche-mystik\/","og_locale":"de_DE","og_type":"article","og_title":"Deutsche Mystik - \u00dcbersetzungskulturen der Fr\u00fchen Neuzeit","og_description":"Deutsche Mystik in \u00dcbersetzung &nbsp; &nbsp; Die Erfindung einer europ\u00e4ischen Idee &nbsp; &nbsp; Dionysius Andreas Freher in The Works of Jacob Behmen (1764-1781), vol. 3. Das Projekt zeigt die pr\u00e4gende Rolle des \u00dcbersetzens in der Fr\u00fchen Neuzeit am Beispiel der \u00dcbertragungen von deutscher mystischer Literatur ins Englische. Das England der Fr\u00fchen Neuzeit bot einen au\u00dfergew\u00f6hnlichen N\u00e4hrboden f\u00fcr die Rezeption von Autoren wie Paracelsus (1493\u20131541), Sebastian Franck (1499\u20131542), Valentin Weigel (1533\u20131588) und Jacob B\u00f6hme (1575\u20131624). Getragen von dichten sozialen Netzwerken wurden sie ins Englische \u00fcbersetzt, ver\u00f6ffentlicht und rezipiert. Ideen aus Kontinentaleuropa wurden mit einheimischen Ans\u00e4tzen verbunden, wodurch eine eigene Tradition und &hellip;","og_url":"https:\/\/www.spp2130.de\/index.php\/deutsche-mystik\/","og_site_name":"\u00dcbersetzungskulturen der Fr\u00fchen Neuzeit","article_modified_time":"2024-04-17T13:47:43+00:00","og_image":[{"url":"https:\/\/www.spp2130.de\/wp-content\/uploads\/2022\/03\/2.3-German-Mysticism-221x300.jpg"}],"twitter_card":"summary_large_image","twitter_misc":{"Gesch\u00e4tzte Lesezeit":"2 Minuten"},"schema":{"@context":"https:\/\/schema.org","@graph":[{"@type":"WebPage","@id":"https:\/\/www.spp2130.de\/index.php\/deutsche-mystik\/","url":"https:\/\/www.spp2130.de\/index.php\/deutsche-mystik\/","name":"Deutsche Mystik - \u00dcbersetzungskulturen der Fr\u00fchen Neuzeit","isPartOf":{"@id":"https:\/\/www.spp2130.de\/#website"},"primaryImageOfPage":{"@id":"https:\/\/www.spp2130.de\/index.php\/deutsche-mystik\/#primaryimage"},"image":{"@id":"https:\/\/www.spp2130.de\/index.php\/deutsche-mystik\/#primaryimage"},"thumbnailUrl":"https:\/\/www.spp2130.de\/wp-content\/uploads\/2022\/03\/2.3-German-Mysticism-221x300.jpg","datePublished":"2022-03-28T12:24:16+00:00","dateModified":"2024-04-17T13:47:43+00:00","breadcrumb":{"@id":"https:\/\/www.spp2130.de\/index.php\/deutsche-mystik\/#breadcrumb"},"inLanguage":"de-DE","potentialAction":[{"@type":"ReadAction","target":["https:\/\/www.spp2130.de\/index.php\/deutsche-mystik\/"]}]},{"@type":"ImageObject","inLanguage":"de-DE","@id":"https:\/\/www.spp2130.de\/index.php\/deutsche-mystik\/#primaryimage","url":"https:\/\/www.spp2130.de\/wp-content\/uploads\/2022\/03\/2.3-German-Mysticism.jpg","contentUrl":"https:\/\/www.spp2130.de\/wp-content\/uploads\/2022\/03\/2.3-German-Mysticism.jpg","width":975,"height":1324},{"@type":"BreadcrumbList","@id":"https:\/\/www.spp2130.de\/index.php\/deutsche-mystik\/#breadcrumb","itemListElement":[{"@type":"ListItem","position":1,"name":"Startseite","item":"https:\/\/www.spp2130.de\/"},{"@type":"ListItem","position":2,"name":"Deutsche Mystik"}]},{"@type":"WebSite","@id":"https:\/\/www.spp2130.de\/#website","url":"https:\/\/www.spp2130.de\/","name":"\u00dcbersetzungskulturen der Fr\u00fchen Neuzeit","description":"DFG - SPP 2130","potentialAction":[{"@type":"SearchAction","target":{"@type":"EntryPoint","urlTemplate":"https:\/\/www.spp2130.de\/?s={search_term_string}"},"query-input":"required name=search_term_string"}],"inLanguage":"de-DE"}]}},"post_mailing_queue_ids":[],"_links":{"self":[{"href":"https:\/\/www.spp2130.de\/index.php\/wp-json\/wp\/v2\/pages\/5015"}],"collection":[{"href":"https:\/\/www.spp2130.de\/index.php\/wp-json\/wp\/v2\/pages"}],"about":[{"href":"https:\/\/www.spp2130.de\/index.php\/wp-json\/wp\/v2\/types\/page"}],"author":[{"embeddable":true,"href":"https:\/\/www.spp2130.de\/index.php\/wp-json\/wp\/v2\/users\/12"}],"replies":[{"embeddable":true,"href":"https:\/\/www.spp2130.de\/index.php\/wp-json\/wp\/v2\/comments?post=5015"}],"version-history":[{"count":43,"href":"https:\/\/www.spp2130.de\/index.php\/wp-json\/wp\/v2\/pages\/5015\/revisions"}],"predecessor-version":[{"id":6893,"href":"https:\/\/www.spp2130.de\/index.php\/wp-json\/wp\/v2\/pages\/5015\/revisions\/6893"}],"wp:attachment":[{"href":"https:\/\/www.spp2130.de\/index.php\/wp-json\/wp\/v2\/media?parent=5015"}],"curies":[{"name":"wp","href":"https:\/\/api.w.org\/{rel}","templated":true}]}}