{"id":4987,"date":"2022-01-27T14:38:23","date_gmt":"2022-01-27T13:38:23","guid":{"rendered":"https:\/\/www.spp2130.de\/?page_id=4987"},"modified":"2022-04-03T16:17:41","modified_gmt":"2022-04-03T14:17:41","slug":"foerderphase-2","status":"publish","type":"page","link":"https:\/\/www.spp2130.de\/index.php\/foerderphase-2\/","title":{"rendered":"F\u00f6rderphase II"},"content":{"rendered":"<p>Die Aufteilung der Einzelprojekte in drei Sektionen bleibt in der zweiten F\u00f6rderphase bestehen:<\/p>\n<p>&nbsp;<\/p>\n<p><a href=\"https:\/\/www.spp2130.de\/index.php\/ii-sektion-1\/\">II Sektion 1: \u201aZeichensysteme und mediale Transformationen\u2018<\/a> (Leitung: Prof. Dr. J\u00f6rg Wesche)<\/p>\n<p><a href=\"https:\/\/www.spp2130.de\/index.php\/ii-sektion-2\/\">II Sektion 2: \u201aAnthropologie und Wissen\u2018<\/a> (Leitung: Prof. Dr. Regina Toepfer)<\/p>\n<p><a href=\"https:\/\/www.spp2130.de\/index.php\/ii-sektion-3\">II Sektion 3: \u201aKulturelle Zugeh\u00f6rigkeit und Gesellschaft\u2018<\/a> (Leitung: Prof. Dr. Peter Burschel)<\/p>\n<p>&nbsp;<\/p>\n<p>W\u00e4hrend im semiotisch und medial ausgerichteten ersten Arbeitsfeld das \u00dcbersetzen selbst im Zentrum steht, fokussiert die zweite Sektion die Bedeutung des \u00dcbersetzens f\u00fcr die Individualit\u00e4tskonzepte, Menschenbilder und Epistemologie der Fr\u00fchen Neuzeit. Der dritte Schwerpunkt stellt in erweiterter Perspektive das Interaktionsfeld zwischen kultureller \u00dcbersetzung und gesellschaftlichem Wandel in den Mittelpunkt.<\/p>\n<p>&nbsp;<\/p>\n<p><img loading=\"lazy\" decoding=\"async\" class=\"alignleft wp-image-5511\" src=\"https:\/\/www.spp2130.de\/wp-content\/uploads\/2022\/04\/Struktur-nur-2.-FF-ohne-Rand-deutsch.jpg\" alt=\"\" width=\"740\" height=\"714\" srcset=\"https:\/\/www.spp2130.de\/wp-content\/uploads\/2022\/04\/Struktur-nur-2.-FF-ohne-Rand-deutsch.jpg 743w, https:\/\/www.spp2130.de\/wp-content\/uploads\/2022\/04\/Struktur-nur-2.-FF-ohne-Rand-deutsch-300x290.jpg 300w, https:\/\/www.spp2130.de\/wp-content\/uploads\/2022\/04\/Struktur-nur-2.-FF-ohne-Rand-deutsch-600x579.jpg 600w\" sizes=\"(max-width: 740px) 100vw, 740px\" \/><\/p>\n","protected":false},"excerpt":{"rendered":"<p>Die Aufteilung der Einzelprojekte in drei Sektionen bleibt in der zweiten F\u00f6rderphase bestehen: &nbsp; II Sektion 1: \u201aZeichensysteme und mediale Transformationen\u2018 (Leitung: Prof. Dr. J\u00f6rg Wesche) II Sektion 2: \u201aAnthropologie und Wissen\u2018 (Leitung: Prof. Dr. Regina Toepfer) II Sektion 3: \u201aKulturelle Zugeh\u00f6rigkeit und Gesellschaft\u2018 (Leitung: Prof. Dr. Peter Burschel) &nbsp; W\u00e4hrend im semiotisch und medial ausgerichteten ersten Arbeitsfeld das \u00dcbersetzen selbst im Zentrum steht, fokussiert die zweite Sektion die Bedeutung des \u00dcbersetzens f\u00fcr die Individualit\u00e4tskonzepte, Menschenbilder und Epistemologie der Fr\u00fchen Neuzeit. Der dritte Schwerpunkt stellt in erweiterter Perspektive das Interaktionsfeld zwischen kultureller \u00dcbersetzung und gesellschaftlichem Wandel in den Mittelpunkt. &nbsp;<\/p>\n","protected":false},"author":5,"featured_media":0,"parent":0,"menu_order":0,"comment_status":"closed","ping_status":"closed","template":"","meta":{"footnotes":""},"yoast_head":"<!-- This site is optimized with the Yoast SEO plugin v22.5 - https:\/\/yoast.com\/wordpress\/plugins\/seo\/ -->\n<title>F\u00f6rderphase II - \u00dcbersetzungskulturen der Fr\u00fchen Neuzeit<\/title>\n<meta name=\"robots\" content=\"index, follow, max-snippet:-1, max-image-preview:large, max-video-preview:-1\" \/>\n<link rel=\"canonical\" href=\"https:\/\/www.spp2130.de\/index.php\/foerderphase-2\/\" \/>\n<meta property=\"og:locale\" content=\"de_DE\" \/>\n<meta property=\"og:type\" content=\"article\" \/>\n<meta property=\"og:title\" content=\"F\u00f6rderphase II - \u00dcbersetzungskulturen der Fr\u00fchen Neuzeit\" \/>\n<meta property=\"og:description\" content=\"Die Aufteilung der Einzelprojekte in drei Sektionen bleibt in der zweiten F\u00f6rderphase bestehen: &nbsp; II Sektion 1: \u201aZeichensysteme und mediale Transformationen\u2018 (Leitung: Prof. Dr. J\u00f6rg Wesche) II Sektion 2: \u201aAnthropologie und Wissen\u2018 (Leitung: Prof. Dr. Regina Toepfer) II Sektion 3: \u201aKulturelle Zugeh\u00f6rigkeit und Gesellschaft\u2018 (Leitung: Prof. Dr. Peter Burschel) &nbsp; W\u00e4hrend im semiotisch und medial ausgerichteten ersten Arbeitsfeld das \u00dcbersetzen selbst im Zentrum steht, fokussiert die zweite Sektion die Bedeutung des \u00dcbersetzens f\u00fcr die Individualit\u00e4tskonzepte, Menschenbilder und Epistemologie der Fr\u00fchen Neuzeit. Der dritte Schwerpunkt stellt in erweiterter Perspektive das Interaktionsfeld zwischen kultureller \u00dcbersetzung und gesellschaftlichem Wandel in den Mittelpunkt. &nbsp;\" \/>\n<meta property=\"og:url\" content=\"https:\/\/www.spp2130.de\/index.php\/foerderphase-2\/\" \/>\n<meta property=\"og:site_name\" content=\"\u00dcbersetzungskulturen der Fr\u00fchen Neuzeit\" \/>\n<meta property=\"article:modified_time\" content=\"2022-04-03T14:17:41+00:00\" \/>\n<meta property=\"og:image\" content=\"https:\/\/www.spp2130.de\/wp-content\/uploads\/2022\/04\/Struktur-nur-2.-FF-ohne-Rand-deutsch.jpg\" \/>\n<meta name=\"twitter:card\" content=\"summary_large_image\" \/>\n<meta name=\"twitter:label1\" content=\"Gesch\u00e4tzte Lesezeit\" \/>\n\t<meta name=\"twitter:data1\" content=\"1 Minute\" \/>\n<script type=\"application\/ld+json\" class=\"yoast-schema-graph\">{\"@context\":\"https:\/\/schema.org\",\"@graph\":[{\"@type\":\"WebPage\",\"@id\":\"https:\/\/www.spp2130.de\/index.php\/foerderphase-2\/\",\"url\":\"https:\/\/www.spp2130.de\/index.php\/foerderphase-2\/\",\"name\":\"F\u00f6rderphase II - \u00dcbersetzungskulturen der Fr\u00fchen Neuzeit\",\"isPartOf\":{\"@id\":\"https:\/\/www.spp2130.de\/#website\"},\"primaryImageOfPage\":{\"@id\":\"https:\/\/www.spp2130.de\/index.php\/foerderphase-2\/#primaryimage\"},\"image\":{\"@id\":\"https:\/\/www.spp2130.de\/index.php\/foerderphase-2\/#primaryimage\"},\"thumbnailUrl\":\"https:\/\/www.spp2130.de\/wp-content\/uploads\/2022\/04\/Struktur-nur-2.-FF-ohne-Rand-deutsch.jpg\",\"datePublished\":\"2022-01-27T13:38:23+00:00\",\"dateModified\":\"2022-04-03T14:17:41+00:00\",\"breadcrumb\":{\"@id\":\"https:\/\/www.spp2130.de\/index.php\/foerderphase-2\/#breadcrumb\"},\"inLanguage\":\"de-DE\",\"potentialAction\":[{\"@type\":\"ReadAction\",\"target\":[\"https:\/\/www.spp2130.de\/index.php\/foerderphase-2\/\"]}]},{\"@type\":\"ImageObject\",\"inLanguage\":\"de-DE\",\"@id\":\"https:\/\/www.spp2130.de\/index.php\/foerderphase-2\/#primaryimage\",\"url\":\"https:\/\/www.spp2130.de\/wp-content\/uploads\/2022\/04\/Struktur-nur-2.-FF-ohne-Rand-deutsch.jpg\",\"contentUrl\":\"https:\/\/www.spp2130.de\/wp-content\/uploads\/2022\/04\/Struktur-nur-2.-FF-ohne-Rand-deutsch.jpg\",\"width\":743,\"height\":717},{\"@type\":\"BreadcrumbList\",\"@id\":\"https:\/\/www.spp2130.de\/index.php\/foerderphase-2\/#breadcrumb\",\"itemListElement\":[{\"@type\":\"ListItem\",\"position\":1,\"name\":\"Startseite\",\"item\":\"https:\/\/www.spp2130.de\/\"},{\"@type\":\"ListItem\",\"position\":2,\"name\":\"F\u00f6rderphase II\"}]},{\"@type\":\"WebSite\",\"@id\":\"https:\/\/www.spp2130.de\/#website\",\"url\":\"https:\/\/www.spp2130.de\/\",\"name\":\"\u00dcbersetzungskulturen der Fr\u00fchen Neuzeit\",\"description\":\"DFG - SPP 2130\",\"potentialAction\":[{\"@type\":\"SearchAction\",\"target\":{\"@type\":\"EntryPoint\",\"urlTemplate\":\"https:\/\/www.spp2130.de\/?s={search_term_string}\"},\"query-input\":\"required name=search_term_string\"}],\"inLanguage\":\"de-DE\"}]}<\/script>\n<!-- \/ Yoast SEO plugin. -->","yoast_head_json":{"title":"F\u00f6rderphase II - \u00dcbersetzungskulturen der Fr\u00fchen Neuzeit","robots":{"index":"index","follow":"follow","max-snippet":"max-snippet:-1","max-image-preview":"max-image-preview:large","max-video-preview":"max-video-preview:-1"},"canonical":"https:\/\/www.spp2130.de\/index.php\/foerderphase-2\/","og_locale":"de_DE","og_type":"article","og_title":"F\u00f6rderphase II - \u00dcbersetzungskulturen der Fr\u00fchen Neuzeit","og_description":"Die Aufteilung der Einzelprojekte in drei Sektionen bleibt in der zweiten F\u00f6rderphase bestehen: &nbsp; II Sektion 1: \u201aZeichensysteme und mediale Transformationen\u2018 (Leitung: Prof. Dr. J\u00f6rg Wesche) II Sektion 2: \u201aAnthropologie und Wissen\u2018 (Leitung: Prof. Dr. Regina Toepfer) II Sektion 3: \u201aKulturelle Zugeh\u00f6rigkeit und Gesellschaft\u2018 (Leitung: Prof. Dr. Peter Burschel) &nbsp; W\u00e4hrend im semiotisch und medial ausgerichteten ersten Arbeitsfeld das \u00dcbersetzen selbst im Zentrum steht, fokussiert die zweite Sektion die Bedeutung des \u00dcbersetzens f\u00fcr die Individualit\u00e4tskonzepte, Menschenbilder und Epistemologie der Fr\u00fchen Neuzeit. Der dritte Schwerpunkt stellt in erweiterter Perspektive das Interaktionsfeld zwischen kultureller \u00dcbersetzung und gesellschaftlichem Wandel in den Mittelpunkt. &nbsp;","og_url":"https:\/\/www.spp2130.de\/index.php\/foerderphase-2\/","og_site_name":"\u00dcbersetzungskulturen der Fr\u00fchen Neuzeit","article_modified_time":"2022-04-03T14:17:41+00:00","og_image":[{"url":"https:\/\/www.spp2130.de\/wp-content\/uploads\/2022\/04\/Struktur-nur-2.-FF-ohne-Rand-deutsch.jpg"}],"twitter_card":"summary_large_image","twitter_misc":{"Gesch\u00e4tzte Lesezeit":"1 Minute"},"schema":{"@context":"https:\/\/schema.org","@graph":[{"@type":"WebPage","@id":"https:\/\/www.spp2130.de\/index.php\/foerderphase-2\/","url":"https:\/\/www.spp2130.de\/index.php\/foerderphase-2\/","name":"F\u00f6rderphase II - \u00dcbersetzungskulturen der Fr\u00fchen Neuzeit","isPartOf":{"@id":"https:\/\/www.spp2130.de\/#website"},"primaryImageOfPage":{"@id":"https:\/\/www.spp2130.de\/index.php\/foerderphase-2\/#primaryimage"},"image":{"@id":"https:\/\/www.spp2130.de\/index.php\/foerderphase-2\/#primaryimage"},"thumbnailUrl":"https:\/\/www.spp2130.de\/wp-content\/uploads\/2022\/04\/Struktur-nur-2.-FF-ohne-Rand-deutsch.jpg","datePublished":"2022-01-27T13:38:23+00:00","dateModified":"2022-04-03T14:17:41+00:00","breadcrumb":{"@id":"https:\/\/www.spp2130.de\/index.php\/foerderphase-2\/#breadcrumb"},"inLanguage":"de-DE","potentialAction":[{"@type":"ReadAction","target":["https:\/\/www.spp2130.de\/index.php\/foerderphase-2\/"]}]},{"@type":"ImageObject","inLanguage":"de-DE","@id":"https:\/\/www.spp2130.de\/index.php\/foerderphase-2\/#primaryimage","url":"https:\/\/www.spp2130.de\/wp-content\/uploads\/2022\/04\/Struktur-nur-2.-FF-ohne-Rand-deutsch.jpg","contentUrl":"https:\/\/www.spp2130.de\/wp-content\/uploads\/2022\/04\/Struktur-nur-2.-FF-ohne-Rand-deutsch.jpg","width":743,"height":717},{"@type":"BreadcrumbList","@id":"https:\/\/www.spp2130.de\/index.php\/foerderphase-2\/#breadcrumb","itemListElement":[{"@type":"ListItem","position":1,"name":"Startseite","item":"https:\/\/www.spp2130.de\/"},{"@type":"ListItem","position":2,"name":"F\u00f6rderphase II"}]},{"@type":"WebSite","@id":"https:\/\/www.spp2130.de\/#website","url":"https:\/\/www.spp2130.de\/","name":"\u00dcbersetzungskulturen der Fr\u00fchen Neuzeit","description":"DFG - SPP 2130","potentialAction":[{"@type":"SearchAction","target":{"@type":"EntryPoint","urlTemplate":"https:\/\/www.spp2130.de\/?s={search_term_string}"},"query-input":"required name=search_term_string"}],"inLanguage":"de-DE"}]}},"post_mailing_queue_ids":[],"_links":{"self":[{"href":"https:\/\/www.spp2130.de\/index.php\/wp-json\/wp\/v2\/pages\/4987"}],"collection":[{"href":"https:\/\/www.spp2130.de\/index.php\/wp-json\/wp\/v2\/pages"}],"about":[{"href":"https:\/\/www.spp2130.de\/index.php\/wp-json\/wp\/v2\/types\/page"}],"author":[{"embeddable":true,"href":"https:\/\/www.spp2130.de\/index.php\/wp-json\/wp\/v2\/users\/5"}],"replies":[{"embeddable":true,"href":"https:\/\/www.spp2130.de\/index.php\/wp-json\/wp\/v2\/comments?post=4987"}],"version-history":[{"count":7,"href":"https:\/\/www.spp2130.de\/index.php\/wp-json\/wp\/v2\/pages\/4987\/revisions"}],"predecessor-version":[{"id":5512,"href":"https:\/\/www.spp2130.de\/index.php\/wp-json\/wp\/v2\/pages\/4987\/revisions\/5512"}],"wp:attachment":[{"href":"https:\/\/www.spp2130.de\/index.php\/wp-json\/wp\/v2\/media?parent=4987"}],"curies":[{"name":"wp","href":"https:\/\/api.w.org\/{rel}","templated":true}]}}