{"id":444,"date":"2019-01-23T18:00:07","date_gmt":"2019-01-23T18:00:07","guid":{"rendered":"https:\/\/www.spp2130.de\/?page_id=444"},"modified":"2021-11-23T15:19:12","modified_gmt":"2021-11-23T14:19:12","slug":"kalender","status":"publish","type":"page","link":"https:\/\/www.spp2130.de\/index.php\/kalender\/","title":{"rendered":"Kalender"},"content":{"rendered":"\n\t\t\t\t<div class=\"event-list\">\n\t\t\t\t<style type=\"text\/css\">\n\t\t\t\t\t.filterbar { display:table; width:100% }\n\t\t\t\t\t.filterbar > div { display:table-cell }\n\t\t\t\t<\/style>\n\t\t\t\t<!--[if lte IE 7]>\n\t\t\t\t<style>.filterbar > div { float:left }<\/style>\n\t\t\t\t<![endif]-->\n\t\t\t\t<div class=\"filterbar subsubsub\">\n\t\t\t\t\t<div style=\"text-align:left\"><ul class=\"hlist\"><li><a href=\"https:\/\/www.spp2130.de\/index.php\/kalender\/?date1=all\">Alle Daten<\/a><\/li><li><strong>Anstehende<\/strong><\/li><li><a href=\"https:\/\/www.spp2130.de\/index.php\/kalender\/?date1=2018\">2018<\/a><\/li><li><a href=\"https:\/\/www.spp2130.de\/index.php\/kalender\/?date1=2019\">2019<\/a><\/li><li><a href=\"https:\/\/www.spp2130.de\/index.php\/kalender\/?date1=2020\">2020<\/a><\/li><li><a href=\"https:\/\/www.spp2130.de\/index.php\/kalender\/?date1=2021\">2021<\/a><\/li><li><a href=\"https:\/\/www.spp2130.de\/index.php\/kalender\/?date1=2022\">2022<\/a><\/li><li><a href=\"https:\/\/www.spp2130.de\/index.php\/kalender\/?date1=2023\">2023<\/a><\/li><li><a href=\"https:\/\/www.spp2130.de\/index.php\/kalender\/?date1=2024\">2024<\/a><\/li><li><a href=\"https:\/\/www.spp2130.de\/index.php\/kalender\/?date1=2025\">2025<\/a><\/li><li><a href=\"https:\/\/www.spp2130.de\/index.php\/kalender\/?date1=2026\">2026<\/a><\/li><\/ul><select class=\"dropdown\" name=\"cat1\" onchange=\"el_redirect(this.name,this.value,1)\">\n\t\t\t\t\t<option selected=\"selected\" value=\"all\">Alle Kategorien<\/option>\n\t\t\t\t\t<option value=\"ankuendigung\">Ank\u00fcndigung<\/option>\n\t\t\t\t\t<option value=\"arbeitsgespraech\">Arbeitsgespr\u00e4ch<\/option>\n\t\t\t\t\t<option value=\"arbeitstreffen\">Arbeitstreffen<\/option>\n\t\t\t\t\t<option value=\"digitale_diskussion\">Digitale Diskussion<\/option>\n\t\t\t\t\t<option value=\"konferenz\">Konferenz<\/option>\n\t\t\t\t\t<option value=\"podiumsdiskussion\">Podiumsdiskussion<\/option>\n\t\t\t\t\t<option value=\"sommerkurs\">Sommerkurs<\/option>\n\t\t\t\t\t<option value=\"vortrag\">Vortrag<\/option>\n\t\t\t\t\t<option value=\"workshop\">Workshop<\/option>\n\t\t\t\t<\/select>\n\t\t\t\t\t<\/div><\/div>\n\t\t\t\t<ul class=\"event-list-view\">\n\t\t\t \t<li class=\"event workshop\">\n\t\t\t\t\t<div class=\"event-date multi-date\"><div class=\"startdate\"><div class=\"event-weekday\">Do<\/div><div class=\"event-day\">17<\/div><div class=\"event-month\">Sep<\/div><div class=\"event-year\">2026<\/div><\/div><div class=\"enddate\"><div class=\"event-weekday\">Fr<\/div><div class=\"event-day\">18<\/div><div class=\"event-month\">Sep<\/div><div class=\"event-year\">2026<\/div><\/div><\/div>\n\t\t\t\t\t<div class=\"event-info multi-day\"><div class=\"event-title\"><h3><a href=\"https:\/\/www.spp2130.de\/index.php\/kalender\/?event_id1=7535\">Indirekte \u00dcbersetzungen und Mehrsprachigkeit in der Fr\u00fchen Neuzeit<\/a><\/h3><\/div><span class=\"event-location\">Duisburg-Essen<\/span><div class=\"event-excerpt\"><p><span data-contrast=\"auto\">Im Rahmen des DFG gef\u00f6rderten Forschungsprojekts \u201aDas Niederl\u00e4ndische als Mittlersprache f\u00fcr \u00dcbersetzungen ins Deutsche im 17. und 18. Jahrhundert\u2018 richtet die Abteilung f\u00fcr Niederlandistik der Universit\u00e4t Duisburg-Essen eine zweit\u00e4gige Workshop-Tagung aus, die sich den komplexen Prozessen und Transferwegen indirekter \u00dcbersetzungen in der Fr\u00fchen Neuzeit widmet. Ziel der Veranstaltung ist es, die wissenschaftliche Vernetzung mit nationalen und internationalen Partnern zu vertiefen und das Projekt in einen breiteren europ\u00e4ischen Forschungskontext einzubetten.<\/span><span data-ccp-props=\"{}\">\u00a0<\/span>\r\n\r\n<a href=\"https:\/\/www.spp2130.de\/index.php\/kalender\/?event_id1=7535\"> [read more&hellip;]<\/a><\/p><\/div><\/div>\n\t\t\t\t<\/li>\n\t\t\t \t<li class=\"event konferenz\">\n\t\t\t\t\t<div class=\"event-date multi-date\"><div class=\"startdate\"><div class=\"event-weekday\">Fr<\/div><div class=\"event-day\">09<\/div><div class=\"event-month\">Okt<\/div><div class=\"event-year\">2026<\/div><\/div><div class=\"enddate\"><div class=\"event-weekday\">Sa<\/div><div class=\"event-day\">10<\/div><div class=\"event-month\">Okt<\/div><div class=\"event-year\">2026<\/div><\/div><\/div>\n\t\t\t\t\t<div class=\"event-info multi-day\"><div class=\"event-title\"><h3><a href=\"https:\/\/www.spp2130.de\/index.php\/kalender\/?event_id1=7445\">Abschlussveranstaltung<\/a><\/h3><\/div><div class=\"event-excerpt\"><\/div><\/div>\n\t\t\t\t<\/li><\/ul>\n\t\t\t\t<\/div>\n","protected":false},"excerpt":{"rendered":"","protected":false},"author":1,"featured_media":0,"parent":0,"menu_order":0,"comment_status":"closed","ping_status":"closed","template":"","meta":{"footnotes":""},"yoast_head":"<!-- This site is optimized with the Yoast SEO plugin v22.5 - https:\/\/yoast.com\/wordpress\/plugins\/seo\/ -->\n<title>Kalender - \u00dcbersetzungskulturen der Fr\u00fchen Neuzeit<\/title>\n<meta name=\"robots\" content=\"index, follow, max-snippet:-1, max-image-preview:large, max-video-preview:-1\" \/>\n<link rel=\"canonical\" href=\"https:\/\/www.spp2130.de\/index.php\/kalender\/\" \/>\n<meta property=\"og:locale\" content=\"de_DE\" \/>\n<meta property=\"og:type\" content=\"article\" \/>\n<meta property=\"og:title\" content=\"Kalender - \u00dcbersetzungskulturen der Fr\u00fchen Neuzeit\" \/>\n<meta property=\"og:url\" content=\"https:\/\/www.spp2130.de\/index.php\/kalender\/\" \/>\n<meta property=\"og:site_name\" content=\"\u00dcbersetzungskulturen der Fr\u00fchen Neuzeit\" \/>\n<meta property=\"article:modified_time\" content=\"2021-11-23T14:19:12+00:00\" \/>\n<meta name=\"twitter:card\" content=\"summary_large_image\" \/>\n<script type=\"application\/ld+json\" class=\"yoast-schema-graph\">{\"@context\":\"https:\/\/schema.org\",\"@graph\":[{\"@type\":\"WebPage\",\"@id\":\"https:\/\/www.spp2130.de\/index.php\/kalender\/\",\"url\":\"https:\/\/www.spp2130.de\/index.php\/kalender\/\",\"name\":\"Kalender - \u00dcbersetzungskulturen der Fr\u00fchen Neuzeit\",\"isPartOf\":{\"@id\":\"https:\/\/www.spp2130.de\/#website\"},\"datePublished\":\"2019-01-23T18:00:07+00:00\",\"dateModified\":\"2021-11-23T14:19:12+00:00\",\"breadcrumb\":{\"@id\":\"https:\/\/www.spp2130.de\/index.php\/kalender\/#breadcrumb\"},\"inLanguage\":\"de-DE\",\"potentialAction\":[{\"@type\":\"ReadAction\",\"target\":[\"https:\/\/www.spp2130.de\/index.php\/kalender\/\"]}]},{\"@type\":\"BreadcrumbList\",\"@id\":\"https:\/\/www.spp2130.de\/index.php\/kalender\/#breadcrumb\",\"itemListElement\":[{\"@type\":\"ListItem\",\"position\":1,\"name\":\"Startseite\",\"item\":\"https:\/\/www.spp2130.de\/\"},{\"@type\":\"ListItem\",\"position\":2,\"name\":\"Kalender\"}]},{\"@type\":\"WebSite\",\"@id\":\"https:\/\/www.spp2130.de\/#website\",\"url\":\"https:\/\/www.spp2130.de\/\",\"name\":\"\u00dcbersetzungskulturen der Fr\u00fchen Neuzeit\",\"description\":\"DFG - SPP 2130\",\"potentialAction\":[{\"@type\":\"SearchAction\",\"target\":{\"@type\":\"EntryPoint\",\"urlTemplate\":\"https:\/\/www.spp2130.de\/?s={search_term_string}\"},\"query-input\":\"required name=search_term_string\"}],\"inLanguage\":\"de-DE\"}]}<\/script>\n<!-- \/ Yoast SEO plugin. -->","yoast_head_json":{"title":"Kalender - \u00dcbersetzungskulturen der Fr\u00fchen Neuzeit","robots":{"index":"index","follow":"follow","max-snippet":"max-snippet:-1","max-image-preview":"max-image-preview:large","max-video-preview":"max-video-preview:-1"},"canonical":"https:\/\/www.spp2130.de\/index.php\/kalender\/","og_locale":"de_DE","og_type":"article","og_title":"Kalender - \u00dcbersetzungskulturen der Fr\u00fchen Neuzeit","og_url":"https:\/\/www.spp2130.de\/index.php\/kalender\/","og_site_name":"\u00dcbersetzungskulturen der Fr\u00fchen Neuzeit","article_modified_time":"2021-11-23T14:19:12+00:00","twitter_card":"summary_large_image","schema":{"@context":"https:\/\/schema.org","@graph":[{"@type":"WebPage","@id":"https:\/\/www.spp2130.de\/index.php\/kalender\/","url":"https:\/\/www.spp2130.de\/index.php\/kalender\/","name":"Kalender - \u00dcbersetzungskulturen der Fr\u00fchen Neuzeit","isPartOf":{"@id":"https:\/\/www.spp2130.de\/#website"},"datePublished":"2019-01-23T18:00:07+00:00","dateModified":"2021-11-23T14:19:12+00:00","breadcrumb":{"@id":"https:\/\/www.spp2130.de\/index.php\/kalender\/#breadcrumb"},"inLanguage":"de-DE","potentialAction":[{"@type":"ReadAction","target":["https:\/\/www.spp2130.de\/index.php\/kalender\/"]}]},{"@type":"BreadcrumbList","@id":"https:\/\/www.spp2130.de\/index.php\/kalender\/#breadcrumb","itemListElement":[{"@type":"ListItem","position":1,"name":"Startseite","item":"https:\/\/www.spp2130.de\/"},{"@type":"ListItem","position":2,"name":"Kalender"}]},{"@type":"WebSite","@id":"https:\/\/www.spp2130.de\/#website","url":"https:\/\/www.spp2130.de\/","name":"\u00dcbersetzungskulturen der Fr\u00fchen Neuzeit","description":"DFG - SPP 2130","potentialAction":[{"@type":"SearchAction","target":{"@type":"EntryPoint","urlTemplate":"https:\/\/www.spp2130.de\/?s={search_term_string}"},"query-input":"required name=search_term_string"}],"inLanguage":"de-DE"}]}},"post_mailing_queue_ids":[],"_links":{"self":[{"href":"https:\/\/www.spp2130.de\/index.php\/wp-json\/wp\/v2\/pages\/444"}],"collection":[{"href":"https:\/\/www.spp2130.de\/index.php\/wp-json\/wp\/v2\/pages"}],"about":[{"href":"https:\/\/www.spp2130.de\/index.php\/wp-json\/wp\/v2\/types\/page"}],"author":[{"embeddable":true,"href":"https:\/\/www.spp2130.de\/index.php\/wp-json\/wp\/v2\/users\/1"}],"replies":[{"embeddable":true,"href":"https:\/\/www.spp2130.de\/index.php\/wp-json\/wp\/v2\/comments?post=444"}],"version-history":[{"count":40,"href":"https:\/\/www.spp2130.de\/index.php\/wp-json\/wp\/v2\/pages\/444\/revisions"}],"predecessor-version":[{"id":7547,"href":"https:\/\/www.spp2130.de\/index.php\/wp-json\/wp\/v2\/pages\/444\/revisions\/7547"}],"wp:attachment":[{"href":"https:\/\/www.spp2130.de\/index.php\/wp-json\/wp\/v2\/media?parent=444"}],"curies":[{"name":"wp","href":"https:\/\/api.w.org\/{rel}","templated":true}]}}