{"id":437,"date":"2019-01-23T17:51:47","date_gmt":"2019-01-23T17:51:47","guid":{"rendered":"https:\/\/www.spp2130.de\/?page_id=437"},"modified":"2026-01-22T15:28:46","modified_gmt":"2026-01-22T14:28:46","slug":"aktuelles","status":"publish","type":"page","link":"https:\/\/www.spp2130.de\/index.php\/aktuelles\/","title":{"rendered":"Aktuelles"},"content":{"rendered":"<p>Aktuell erscheint sukzessive unser zentrales Gemeinschaftsprojekt der zweiten F\u00f6rderphase:<\/p>\n<p>&nbsp;<\/p>\n<h4>Handbuch \u00dcbersetzen in der Fr\u00fchen Neuzeit<\/h4>\n<p>&nbsp;<\/p>\n<p>Das interdisziplin\u00e4re Handbuch widmet sich den Kulturen des \u00dcbersetzens in der Fr\u00fchen Neuzeit, mit Perspektiven aus Germanistik, Geschichte, Islamwissenschaft, Judaistik, Keltologie, Latinistik, Romanistik, Theologie, Translationswissenschaft, Kunst-, Philosophie- und Wissenschaftsgeschichte. Beitr\u00e4ge zu analytischen Zug\u00e4ngen bieten einen \u00dcberblick \u00fcber moderne Methoden der \u00dcbersetzungsforschung, die durch historische Konzepte und Reflexionen des \u00dcbersetzens aus der Zeit von 1450 bis 1800 erg\u00e4nzt werden. Relevante Institutionen des \u00dcbersetzens werden ebenso beleuchtet wie unterschiedliche Translationsr\u00e4ume, sei es in globaler oder in regionaler Hinsicht. Abgerundet wird der Band durch \u00dcberblicksdarstellungen zu den vielf\u00e4ltigen Formen und Praktiken des \u00dcbersetzens in der Fr\u00fchen Neuzeit. Mit \u00fcber 70 Artikeln bietet das Handbuch eine Summe aktueller translationshistorischer Forschung und erschlie\u00dft mit seinem praxeologischen Ansatz die sprachlichen, medialen, anthropologischen und kulturellen Dynamiken des \u00dcbersetzens grundlegend.<\/p>\n<p>&nbsp;<\/p>\n<p>Regina Toepfer, Peter Burschel, Annkathrin Koppers, J\u00f6rg Wesche (Hgg.). 2025. <em>Handbuch \u00dcbersetzen in der Fr\u00fchen Neuzeit<\/em>. Heidelberg, Berlin: J.B. Metzler.<\/p>\n<p><a href=\"https:\/\/doi.org\/10.1007\/978-3-662-68654-6\">https:\/\/doi.org\/10.1007\/978-3-662-68654-6<\/a>.<\/p>\n","protected":false},"excerpt":{"rendered":"<p>Aktuell erscheint sukzessive unser zentrales Gemeinschaftsprojekt der zweiten F\u00f6rderphase: &nbsp; Handbuch \u00dcbersetzen in der Fr\u00fchen Neuzeit &nbsp; Das interdisziplin\u00e4re Handbuch widmet sich den Kulturen des \u00dcbersetzens in der Fr\u00fchen Neuzeit, mit Perspektiven aus Germanistik, Geschichte, Islamwissenschaft, Judaistik, Keltologie, Latinistik, Romanistik, Theologie, Translationswissenschaft, Kunst-, Philosophie- und Wissenschaftsgeschichte. Beitr\u00e4ge zu analytischen Zug\u00e4ngen bieten einen \u00dcberblick \u00fcber moderne Methoden der \u00dcbersetzungsforschung, die durch historische Konzepte und Reflexionen des \u00dcbersetzens aus der Zeit von 1450 bis 1800 erg\u00e4nzt werden. Relevante Institutionen des \u00dcbersetzens werden ebenso beleuchtet wie unterschiedliche Translationsr\u00e4ume, sei es in globaler oder in regionaler Hinsicht. Abgerundet wird der Band durch \u00dcberblicksdarstellungen zu &hellip;<\/p>\n","protected":false},"author":1,"featured_media":0,"parent":0,"menu_order":0,"comment_status":"closed","ping_status":"closed","template":"","meta":{"footnotes":""},"yoast_head":"<!-- This site is optimized with the Yoast SEO plugin v22.5 - https:\/\/yoast.com\/wordpress\/plugins\/seo\/ -->\n<title>Aktuelles - \u00dcbersetzungskulturen der Fr\u00fchen Neuzeit<\/title>\n<meta name=\"description\" content=\"Das\u00a0 SPP \u201a\u00dcbersetzungskulturen der Fr\u00fchen Neuzeit\u2018 schreibt 3 Kurzzeitstellen zur Entwicklung eines eigen\u00adst\u00e4n\u00addigen Drittmittel\u00adprojekts f\u00fcr die zweite F\u00f6rderphase des SPP 2130 aus (30.01.2020) %\" \/>\n<meta name=\"robots\" content=\"index, follow, max-snippet:-1, max-image-preview:large, max-video-preview:-1\" \/>\n<link rel=\"canonical\" href=\"https:\/\/www.spp2130.de\/index.php\/aktuelles\/\" \/>\n<meta property=\"og:locale\" content=\"de_DE\" \/>\n<meta property=\"og:type\" content=\"article\" \/>\n<meta property=\"og:title\" content=\"Aktuelles - \u00dcbersetzungskulturen der Fr\u00fchen Neuzeit\" \/>\n<meta property=\"og:description\" content=\"Das\u00a0 SPP \u201a\u00dcbersetzungskulturen der Fr\u00fchen Neuzeit\u2018 schreibt 3 Kurzzeitstellen zur Entwicklung eines eigen\u00adst\u00e4n\u00addigen Drittmittel\u00adprojekts f\u00fcr die zweite F\u00f6rderphase des SPP 2130 aus (30.01.2020) %\" \/>\n<meta property=\"og:url\" content=\"https:\/\/www.spp2130.de\/index.php\/aktuelles\/\" \/>\n<meta property=\"og:site_name\" content=\"\u00dcbersetzungskulturen der Fr\u00fchen Neuzeit\" \/>\n<meta property=\"article:modified_time\" content=\"2026-01-22T14:28:46+00:00\" \/>\n<meta name=\"twitter:card\" content=\"summary_large_image\" \/>\n<meta name=\"twitter:label1\" content=\"Gesch\u00e4tzte Lesezeit\" \/>\n\t<meta name=\"twitter:data1\" content=\"1 Minute\" \/>\n<script type=\"application\/ld+json\" class=\"yoast-schema-graph\">{\"@context\":\"https:\/\/schema.org\",\"@graph\":[{\"@type\":\"WebPage\",\"@id\":\"https:\/\/www.spp2130.de\/index.php\/aktuelles\/\",\"url\":\"https:\/\/www.spp2130.de\/index.php\/aktuelles\/\",\"name\":\"Aktuelles - \u00dcbersetzungskulturen der Fr\u00fchen Neuzeit\",\"isPartOf\":{\"@id\":\"https:\/\/www.spp2130.de\/#website\"},\"datePublished\":\"2019-01-23T17:51:47+00:00\",\"dateModified\":\"2026-01-22T14:28:46+00:00\",\"description\":\"Das\u00a0 SPP \u201a\u00dcbersetzungskulturen der Fr\u00fchen Neuzeit\u2018 schreibt 3 Kurzzeitstellen zur Entwicklung eines eigen\u00adst\u00e4n\u00addigen Drittmittel\u00adprojekts f\u00fcr die zweite F\u00f6rderphase des SPP 2130 aus (30.01.2020) %\",\"breadcrumb\":{\"@id\":\"https:\/\/www.spp2130.de\/index.php\/aktuelles\/#breadcrumb\"},\"inLanguage\":\"de-DE\",\"potentialAction\":[{\"@type\":\"ReadAction\",\"target\":[\"https:\/\/www.spp2130.de\/index.php\/aktuelles\/\"]}]},{\"@type\":\"BreadcrumbList\",\"@id\":\"https:\/\/www.spp2130.de\/index.php\/aktuelles\/#breadcrumb\",\"itemListElement\":[{\"@type\":\"ListItem\",\"position\":1,\"name\":\"Startseite\",\"item\":\"https:\/\/www.spp2130.de\/\"},{\"@type\":\"ListItem\",\"position\":2,\"name\":\"Aktuelles\"}]},{\"@type\":\"WebSite\",\"@id\":\"https:\/\/www.spp2130.de\/#website\",\"url\":\"https:\/\/www.spp2130.de\/\",\"name\":\"\u00dcbersetzungskulturen der Fr\u00fchen Neuzeit\",\"description\":\"DFG - SPP 2130\",\"potentialAction\":[{\"@type\":\"SearchAction\",\"target\":{\"@type\":\"EntryPoint\",\"urlTemplate\":\"https:\/\/www.spp2130.de\/?s={search_term_string}\"},\"query-input\":\"required name=search_term_string\"}],\"inLanguage\":\"de-DE\"}]}<\/script>\n<!-- \/ Yoast SEO plugin. -->","yoast_head_json":{"title":"Aktuelles - \u00dcbersetzungskulturen der Fr\u00fchen Neuzeit","description":"Das\u00a0 SPP \u201a\u00dcbersetzungskulturen der Fr\u00fchen Neuzeit\u2018 schreibt 3 Kurzzeitstellen zur Entwicklung eines eigen\u00adst\u00e4n\u00addigen Drittmittel\u00adprojekts f\u00fcr die zweite F\u00f6rderphase des SPP 2130 aus (30.01.2020) %","robots":{"index":"index","follow":"follow","max-snippet":"max-snippet:-1","max-image-preview":"max-image-preview:large","max-video-preview":"max-video-preview:-1"},"canonical":"https:\/\/www.spp2130.de\/index.php\/aktuelles\/","og_locale":"de_DE","og_type":"article","og_title":"Aktuelles - \u00dcbersetzungskulturen der Fr\u00fchen Neuzeit","og_description":"Das\u00a0 SPP \u201a\u00dcbersetzungskulturen der Fr\u00fchen Neuzeit\u2018 schreibt 3 Kurzzeitstellen zur Entwicklung eines eigen\u00adst\u00e4n\u00addigen Drittmittel\u00adprojekts f\u00fcr die zweite F\u00f6rderphase des SPP 2130 aus (30.01.2020) %","og_url":"https:\/\/www.spp2130.de\/index.php\/aktuelles\/","og_site_name":"\u00dcbersetzungskulturen der Fr\u00fchen Neuzeit","article_modified_time":"2026-01-22T14:28:46+00:00","twitter_card":"summary_large_image","twitter_misc":{"Gesch\u00e4tzte Lesezeit":"1 Minute"},"schema":{"@context":"https:\/\/schema.org","@graph":[{"@type":"WebPage","@id":"https:\/\/www.spp2130.de\/index.php\/aktuelles\/","url":"https:\/\/www.spp2130.de\/index.php\/aktuelles\/","name":"Aktuelles - \u00dcbersetzungskulturen der Fr\u00fchen Neuzeit","isPartOf":{"@id":"https:\/\/www.spp2130.de\/#website"},"datePublished":"2019-01-23T17:51:47+00:00","dateModified":"2026-01-22T14:28:46+00:00","description":"Das\u00a0 SPP \u201a\u00dcbersetzungskulturen der Fr\u00fchen Neuzeit\u2018 schreibt 3 Kurzzeitstellen zur Entwicklung eines eigen\u00adst\u00e4n\u00addigen Drittmittel\u00adprojekts f\u00fcr die zweite F\u00f6rderphase des SPP 2130 aus (30.01.2020) %","breadcrumb":{"@id":"https:\/\/www.spp2130.de\/index.php\/aktuelles\/#breadcrumb"},"inLanguage":"de-DE","potentialAction":[{"@type":"ReadAction","target":["https:\/\/www.spp2130.de\/index.php\/aktuelles\/"]}]},{"@type":"BreadcrumbList","@id":"https:\/\/www.spp2130.de\/index.php\/aktuelles\/#breadcrumb","itemListElement":[{"@type":"ListItem","position":1,"name":"Startseite","item":"https:\/\/www.spp2130.de\/"},{"@type":"ListItem","position":2,"name":"Aktuelles"}]},{"@type":"WebSite","@id":"https:\/\/www.spp2130.de\/#website","url":"https:\/\/www.spp2130.de\/","name":"\u00dcbersetzungskulturen der Fr\u00fchen Neuzeit","description":"DFG - SPP 2130","potentialAction":[{"@type":"SearchAction","target":{"@type":"EntryPoint","urlTemplate":"https:\/\/www.spp2130.de\/?s={search_term_string}"},"query-input":"required name=search_term_string"}],"inLanguage":"de-DE"}]}},"post_mailing_queue_ids":[],"_links":{"self":[{"href":"https:\/\/www.spp2130.de\/index.php\/wp-json\/wp\/v2\/pages\/437"}],"collection":[{"href":"https:\/\/www.spp2130.de\/index.php\/wp-json\/wp\/v2\/pages"}],"about":[{"href":"https:\/\/www.spp2130.de\/index.php\/wp-json\/wp\/v2\/types\/page"}],"author":[{"embeddable":true,"href":"https:\/\/www.spp2130.de\/index.php\/wp-json\/wp\/v2\/users\/1"}],"replies":[{"embeddable":true,"href":"https:\/\/www.spp2130.de\/index.php\/wp-json\/wp\/v2\/comments?post=437"}],"version-history":[{"count":186,"href":"https:\/\/www.spp2130.de\/index.php\/wp-json\/wp\/v2\/pages\/437\/revisions"}],"predecessor-version":[{"id":7541,"href":"https:\/\/www.spp2130.de\/index.php\/wp-json\/wp\/v2\/pages\/437\/revisions\/7541"}],"wp:attachment":[{"href":"https:\/\/www.spp2130.de\/index.php\/wp-json\/wp\/v2\/media?parent=437"}],"curies":[{"name":"wp","href":"https:\/\/api.w.org\/{rel}","templated":true}]}}