{"id":434,"date":"2019-01-23T17:50:56","date_gmt":"2019-01-23T17:50:56","guid":{"rendered":"https:\/\/www.spp2130.de\/?page_id=434"},"modified":"2022-09-13T00:02:13","modified_gmt":"2022-09-12T22:02:13","slug":"uebersicht-projekte","status":"publish","type":"page","link":"https:\/\/www.spp2130.de\/index.php\/uebersicht-projekte\/","title":{"rendered":"\u00dcbersicht"},"content":{"rendered":"<h4>\u00dcbersicht<\/h4>\n<p>&nbsp;<\/p>\n<p>In der ersten F\u00f6rderphase waren 17 und in der zweiten F\u00f6rderphase sind 13 Einzelprojekte aus ganz Deutschland beteiligt. Dabei sind und waren die Disziplinen Keltologie, Geschichte, Alt- und Neugermanistik, Romanistik, Judaistik, Religions-, Kunst- und Philosophiegeschichte, Latinistik, Anglistik sowie Wissenschaftsgeschichte vertreten.<\/p>\n<p>&nbsp;<\/p>\n\r\n            \r\n            \r\n            \r\n            <a name='map5'><\/a>\r\n            \r\n            \r\n            \r\n            \r\n            <div class=\"wpgmza_map \"  id=\"wpgmza_map_5\" style=\"display:block; overflow:auto; width:100%; height:600px; float:left;\" data-settings='{\"id\":\"5\",\"map_title\":\"Projekt\\u00fcbersicht (Deutsch) neu\",\"map_width\":\"100\",\"map_height\":\"600\",\"map_start_lat\":\"50.8076116\",\"map_start_lng\":\"8.7807992\",\"map_start_location\":\"51.34041465317421,10.53172998396302\",\"map_start_zoom\":\"6\",\"default_marker\":\"https:\\\/\\\/www.spp2130.de\\\/wp-content\\\/uploads\\\/2019\\\/02\\\/5c6ab8c9d03c47.05444697-1.png\",\"type\":\"1\",\"alignment\":\"1\",\"directions_enabled\":\"0\",\"styling_enabled\":\"0\",\"styling_json\":\"\",\"active\":\"0\",\"kml\":\"\",\"bicycle\":\"0\",\"traffic\":\"0\",\"dbox\":\"1\",\"dbox_width\":\"100\",\"listmarkers\":\"0\",\"listmarkers_advanced\":\"0\",\"filterbycat\":\"0\",\"ugm_enabled\":\"0\",\"ugm_category_enabled\":\"0\",\"fusion\":\"\",\"map_width_type\":\"%\",\"map_height_type\":\"px\",\"mass_marker_support\":\"0\",\"ugm_access\":\"0\",\"order_markers_by\":\"1\",\"order_markers_choice\":\"1\",\"show_user_location\":\"1\",\"default_to\":\"\",\"other_settings\":{\"store_locator_style\":\"legacy\",\"wpgmza_store_locator_radius_style\":\"legacy\",\"directions_box_style\":\"modern\",\"map_max_zoom\":\"3\",\"map_min_zoom\":\"21\",\"sl_stroke_color\":\"#000000\",\"sl_stroke_opacity\":\"\",\"sl_fill_color\":\"#000000\",\"sl_fill_opacity\":\"\",\"automatically_pan_to_users_location\":true,\"click_open_link\":true,\"hide_point_of_interest\":false,\"wpgmza_auto_night\":0,\"transport_layer\":false,\"iw_primary_color\":\"#000000\",\"iw_accent_color\":\"#000000\",\"iw_text_color\":\"#000000\",\"wpgmza_iw_type\":\"0\",\"list_markers_by\":\"1\",\"push_in_map\":\"\",\"push_in_map_placement\":\"9\",\"wpgmza_push_in_map_width\":\"\",\"wpgmza_push_in_map_height\":\"\",\"upload_default_ul_marker\":\"\",\"upload_default_sl_marker\":\"\",\"shortcodeAttributes\":{\"id\":\"5\"},\"action\":\"wpgmza_save_map\",\"redirect_to\":\"\\\/wp-admin\\\/admin-post.php\",\"map_id\":\"5\",\"http_referer\":\"\\\/wp-admin\\\/admin.php?page=wp-google-maps-menu&amp;amp;action=edit&amp;amp;map_id=2\",\"wpgmza_id\":\"2\",\"wpgmza_start_location\":\"50.8076116,8.7807992\",\"wpgmza_start_zoom\":\"6\",\"wpgmza_dbox_width_type\":\"%\",\"default_from\":\"\",\"directions_behaviour\":\"default\",\"force_google_directions_app\":false,\"directions_route_origin_icon\":\"https:\\\/\\\/www.spp2130.de\\\/wp-content\\\/plugins\\\/wp-google-maps\\\/images\\\/spotlight-poi2.png\",\"directions_origin_retina\":false,\"directions_route_destination_icon\":\"https:\\\/\\\/www.spp2130.de\\\/wp-content\\\/plugins\\\/wp-google-maps\\\/images\\\/spotlight-poi2.png\",\"directions_destination_retina\":false,\"directions_route_stroke_color\":\"#4f8df5\",\"directions_route_stroke_weight\":\"4\",\"directions_route_stroke_opacity\":\"0.8\",\"directions_fit_bounds_to_route\":false,\"store_locator_enabled\":false,\"store_locator_search_area\":\"radial\",\"wpgmza_store_locator_default_radius\":\"10\",\"store_locator_auto_area_max_zoom\":\"\",\"wpgmza_store_locator_restrict\":\"\",\"store_locator_distance\":false,\"wpgmza_store_locator_position\":false,\"store_locator_show_distance\":false,\"store_locator_category\":false,\"wpgmza_store_locator_use_their_location\":false,\"wpgmza_store_locator_bounce\":false,\"upload_default_sl_marker_retina\":false,\"wpgmza_sl_animation\":\"0\",\"wpgmza_store_locator_hide_before_search\":false,\"store_locator_query_string\":\"\",\"store_locator_default_address\":\"\",\"store_locator_name_search\":false,\"store_locator_name_string\":\"\",\"store_locator_not_found_message\":\"\",\"retina\":false,\"wpgmza_map_align\":\"1\",\"upload_default_ul_marker_retina\":false,\"jump_to_nearest_marker_on_initialization\":false,\"override_users_location_zoom_level\":false,\"override_users_location_zoom_levels\":\"\",\"show_distance_from_location\":false,\"fit_maps_bounds_to_markers\":false,\"fit_maps_bounds_to_markers_after_filtering\":false,\"wpgmza_zoom_on_marker_click\":false,\"wpgmza_zoom_on_marker_click_slider\":\"\",\"close_infowindow_on_map_click\":false,\"disable_lightbox_images\":false,\"use_Raw_Jpeg_Coordinates\":false,\"disable_polygon_info_windows\":false,\"enable_advanced_custom_fields_integration\":false,\"enable_toolset_woocommerce_integration\":false,\"only_load_markers_within_viewport\":false,\"wpgmza_listmarkers_by\":\"1\",\"wpgmza_marker_listing_position\":false,\"zoom_level_on_marker_listing_override\":false,\"zoom_level_on_marker_listing_click\":\"\",\"datatable_no_result_message\":\"\",\"remove_search_box_datables\":false,\"dataTable_pagination_style\":\"default\",\"datatable_search_string\":\"\",\"datatable_result_start\":\"\",\"datatable_result_of\":\"\",\"datatable_result_to\":\"\",\"datatable_result_total\":\"\",\"datatable_result_show\":\"\",\"datatable_result_entries\":\"\",\"wpgmza_savemap\":\"Karte speichern \\u00bb\"}}' data-map-id='5' data-shortcode-attributes='{\"id\":\"5\"}'> <\/div>\r\n            \r\n            <div data-wpgmza-table data-wpgmza-php-class=\"WPGMZA\\MarkerListing\\BasicTable\" data-wpgmza-rest-api-route=\"\/marker-listing\/\" data-wpgmza-marker-listing=\"true\" class=\"wpgmza_marker_list_class\" style=\"width:100%;\" data-wpgmza-ajax-parameters='{\"map_id\":\"5\"}' id=\"wpgmza_marker_list_5\"><\/div>   \r\n        \n<p>&nbsp;<\/p>\n","protected":false},"excerpt":{"rendered":"<p>\u00dcbersicht &nbsp; In der ersten F\u00f6rderphase waren 17 und in der zweiten F\u00f6rderphase sind 13 Einzelprojekte aus ganz Deutschland beteiligt. Dabei sind und waren die Disziplinen Keltologie, Geschichte, Alt- und Neugermanistik, Romanistik, Judaistik, Religions-, Kunst- und Philosophiegeschichte, Latinistik, Anglistik sowie Wissenschaftsgeschichte vertreten. &nbsp; &nbsp;<\/p>\n","protected":false},"author":1,"featured_media":0,"parent":0,"menu_order":0,"comment_status":"closed","ping_status":"closed","template":"","meta":{"footnotes":""},"yoast_head":"<!-- This site is optimized with the Yoast SEO plugin v22.5 - https:\/\/yoast.com\/wordpress\/plugins\/seo\/ -->\n<title>\u00dcbersicht - \u00dcbersetzungskulturen der Fr\u00fchen Neuzeit<\/title>\n<meta name=\"robots\" content=\"index, follow, max-snippet:-1, max-image-preview:large, max-video-preview:-1\" \/>\n<link rel=\"canonical\" href=\"https:\/\/www.spp2130.de\/index.php\/uebersicht-projekte\/\" \/>\n<meta property=\"og:locale\" content=\"de_DE\" \/>\n<meta property=\"og:type\" content=\"article\" \/>\n<meta property=\"og:title\" content=\"\u00dcbersicht - \u00dcbersetzungskulturen der Fr\u00fchen Neuzeit\" \/>\n<meta property=\"og:description\" content=\"\u00dcbersicht &nbsp; In der ersten F\u00f6rderphase waren 17 und in der zweiten F\u00f6rderphase sind 13 Einzelprojekte aus ganz Deutschland beteiligt. Dabei sind und waren die Disziplinen Keltologie, Geschichte, Alt- und Neugermanistik, Romanistik, Judaistik, Religions-, Kunst- und Philosophiegeschichte, Latinistik, Anglistik sowie Wissenschaftsgeschichte vertreten. &nbsp; &nbsp;\" \/>\n<meta property=\"og:url\" content=\"https:\/\/www.spp2130.de\/index.php\/uebersicht-projekte\/\" \/>\n<meta property=\"og:site_name\" content=\"\u00dcbersetzungskulturen der Fr\u00fchen Neuzeit\" \/>\n<meta property=\"article:modified_time\" content=\"2022-09-12T22:02:13+00:00\" \/>\n<meta name=\"twitter:card\" content=\"summary_large_image\" \/>\n<script type=\"application\/ld+json\" class=\"yoast-schema-graph\">{\"@context\":\"https:\/\/schema.org\",\"@graph\":[{\"@type\":\"WebPage\",\"@id\":\"https:\/\/www.spp2130.de\/index.php\/uebersicht-projekte\/\",\"url\":\"https:\/\/www.spp2130.de\/index.php\/uebersicht-projekte\/\",\"name\":\"\u00dcbersicht - \u00dcbersetzungskulturen der Fr\u00fchen Neuzeit\",\"isPartOf\":{\"@id\":\"https:\/\/www.spp2130.de\/#website\"},\"datePublished\":\"2019-01-23T17:50:56+00:00\",\"dateModified\":\"2022-09-12T22:02:13+00:00\",\"breadcrumb\":{\"@id\":\"https:\/\/www.spp2130.de\/index.php\/uebersicht-projekte\/#breadcrumb\"},\"inLanguage\":\"de-DE\",\"potentialAction\":[{\"@type\":\"ReadAction\",\"target\":[\"https:\/\/www.spp2130.de\/index.php\/uebersicht-projekte\/\"]}]},{\"@type\":\"BreadcrumbList\",\"@id\":\"https:\/\/www.spp2130.de\/index.php\/uebersicht-projekte\/#breadcrumb\",\"itemListElement\":[{\"@type\":\"ListItem\",\"position\":1,\"name\":\"Startseite\",\"item\":\"https:\/\/www.spp2130.de\/\"},{\"@type\":\"ListItem\",\"position\":2,\"name\":\"\u00dcbersicht\"}]},{\"@type\":\"WebSite\",\"@id\":\"https:\/\/www.spp2130.de\/#website\",\"url\":\"https:\/\/www.spp2130.de\/\",\"name\":\"\u00dcbersetzungskulturen der Fr\u00fchen Neuzeit\",\"description\":\"DFG - SPP 2130\",\"potentialAction\":[{\"@type\":\"SearchAction\",\"target\":{\"@type\":\"EntryPoint\",\"urlTemplate\":\"https:\/\/www.spp2130.de\/?s={search_term_string}\"},\"query-input\":\"required name=search_term_string\"}],\"inLanguage\":\"de-DE\"}]}<\/script>\n<!-- \/ Yoast SEO plugin. -->","yoast_head_json":{"title":"\u00dcbersicht - \u00dcbersetzungskulturen der Fr\u00fchen Neuzeit","robots":{"index":"index","follow":"follow","max-snippet":"max-snippet:-1","max-image-preview":"max-image-preview:large","max-video-preview":"max-video-preview:-1"},"canonical":"https:\/\/www.spp2130.de\/index.php\/uebersicht-projekte\/","og_locale":"de_DE","og_type":"article","og_title":"\u00dcbersicht - \u00dcbersetzungskulturen der Fr\u00fchen Neuzeit","og_description":"\u00dcbersicht &nbsp; In der ersten F\u00f6rderphase waren 17 und in der zweiten F\u00f6rderphase sind 13 Einzelprojekte aus ganz Deutschland beteiligt. Dabei sind und waren die Disziplinen Keltologie, Geschichte, Alt- und Neugermanistik, Romanistik, Judaistik, Religions-, Kunst- und Philosophiegeschichte, Latinistik, Anglistik sowie Wissenschaftsgeschichte vertreten. &nbsp; &nbsp;","og_url":"https:\/\/www.spp2130.de\/index.php\/uebersicht-projekte\/","og_site_name":"\u00dcbersetzungskulturen der Fr\u00fchen Neuzeit","article_modified_time":"2022-09-12T22:02:13+00:00","twitter_card":"summary_large_image","schema":{"@context":"https:\/\/schema.org","@graph":[{"@type":"WebPage","@id":"https:\/\/www.spp2130.de\/index.php\/uebersicht-projekte\/","url":"https:\/\/www.spp2130.de\/index.php\/uebersicht-projekte\/","name":"\u00dcbersicht - \u00dcbersetzungskulturen der Fr\u00fchen Neuzeit","isPartOf":{"@id":"https:\/\/www.spp2130.de\/#website"},"datePublished":"2019-01-23T17:50:56+00:00","dateModified":"2022-09-12T22:02:13+00:00","breadcrumb":{"@id":"https:\/\/www.spp2130.de\/index.php\/uebersicht-projekte\/#breadcrumb"},"inLanguage":"de-DE","potentialAction":[{"@type":"ReadAction","target":["https:\/\/www.spp2130.de\/index.php\/uebersicht-projekte\/"]}]},{"@type":"BreadcrumbList","@id":"https:\/\/www.spp2130.de\/index.php\/uebersicht-projekte\/#breadcrumb","itemListElement":[{"@type":"ListItem","position":1,"name":"Startseite","item":"https:\/\/www.spp2130.de\/"},{"@type":"ListItem","position":2,"name":"\u00dcbersicht"}]},{"@type":"WebSite","@id":"https:\/\/www.spp2130.de\/#website","url":"https:\/\/www.spp2130.de\/","name":"\u00dcbersetzungskulturen der Fr\u00fchen Neuzeit","description":"DFG - SPP 2130","potentialAction":[{"@type":"SearchAction","target":{"@type":"EntryPoint","urlTemplate":"https:\/\/www.spp2130.de\/?s={search_term_string}"},"query-input":"required name=search_term_string"}],"inLanguage":"de-DE"}]}},"post_mailing_queue_ids":[],"_links":{"self":[{"href":"https:\/\/www.spp2130.de\/index.php\/wp-json\/wp\/v2\/pages\/434"}],"collection":[{"href":"https:\/\/www.spp2130.de\/index.php\/wp-json\/wp\/v2\/pages"}],"about":[{"href":"https:\/\/www.spp2130.de\/index.php\/wp-json\/wp\/v2\/types\/page"}],"author":[{"embeddable":true,"href":"https:\/\/www.spp2130.de\/index.php\/wp-json\/wp\/v2\/users\/1"}],"replies":[{"embeddable":true,"href":"https:\/\/www.spp2130.de\/index.php\/wp-json\/wp\/v2\/comments?post=434"}],"version-history":[{"count":12,"href":"https:\/\/www.spp2130.de\/index.php\/wp-json\/wp\/v2\/pages\/434\/revisions"}],"predecessor-version":[{"id":5956,"href":"https:\/\/www.spp2130.de\/index.php\/wp-json\/wp\/v2\/pages\/434\/revisions\/5956"}],"wp:attachment":[{"href":"https:\/\/www.spp2130.de\/index.php\/wp-json\/wp\/v2\/media?parent=434"}],"curies":[{"name":"wp","href":"https:\/\/api.w.org\/{rel}","templated":true}]}}