{"id":405,"date":"2019-01-23T17:46:23","date_gmt":"2019-01-23T17:46:23","guid":{"rendered":"https:\/\/www.spp2130.de\/?page_id=405"},"modified":"2022-03-28T15:33:49","modified_gmt":"2022-03-28T13:33:49","slug":"sektionen","status":"publish","type":"page","link":"https:\/\/www.spp2130.de\/index.php\/sektionen\/","title":{"rendered":"F\u00f6rderphase I &#8211; Sektionen"},"content":{"rendered":"<p><!--more--><\/p>\n<p><!--more--><\/p>\n<h4>&nbsp;<\/h4>\n<p>&nbsp;<\/p>\n<p>Die Einzelprojekte verteilen sich auf die drei Sektionen:<\/p>\n<p>&nbsp;<\/p>\n<p><a href=\"https:\/\/www.spp2130.de\/index.php\/sektion-1\/\">Sektion 1: \u201aZeichensysteme und mediale Transformationen\u2018<\/a> (Leitung: Prof. Dr. J\u00f6rg Wesche)<\/p>\n<p><a href=\"https:\/\/www.spp2130.de\/index.php\/sektion-2\/\">Sektion 2: \u201aAnthropologie und Wissen\u2018<\/a> (Leitung: Prof. Dr. Regina Toepfer)<\/p>\n<p><a href=\"https:\/\/www.spp2130.de\/index.php\/sektion-3\/\">Sektion 3: \u201aKulturelle Zugeh\u00f6rigkeit und Gesellschaft\u2018<\/a> (Leitung: Prof. Dr. Peter Burschel)<\/p>\n<p>&nbsp;<\/p>\n<p>W\u00e4hrend im semiotisch und medial ausgerichteten ersten Arbeitsfeld das \u00dcbersetzen selbst im Zentrum steht, fokussiert die zweite Sektion die Bedeutung des \u00dcbersetzens f\u00fcr die Individualit\u00e4tskonzepte, Menschenbilder und Epistemologie der Fr\u00fchen Neuzeit. Der dritte Schwerpunkt stellt in erweiterter Perspektive das Interaktionsfeld zwischen kultureller \u00dcbersetzung und gesellschaftlichem Wandel in den Mittelpunkt.<\/p>\n<p>&nbsp;<\/p>\n<p>&nbsp;<\/p>\n<p><img loading=\"lazy\" decoding=\"async\" class=\"alignnone wp-image-2799\" src=\"https:\/\/www.spp2130.de\/wp-content\/uploads\/2019\/05\/Schema-Sektionen-dt-300x227.jpg\" alt=\"\" width=\"720\" height=\"544\" srcset=\"https:\/\/www.spp2130.de\/wp-content\/uploads\/2019\/05\/Schema-Sektionen-dt-300x227.jpg 300w, https:\/\/www.spp2130.de\/wp-content\/uploads\/2019\/05\/Schema-Sektionen-dt-768x580.jpg 768w, https:\/\/www.spp2130.de\/wp-content\/uploads\/2019\/05\/Schema-Sektionen-dt-600x453.jpg 600w, https:\/\/www.spp2130.de\/wp-content\/uploads\/2019\/05\/Schema-Sektionen-dt.jpg 980w\" sizes=\"(max-width: 720px) 100vw, 720px\" \/><\/p>\n","protected":false},"excerpt":{"rendered":"","protected":false},"author":1,"featured_media":0,"parent":0,"menu_order":0,"comment_status":"closed","ping_status":"closed","template":"","meta":{"footnotes":""},"yoast_head":"<!-- This site is optimized with the Yoast SEO plugin v22.5 - https:\/\/yoast.com\/wordpress\/plugins\/seo\/ -->\n<title>F\u00f6rderphase I - Sektionen - \u00dcbersetzungskulturen der Fr\u00fchen Neuzeit<\/title>\n<meta name=\"robots\" content=\"index, follow, max-snippet:-1, max-image-preview:large, max-video-preview:-1\" \/>\n<link rel=\"canonical\" href=\"https:\/\/www.spp2130.de\/index.php\/sektionen\/\" \/>\n<meta property=\"og:locale\" content=\"de_DE\" \/>\n<meta property=\"og:type\" content=\"article\" \/>\n<meta property=\"og:title\" content=\"F\u00f6rderphase I - Sektionen - \u00dcbersetzungskulturen der Fr\u00fchen Neuzeit\" \/>\n<meta property=\"og:url\" content=\"https:\/\/www.spp2130.de\/index.php\/sektionen\/\" \/>\n<meta property=\"og:site_name\" content=\"\u00dcbersetzungskulturen der Fr\u00fchen Neuzeit\" \/>\n<meta property=\"article:modified_time\" content=\"2022-03-28T13:33:49+00:00\" \/>\n<meta property=\"og:image\" content=\"https:\/\/www.spp2130.de\/wp-content\/uploads\/2019\/05\/Schema-Sektionen-dt-300x227.jpg\" \/>\n<meta name=\"twitter:card\" content=\"summary_large_image\" \/>\n<script type=\"application\/ld+json\" class=\"yoast-schema-graph\">{\"@context\":\"https:\/\/schema.org\",\"@graph\":[{\"@type\":\"WebPage\",\"@id\":\"https:\/\/www.spp2130.de\/index.php\/sektionen\/\",\"url\":\"https:\/\/www.spp2130.de\/index.php\/sektionen\/\",\"name\":\"F\u00f6rderphase I - Sektionen - \u00dcbersetzungskulturen der Fr\u00fchen Neuzeit\",\"isPartOf\":{\"@id\":\"https:\/\/www.spp2130.de\/#website\"},\"primaryImageOfPage\":{\"@id\":\"https:\/\/www.spp2130.de\/index.php\/sektionen\/#primaryimage\"},\"image\":{\"@id\":\"https:\/\/www.spp2130.de\/index.php\/sektionen\/#primaryimage\"},\"thumbnailUrl\":\"https:\/\/www.spp2130.de\/wp-content\/uploads\/2019\/05\/Schema-Sektionen-dt-300x227.jpg\",\"datePublished\":\"2019-01-23T17:46:23+00:00\",\"dateModified\":\"2022-03-28T13:33:49+00:00\",\"breadcrumb\":{\"@id\":\"https:\/\/www.spp2130.de\/index.php\/sektionen\/#breadcrumb\"},\"inLanguage\":\"de-DE\",\"potentialAction\":[{\"@type\":\"ReadAction\",\"target\":[\"https:\/\/www.spp2130.de\/index.php\/sektionen\/\"]}]},{\"@type\":\"ImageObject\",\"inLanguage\":\"de-DE\",\"@id\":\"https:\/\/www.spp2130.de\/index.php\/sektionen\/#primaryimage\",\"url\":\"https:\/\/www.spp2130.de\/wp-content\/uploads\/2019\/05\/Schema-Sektionen-dt.jpg\",\"contentUrl\":\"https:\/\/www.spp2130.de\/wp-content\/uploads\/2019\/05\/Schema-Sektionen-dt.jpg\",\"width\":980,\"height\":740},{\"@type\":\"BreadcrumbList\",\"@id\":\"https:\/\/www.spp2130.de\/index.php\/sektionen\/#breadcrumb\",\"itemListElement\":[{\"@type\":\"ListItem\",\"position\":1,\"name\":\"Startseite\",\"item\":\"https:\/\/www.spp2130.de\/\"},{\"@type\":\"ListItem\",\"position\":2,\"name\":\"F\u00f6rderphase I &#8211; Sektionen\"}]},{\"@type\":\"WebSite\",\"@id\":\"https:\/\/www.spp2130.de\/#website\",\"url\":\"https:\/\/www.spp2130.de\/\",\"name\":\"\u00dcbersetzungskulturen der Fr\u00fchen Neuzeit\",\"description\":\"DFG - SPP 2130\",\"potentialAction\":[{\"@type\":\"SearchAction\",\"target\":{\"@type\":\"EntryPoint\",\"urlTemplate\":\"https:\/\/www.spp2130.de\/?s={search_term_string}\"},\"query-input\":\"required name=search_term_string\"}],\"inLanguage\":\"de-DE\"}]}<\/script>\n<!-- \/ Yoast SEO plugin. -->","yoast_head_json":{"title":"F\u00f6rderphase I - Sektionen - \u00dcbersetzungskulturen der Fr\u00fchen Neuzeit","robots":{"index":"index","follow":"follow","max-snippet":"max-snippet:-1","max-image-preview":"max-image-preview:large","max-video-preview":"max-video-preview:-1"},"canonical":"https:\/\/www.spp2130.de\/index.php\/sektionen\/","og_locale":"de_DE","og_type":"article","og_title":"F\u00f6rderphase I - Sektionen - \u00dcbersetzungskulturen der Fr\u00fchen Neuzeit","og_url":"https:\/\/www.spp2130.de\/index.php\/sektionen\/","og_site_name":"\u00dcbersetzungskulturen der Fr\u00fchen Neuzeit","article_modified_time":"2022-03-28T13:33:49+00:00","og_image":[{"url":"https:\/\/www.spp2130.de\/wp-content\/uploads\/2019\/05\/Schema-Sektionen-dt-300x227.jpg"}],"twitter_card":"summary_large_image","schema":{"@context":"https:\/\/schema.org","@graph":[{"@type":"WebPage","@id":"https:\/\/www.spp2130.de\/index.php\/sektionen\/","url":"https:\/\/www.spp2130.de\/index.php\/sektionen\/","name":"F\u00f6rderphase I - Sektionen - \u00dcbersetzungskulturen der Fr\u00fchen Neuzeit","isPartOf":{"@id":"https:\/\/www.spp2130.de\/#website"},"primaryImageOfPage":{"@id":"https:\/\/www.spp2130.de\/index.php\/sektionen\/#primaryimage"},"image":{"@id":"https:\/\/www.spp2130.de\/index.php\/sektionen\/#primaryimage"},"thumbnailUrl":"https:\/\/www.spp2130.de\/wp-content\/uploads\/2019\/05\/Schema-Sektionen-dt-300x227.jpg","datePublished":"2019-01-23T17:46:23+00:00","dateModified":"2022-03-28T13:33:49+00:00","breadcrumb":{"@id":"https:\/\/www.spp2130.de\/index.php\/sektionen\/#breadcrumb"},"inLanguage":"de-DE","potentialAction":[{"@type":"ReadAction","target":["https:\/\/www.spp2130.de\/index.php\/sektionen\/"]}]},{"@type":"ImageObject","inLanguage":"de-DE","@id":"https:\/\/www.spp2130.de\/index.php\/sektionen\/#primaryimage","url":"https:\/\/www.spp2130.de\/wp-content\/uploads\/2019\/05\/Schema-Sektionen-dt.jpg","contentUrl":"https:\/\/www.spp2130.de\/wp-content\/uploads\/2019\/05\/Schema-Sektionen-dt.jpg","width":980,"height":740},{"@type":"BreadcrumbList","@id":"https:\/\/www.spp2130.de\/index.php\/sektionen\/#breadcrumb","itemListElement":[{"@type":"ListItem","position":1,"name":"Startseite","item":"https:\/\/www.spp2130.de\/"},{"@type":"ListItem","position":2,"name":"F\u00f6rderphase I &#8211; Sektionen"}]},{"@type":"WebSite","@id":"https:\/\/www.spp2130.de\/#website","url":"https:\/\/www.spp2130.de\/","name":"\u00dcbersetzungskulturen der Fr\u00fchen Neuzeit","description":"DFG - SPP 2130","potentialAction":[{"@type":"SearchAction","target":{"@type":"EntryPoint","urlTemplate":"https:\/\/www.spp2130.de\/?s={search_term_string}"},"query-input":"required name=search_term_string"}],"inLanguage":"de-DE"}]}},"post_mailing_queue_ids":[],"_links":{"self":[{"href":"https:\/\/www.spp2130.de\/index.php\/wp-json\/wp\/v2\/pages\/405"}],"collection":[{"href":"https:\/\/www.spp2130.de\/index.php\/wp-json\/wp\/v2\/pages"}],"about":[{"href":"https:\/\/www.spp2130.de\/index.php\/wp-json\/wp\/v2\/types\/page"}],"author":[{"embeddable":true,"href":"https:\/\/www.spp2130.de\/index.php\/wp-json\/wp\/v2\/users\/1"}],"replies":[{"embeddable":true,"href":"https:\/\/www.spp2130.de\/index.php\/wp-json\/wp\/v2\/comments?post=405"}],"version-history":[{"count":64,"href":"https:\/\/www.spp2130.de\/index.php\/wp-json\/wp\/v2\/pages\/405\/revisions"}],"predecessor-version":[{"id":5390,"href":"https:\/\/www.spp2130.de\/index.php\/wp-json\/wp\/v2\/pages\/405\/revisions\/5390"}],"wp:attachment":[{"href":"https:\/\/www.spp2130.de\/index.php\/wp-json\/wp\/v2\/media?parent=405"}],"curies":[{"name":"wp","href":"https:\/\/api.w.org\/{rel}","templated":true}]}}