{"id":3460,"date":"2019-12-16T14:34:14","date_gmt":"2019-12-16T13:34:14","guid":{"rendered":"https:\/\/www.spp2130.de\/?page_id=3460"},"modified":"2020-02-13T18:40:33","modified_gmt":"2020-02-13T17:40:33","slug":"splendid-isolation-2","status":"publish","type":"page","link":"https:\/\/www.spp2130.de\/index.php\/splendid-isolation-2\/","title":{"rendered":"Splendid isolation?"},"content":{"rendered":"<h4>\u201eSplendid isolation? Think about it\u201d<\/h4>\n<p>&nbsp;<\/p>\n<p>Nicht nur die Brexit-Debatte in Gro\u00dfbritannien spiegelt die breiten&nbsp;europakritischen Tendenzen in den Mitgliedsstaaten der EU wider. In den vergangenen Jahren sind in vielen europ\u00e4ischen L\u00e4ndern rechte oder populistische Parteien in die Regierungen eingezogen, die weniger europ\u00e4ische Integration und mehr Nationalstaatlichkeit, sowie einen massiven Schutz der Au\u00dfengrenzen fordern.<\/p>\n<p>Vor diesem Hintergrund lohnt sich ein Blick auf Praktiken des \u00dcbersetzens in der Fr\u00fchen Neuzeit. Gerade das Beispiel Gro\u00dfbritannien zeigt, dass im 17. Jahrhundert dort keinesfalls von einer \u201esplendid&nbsp;isolation\u201c gesprochen werden kann. So war das Herrscherpaar Charles I. und Henrietta Maria in einer von schweren politischen und religi\u00f6sen Krisen gezeichneten Regentschaft ma\u00dfgeblich daran beteiligt, kontinentaleurop\u00e4ische Tendenzen zu etablieren.<\/p>\n<p>Unsere TransUnit m\u00f6chte in einer Onlineausstellung, die auf der Website des Instituts f\u00fcr Kunstgeschichte der FAU Erlangen gehostet werden wird, Prozesse des Aushandelns zwischen als eigen oder fremd empfundenen kulturellen Ph\u00e4nomenen, des Aneignens aber auch des Ablehnens von Ideen und Praktiken und daraus entstehende Transformationen fokussieren. Welche kulturellen, politischen und sozialen Leitvorstellungen bedingten diese \u00dcbersetzungen und wer waren die Akteure, die diese initiierten?<\/p>\n<p>Anhand von konkreten Kunstwerken, Texten und Bauwerken sollen diese Prozesse visualisiert werden, ohne dabei der Tendenz Vorschub zu leisten, in der Analyse von \u00dcbersetzungsprozessen nationale Zuweisungen zu verfestigen, anstatt sie zu problematisieren. Hierbei sollen Montagetechniken erprobt werden, die die Suche nach homogenen Urspr\u00fcngen performativ unterlaufen, aber auch fiktive Dialoge, die die Analysen um eine kritisch-reflexive Ebene erg\u00e4nzen.<\/p>\n<p>&nbsp;<\/p>\n<p>&nbsp;<\/p>\n<p><a href=\"https:\/\/www.spp2130.de\/index.php\/mitarbeiterinnen\/#derer\">Sofia Derer<\/a>, Mitarbeiterin im Projekt \u201a<a href=\"https:\/\/www.spp2130.de\/index.php\/moscherosch-2\/\">Moscherosch<\/a>\u2018<br \/>\n<a href=\"https:\/\/www.spp2130.de\/index.php\/mitarbeiterinnen\/#maier\">Lukas Maier<\/a>, Mitarbeiter im Projekt \u201a<a href=\"https:\/\/www.spp2130.de\/index.php\/kunst-und-krise\/\">Kunst und Krise<\/a>\u2018<br \/>\n<a href=\"https:\/\/www.spp2130.de\/index.php\/mitarbeiterinnen\/#mannweiler\">Caroline Mannweiler<\/a>, Mitarbeiterin im Projekt \u201a<a href=\"https:\/\/www.spp2130.de\/index.php\/wissenschaftsuebersetzungen\/\">Wissenschafts\u00fcbersetzungen<\/a>\u2018<\/p>\n<p>&nbsp;<\/p>\n","protected":false},"excerpt":{"rendered":"<p>\u201eSplendid isolation? Think about it\u201d &nbsp; Nicht nur die Brexit-Debatte in Gro\u00dfbritannien spiegelt die breiten&nbsp;europakritischen Tendenzen in den Mitgliedsstaaten der EU wider. In den vergangenen Jahren sind in vielen europ\u00e4ischen L\u00e4ndern rechte oder populistische Parteien in die Regierungen eingezogen, die weniger europ\u00e4ische Integration und mehr Nationalstaatlichkeit, sowie einen massiven Schutz der Au\u00dfengrenzen fordern. Vor diesem Hintergrund lohnt sich ein Blick auf Praktiken des \u00dcbersetzens in der Fr\u00fchen Neuzeit. Gerade das Beispiel Gro\u00dfbritannien zeigt, dass im 17. Jahrhundert dort keinesfalls von einer \u201esplendid&nbsp;isolation\u201c gesprochen werden kann. So war das Herrscherpaar Charles I. und Henrietta Maria in einer von schweren politischen und &hellip;<\/p>\n","protected":false},"author":7,"featured_media":0,"parent":0,"menu_order":0,"comment_status":"closed","ping_status":"closed","template":"","meta":{"footnotes":""},"yoast_head":"<!-- This site is optimized with the Yoast SEO plugin v22.5 - https:\/\/yoast.com\/wordpress\/plugins\/seo\/ -->\n<title>Splendid isolation? - \u00dcbersetzungskulturen der Fr\u00fchen Neuzeit<\/title>\n<meta name=\"robots\" content=\"index, follow, max-snippet:-1, max-image-preview:large, max-video-preview:-1\" \/>\n<link rel=\"canonical\" href=\"https:\/\/www.spp2130.de\/index.php\/splendid-isolation-2\/\" \/>\n<meta property=\"og:locale\" content=\"de_DE\" \/>\n<meta property=\"og:type\" content=\"article\" \/>\n<meta property=\"og:title\" content=\"Splendid isolation? - \u00dcbersetzungskulturen der Fr\u00fchen Neuzeit\" \/>\n<meta property=\"og:description\" content=\"\u201eSplendid isolation? Think about it\u201d &nbsp; Nicht nur die Brexit-Debatte in Gro\u00dfbritannien spiegelt die breiten&nbsp;europakritischen Tendenzen in den Mitgliedsstaaten der EU wider. In den vergangenen Jahren sind in vielen europ\u00e4ischen L\u00e4ndern rechte oder populistische Parteien in die Regierungen eingezogen, die weniger europ\u00e4ische Integration und mehr Nationalstaatlichkeit, sowie einen massiven Schutz der Au\u00dfengrenzen fordern. Vor diesem Hintergrund lohnt sich ein Blick auf Praktiken des \u00dcbersetzens in der Fr\u00fchen Neuzeit. Gerade das Beispiel Gro\u00dfbritannien zeigt, dass im 17. Jahrhundert dort keinesfalls von einer \u201esplendid&nbsp;isolation\u201c gesprochen werden kann. So war das Herrscherpaar Charles I. und Henrietta Maria in einer von schweren politischen und &hellip;\" \/>\n<meta property=\"og:url\" content=\"https:\/\/www.spp2130.de\/index.php\/splendid-isolation-2\/\" \/>\n<meta property=\"og:site_name\" content=\"\u00dcbersetzungskulturen der Fr\u00fchen Neuzeit\" \/>\n<meta property=\"article:modified_time\" content=\"2020-02-13T17:40:33+00:00\" \/>\n<meta name=\"twitter:card\" content=\"summary_large_image\" \/>\n<meta name=\"twitter:label1\" content=\"Gesch\u00e4tzte Lesezeit\" \/>\n\t<meta name=\"twitter:data1\" content=\"1 Minute\" \/>\n<script type=\"application\/ld+json\" class=\"yoast-schema-graph\">{\"@context\":\"https:\/\/schema.org\",\"@graph\":[{\"@type\":\"WebPage\",\"@id\":\"https:\/\/www.spp2130.de\/index.php\/splendid-isolation-2\/\",\"url\":\"https:\/\/www.spp2130.de\/index.php\/splendid-isolation-2\/\",\"name\":\"Splendid isolation? - \u00dcbersetzungskulturen der Fr\u00fchen Neuzeit\",\"isPartOf\":{\"@id\":\"https:\/\/www.spp2130.de\/#website\"},\"datePublished\":\"2019-12-16T13:34:14+00:00\",\"dateModified\":\"2020-02-13T17:40:33+00:00\",\"breadcrumb\":{\"@id\":\"https:\/\/www.spp2130.de\/index.php\/splendid-isolation-2\/#breadcrumb\"},\"inLanguage\":\"de-DE\",\"potentialAction\":[{\"@type\":\"ReadAction\",\"target\":[\"https:\/\/www.spp2130.de\/index.php\/splendid-isolation-2\/\"]}]},{\"@type\":\"BreadcrumbList\",\"@id\":\"https:\/\/www.spp2130.de\/index.php\/splendid-isolation-2\/#breadcrumb\",\"itemListElement\":[{\"@type\":\"ListItem\",\"position\":1,\"name\":\"Startseite\",\"item\":\"https:\/\/www.spp2130.de\/\"},{\"@type\":\"ListItem\",\"position\":2,\"name\":\"Splendid isolation?\"}]},{\"@type\":\"WebSite\",\"@id\":\"https:\/\/www.spp2130.de\/#website\",\"url\":\"https:\/\/www.spp2130.de\/\",\"name\":\"\u00dcbersetzungskulturen der Fr\u00fchen Neuzeit\",\"description\":\"DFG - SPP 2130\",\"potentialAction\":[{\"@type\":\"SearchAction\",\"target\":{\"@type\":\"EntryPoint\",\"urlTemplate\":\"https:\/\/www.spp2130.de\/?s={search_term_string}\"},\"query-input\":\"required name=search_term_string\"}],\"inLanguage\":\"de-DE\"}]}<\/script>\n<!-- \/ Yoast SEO plugin. -->","yoast_head_json":{"title":"Splendid isolation? - \u00dcbersetzungskulturen der Fr\u00fchen Neuzeit","robots":{"index":"index","follow":"follow","max-snippet":"max-snippet:-1","max-image-preview":"max-image-preview:large","max-video-preview":"max-video-preview:-1"},"canonical":"https:\/\/www.spp2130.de\/index.php\/splendid-isolation-2\/","og_locale":"de_DE","og_type":"article","og_title":"Splendid isolation? - \u00dcbersetzungskulturen der Fr\u00fchen Neuzeit","og_description":"\u201eSplendid isolation? Think about it\u201d &nbsp; Nicht nur die Brexit-Debatte in Gro\u00dfbritannien spiegelt die breiten&nbsp;europakritischen Tendenzen in den Mitgliedsstaaten der EU wider. In den vergangenen Jahren sind in vielen europ\u00e4ischen L\u00e4ndern rechte oder populistische Parteien in die Regierungen eingezogen, die weniger europ\u00e4ische Integration und mehr Nationalstaatlichkeit, sowie einen massiven Schutz der Au\u00dfengrenzen fordern. Vor diesem Hintergrund lohnt sich ein Blick auf Praktiken des \u00dcbersetzens in der Fr\u00fchen Neuzeit. Gerade das Beispiel Gro\u00dfbritannien zeigt, dass im 17. Jahrhundert dort keinesfalls von einer \u201esplendid&nbsp;isolation\u201c gesprochen werden kann. So war das Herrscherpaar Charles I. und Henrietta Maria in einer von schweren politischen und &hellip;","og_url":"https:\/\/www.spp2130.de\/index.php\/splendid-isolation-2\/","og_site_name":"\u00dcbersetzungskulturen der Fr\u00fchen Neuzeit","article_modified_time":"2020-02-13T17:40:33+00:00","twitter_card":"summary_large_image","twitter_misc":{"Gesch\u00e4tzte Lesezeit":"1 Minute"},"schema":{"@context":"https:\/\/schema.org","@graph":[{"@type":"WebPage","@id":"https:\/\/www.spp2130.de\/index.php\/splendid-isolation-2\/","url":"https:\/\/www.spp2130.de\/index.php\/splendid-isolation-2\/","name":"Splendid isolation? - \u00dcbersetzungskulturen der Fr\u00fchen Neuzeit","isPartOf":{"@id":"https:\/\/www.spp2130.de\/#website"},"datePublished":"2019-12-16T13:34:14+00:00","dateModified":"2020-02-13T17:40:33+00:00","breadcrumb":{"@id":"https:\/\/www.spp2130.de\/index.php\/splendid-isolation-2\/#breadcrumb"},"inLanguage":"de-DE","potentialAction":[{"@type":"ReadAction","target":["https:\/\/www.spp2130.de\/index.php\/splendid-isolation-2\/"]}]},{"@type":"BreadcrumbList","@id":"https:\/\/www.spp2130.de\/index.php\/splendid-isolation-2\/#breadcrumb","itemListElement":[{"@type":"ListItem","position":1,"name":"Startseite","item":"https:\/\/www.spp2130.de\/"},{"@type":"ListItem","position":2,"name":"Splendid isolation?"}]},{"@type":"WebSite","@id":"https:\/\/www.spp2130.de\/#website","url":"https:\/\/www.spp2130.de\/","name":"\u00dcbersetzungskulturen der Fr\u00fchen Neuzeit","description":"DFG - SPP 2130","potentialAction":[{"@type":"SearchAction","target":{"@type":"EntryPoint","urlTemplate":"https:\/\/www.spp2130.de\/?s={search_term_string}"},"query-input":"required name=search_term_string"}],"inLanguage":"de-DE"}]}},"post_mailing_queue_ids":[],"_links":{"self":[{"href":"https:\/\/www.spp2130.de\/index.php\/wp-json\/wp\/v2\/pages\/3460"}],"collection":[{"href":"https:\/\/www.spp2130.de\/index.php\/wp-json\/wp\/v2\/pages"}],"about":[{"href":"https:\/\/www.spp2130.de\/index.php\/wp-json\/wp\/v2\/types\/page"}],"author":[{"embeddable":true,"href":"https:\/\/www.spp2130.de\/index.php\/wp-json\/wp\/v2\/users\/7"}],"replies":[{"embeddable":true,"href":"https:\/\/www.spp2130.de\/index.php\/wp-json\/wp\/v2\/comments?post=3460"}],"version-history":[{"count":9,"href":"https:\/\/www.spp2130.de\/index.php\/wp-json\/wp\/v2\/pages\/3460\/revisions"}],"predecessor-version":[{"id":3596,"href":"https:\/\/www.spp2130.de\/index.php\/wp-json\/wp\/v2\/pages\/3460\/revisions\/3596"}],"wp:attachment":[{"href":"https:\/\/www.spp2130.de\/index.php\/wp-json\/wp\/v2\/media?parent=3460"}],"curies":[{"name":"wp","href":"https:\/\/api.w.org\/{rel}","templated":true}]}}