{"id":27,"date":"2018-12-22T16:17:42","date_gmt":"2018-12-22T16:17:42","guid":{"rendered":"https:\/\/www.spp2130.de\/?page_id=27"},"modified":"2024-02-01T17:46:38","modified_gmt":"2024-02-01T16:46:38","slug":"foerdermassnahmen","status":"publish","type":"page","link":"https:\/\/www.spp2130.de\/index.php\/foerdermassnahmen\/","title":{"rendered":"F\u00f6rderma\u00dfnahmen"},"content":{"rendered":"<h4>F\u00f6rderma\u00dfnahmen<\/h4>\n<p>&nbsp;<\/p>\n<p>Das SPP 2130 f\u00f6rdert die Vereinbarkeit von Beruf und Familie, Diversit\u00e4t und Chancengleichheit und setzt sich f\u00fcr die Qualifizierung von Nachwuchswissenschaftlerinnen ein. In diesem Sinn stehen Mittel f\u00fcr die Kinderbetreuung w\u00e4hrend der SPP-Veranstaltungen, zur Einrichtung eines Heimarbeitsplatzes f\u00fcr Erziehende und Pflegende und zur Organisation von Projekten und Workshops zu Gender und Diversity sowie f\u00fcr Ma\u00dfnahmen zur Karrieref\u00f6rderung von Wissenschaftlerinnen zur Verf\u00fcgung. Die Mitglieder des SPP k\u00f6nnen diese Mittel bei der Gesch\u00e4ftsstelle beantragen.<\/p>\n<p>&nbsp;<\/p>\n<p>Weiterhin stand im zweiten Projektjahr eine Anschubf\u00f6rderung f\u00fcr drei Nachwuchswissenschaftler*innen (4\u20136 Monate) zur Verf\u00fcgung, die einen Projektantrag f\u00fcr die zweite F\u00f6rderphase des SPP erarbeitet haben. Die gef\u00f6rderten Projekte finden Sie <a href=\"https:\/\/www.spp2130.de\/index.php\/anschubfoerderung-projekte\/\">hier<\/a>.<\/p>\n<p>&nbsp;<\/p>\n<p>&nbsp;<\/p>\n<ul>\n<li><a href=\"https:\/\/www.spp2130.de\/wp-content\/uploads\/2023\/04\/Wue_Antrag-Foerdermassnahmen2.pdf\" target=\"_blank\" rel=\"noopener noreferrer\">Antrag auf Erstattung einer F\u00f6rderma\u00dfnahme<\/a> (pdf)<\/li>\n<li><a href=\"https:\/\/www.spp2130.de\/wp-content\/uploads\/2024\/02\/Erklaerung-zum-Gastvortrag_aufenthalt-V4.pdf\" target=\"_blank\" rel=\"noopener\">Formular zur Erstattung eines Gastvortrags<\/a> (pdf)<\/li>\n<\/ul>\n","protected":false},"excerpt":{"rendered":"<p>F\u00f6rderma\u00dfnahmen &nbsp; Das SPP 2130 f\u00f6rdert die Vereinbarkeit von Beruf und Familie, Diversit\u00e4t und Chancengleichheit und setzt sich f\u00fcr die Qualifizierung von Nachwuchswissenschaftlerinnen ein. In diesem Sinn stehen Mittel f\u00fcr die Kinderbetreuung w\u00e4hrend der SPP-Veranstaltungen, zur Einrichtung eines Heimarbeitsplatzes f\u00fcr Erziehende und Pflegende und zur Organisation von Projekten und Workshops zu Gender und Diversity sowie f\u00fcr Ma\u00dfnahmen zur Karrieref\u00f6rderung von Wissenschaftlerinnen zur Verf\u00fcgung. Die Mitglieder des SPP k\u00f6nnen diese Mittel bei der Gesch\u00e4ftsstelle beantragen. &nbsp; Weiterhin stand im zweiten Projektjahr eine Anschubf\u00f6rderung f\u00fcr drei Nachwuchswissenschaftler*innen (4\u20136 Monate) zur Verf\u00fcgung, die einen Projektantrag f\u00fcr die zweite F\u00f6rderphase des SPP erarbeitet haben. &hellip;<\/p>\n","protected":false},"author":1,"featured_media":0,"parent":0,"menu_order":0,"comment_status":"closed","ping_status":"closed","template":"","meta":{"footnotes":""},"yoast_head":"<!-- This site is optimized with the Yoast SEO plugin v22.5 - https:\/\/yoast.com\/wordpress\/plugins\/seo\/ -->\n<title>F\u00f6rderma\u00dfnahmen - \u00dcbersetzungskulturen der Fr\u00fchen Neuzeit<\/title>\n<meta name=\"robots\" content=\"index, follow, max-snippet:-1, max-image-preview:large, max-video-preview:-1\" \/>\n<link rel=\"canonical\" href=\"https:\/\/www.spp2130.de\/index.php\/foerdermassnahmen\/\" \/>\n<meta property=\"og:locale\" content=\"de_DE\" \/>\n<meta property=\"og:type\" content=\"article\" \/>\n<meta property=\"og:title\" content=\"F\u00f6rderma\u00dfnahmen - \u00dcbersetzungskulturen der Fr\u00fchen Neuzeit\" \/>\n<meta property=\"og:description\" content=\"F\u00f6rderma\u00dfnahmen &nbsp; Das SPP 2130 f\u00f6rdert die Vereinbarkeit von Beruf und Familie, Diversit\u00e4t und Chancengleichheit und setzt sich f\u00fcr die Qualifizierung von Nachwuchswissenschaftlerinnen ein. In diesem Sinn stehen Mittel f\u00fcr die Kinderbetreuung w\u00e4hrend der SPP-Veranstaltungen, zur Einrichtung eines Heimarbeitsplatzes f\u00fcr Erziehende und Pflegende und zur Organisation von Projekten und Workshops zu Gender und Diversity sowie f\u00fcr Ma\u00dfnahmen zur Karrieref\u00f6rderung von Wissenschaftlerinnen zur Verf\u00fcgung. Die Mitglieder des SPP k\u00f6nnen diese Mittel bei der Gesch\u00e4ftsstelle beantragen. &nbsp; Weiterhin stand im zweiten Projektjahr eine Anschubf\u00f6rderung f\u00fcr drei Nachwuchswissenschaftler*innen (4\u20136 Monate) zur Verf\u00fcgung, die einen Projektantrag f\u00fcr die zweite F\u00f6rderphase des SPP erarbeitet haben. &hellip;\" \/>\n<meta property=\"og:url\" content=\"https:\/\/www.spp2130.de\/index.php\/foerdermassnahmen\/\" \/>\n<meta property=\"og:site_name\" content=\"\u00dcbersetzungskulturen der Fr\u00fchen Neuzeit\" \/>\n<meta property=\"article:modified_time\" content=\"2024-02-01T16:46:38+00:00\" \/>\n<meta name=\"twitter:card\" content=\"summary_large_image\" \/>\n<meta name=\"twitter:label1\" content=\"Gesch\u00e4tzte Lesezeit\" \/>\n\t<meta name=\"twitter:data1\" content=\"1 Minute\" \/>\n<script type=\"application\/ld+json\" class=\"yoast-schema-graph\">{\"@context\":\"https:\/\/schema.org\",\"@graph\":[{\"@type\":\"WebPage\",\"@id\":\"https:\/\/www.spp2130.de\/index.php\/foerdermassnahmen\/\",\"url\":\"https:\/\/www.spp2130.de\/index.php\/foerdermassnahmen\/\",\"name\":\"F\u00f6rderma\u00dfnahmen - \u00dcbersetzungskulturen der Fr\u00fchen Neuzeit\",\"isPartOf\":{\"@id\":\"https:\/\/www.spp2130.de\/#website\"},\"datePublished\":\"2018-12-22T16:17:42+00:00\",\"dateModified\":\"2024-02-01T16:46:38+00:00\",\"breadcrumb\":{\"@id\":\"https:\/\/www.spp2130.de\/index.php\/foerdermassnahmen\/#breadcrumb\"},\"inLanguage\":\"de-DE\",\"potentialAction\":[{\"@type\":\"ReadAction\",\"target\":[\"https:\/\/www.spp2130.de\/index.php\/foerdermassnahmen\/\"]}]},{\"@type\":\"BreadcrumbList\",\"@id\":\"https:\/\/www.spp2130.de\/index.php\/foerdermassnahmen\/#breadcrumb\",\"itemListElement\":[{\"@type\":\"ListItem\",\"position\":1,\"name\":\"Startseite\",\"item\":\"https:\/\/www.spp2130.de\/\"},{\"@type\":\"ListItem\",\"position\":2,\"name\":\"F\u00f6rderma\u00dfnahmen\"}]},{\"@type\":\"WebSite\",\"@id\":\"https:\/\/www.spp2130.de\/#website\",\"url\":\"https:\/\/www.spp2130.de\/\",\"name\":\"\u00dcbersetzungskulturen der Fr\u00fchen Neuzeit\",\"description\":\"DFG - SPP 2130\",\"potentialAction\":[{\"@type\":\"SearchAction\",\"target\":{\"@type\":\"EntryPoint\",\"urlTemplate\":\"https:\/\/www.spp2130.de\/?s={search_term_string}\"},\"query-input\":\"required name=search_term_string\"}],\"inLanguage\":\"de-DE\"}]}<\/script>\n<!-- \/ Yoast SEO plugin. -->","yoast_head_json":{"title":"F\u00f6rderma\u00dfnahmen - \u00dcbersetzungskulturen der Fr\u00fchen Neuzeit","robots":{"index":"index","follow":"follow","max-snippet":"max-snippet:-1","max-image-preview":"max-image-preview:large","max-video-preview":"max-video-preview:-1"},"canonical":"https:\/\/www.spp2130.de\/index.php\/foerdermassnahmen\/","og_locale":"de_DE","og_type":"article","og_title":"F\u00f6rderma\u00dfnahmen - \u00dcbersetzungskulturen der Fr\u00fchen Neuzeit","og_description":"F\u00f6rderma\u00dfnahmen &nbsp; Das SPP 2130 f\u00f6rdert die Vereinbarkeit von Beruf und Familie, Diversit\u00e4t und Chancengleichheit und setzt sich f\u00fcr die Qualifizierung von Nachwuchswissenschaftlerinnen ein. In diesem Sinn stehen Mittel f\u00fcr die Kinderbetreuung w\u00e4hrend der SPP-Veranstaltungen, zur Einrichtung eines Heimarbeitsplatzes f\u00fcr Erziehende und Pflegende und zur Organisation von Projekten und Workshops zu Gender und Diversity sowie f\u00fcr Ma\u00dfnahmen zur Karrieref\u00f6rderung von Wissenschaftlerinnen zur Verf\u00fcgung. Die Mitglieder des SPP k\u00f6nnen diese Mittel bei der Gesch\u00e4ftsstelle beantragen. &nbsp; Weiterhin stand im zweiten Projektjahr eine Anschubf\u00f6rderung f\u00fcr drei Nachwuchswissenschaftler*innen (4\u20136 Monate) zur Verf\u00fcgung, die einen Projektantrag f\u00fcr die zweite F\u00f6rderphase des SPP erarbeitet haben. &hellip;","og_url":"https:\/\/www.spp2130.de\/index.php\/foerdermassnahmen\/","og_site_name":"\u00dcbersetzungskulturen der Fr\u00fchen Neuzeit","article_modified_time":"2024-02-01T16:46:38+00:00","twitter_card":"summary_large_image","twitter_misc":{"Gesch\u00e4tzte Lesezeit":"1 Minute"},"schema":{"@context":"https:\/\/schema.org","@graph":[{"@type":"WebPage","@id":"https:\/\/www.spp2130.de\/index.php\/foerdermassnahmen\/","url":"https:\/\/www.spp2130.de\/index.php\/foerdermassnahmen\/","name":"F\u00f6rderma\u00dfnahmen - \u00dcbersetzungskulturen der Fr\u00fchen Neuzeit","isPartOf":{"@id":"https:\/\/www.spp2130.de\/#website"},"datePublished":"2018-12-22T16:17:42+00:00","dateModified":"2024-02-01T16:46:38+00:00","breadcrumb":{"@id":"https:\/\/www.spp2130.de\/index.php\/foerdermassnahmen\/#breadcrumb"},"inLanguage":"de-DE","potentialAction":[{"@type":"ReadAction","target":["https:\/\/www.spp2130.de\/index.php\/foerdermassnahmen\/"]}]},{"@type":"BreadcrumbList","@id":"https:\/\/www.spp2130.de\/index.php\/foerdermassnahmen\/#breadcrumb","itemListElement":[{"@type":"ListItem","position":1,"name":"Startseite","item":"https:\/\/www.spp2130.de\/"},{"@type":"ListItem","position":2,"name":"F\u00f6rderma\u00dfnahmen"}]},{"@type":"WebSite","@id":"https:\/\/www.spp2130.de\/#website","url":"https:\/\/www.spp2130.de\/","name":"\u00dcbersetzungskulturen der Fr\u00fchen Neuzeit","description":"DFG - SPP 2130","potentialAction":[{"@type":"SearchAction","target":{"@type":"EntryPoint","urlTemplate":"https:\/\/www.spp2130.de\/?s={search_term_string}"},"query-input":"required name=search_term_string"}],"inLanguage":"de-DE"}]}},"post_mailing_queue_ids":[],"_links":{"self":[{"href":"https:\/\/www.spp2130.de\/index.php\/wp-json\/wp\/v2\/pages\/27"}],"collection":[{"href":"https:\/\/www.spp2130.de\/index.php\/wp-json\/wp\/v2\/pages"}],"about":[{"href":"https:\/\/www.spp2130.de\/index.php\/wp-json\/wp\/v2\/types\/page"}],"author":[{"embeddable":true,"href":"https:\/\/www.spp2130.de\/index.php\/wp-json\/wp\/v2\/users\/1"}],"replies":[{"embeddable":true,"href":"https:\/\/www.spp2130.de\/index.php\/wp-json\/wp\/v2\/comments?post=27"}],"version-history":[{"count":25,"href":"https:\/\/www.spp2130.de\/index.php\/wp-json\/wp\/v2\/pages\/27\/revisions"}],"predecessor-version":[{"id":6801,"href":"https:\/\/www.spp2130.de\/index.php\/wp-json\/wp\/v2\/pages\/27\/revisions\/6801"}],"wp:attachment":[{"href":"https:\/\/www.spp2130.de\/index.php\/wp-json\/wp\/v2\/media?parent=27"}],"curies":[{"name":"wp","href":"https:\/\/api.w.org\/{rel}","templated":true}]}}