{"id":1314,"date":"2019-03-14T17:08:40","date_gmt":"2019-03-14T17:08:40","guid":{"rendered":"https:\/\/www.spp2130.de\/?page_id=1314"},"modified":"2022-04-07T15:42:35","modified_gmt":"2022-04-07T13:42:35","slug":"wissen-im-ozean","status":"publish","type":"page","link":"https:\/\/www.spp2130.de\/index.php\/wissen-im-ozean\/","title":{"rendered":"Wissen im Ozean"},"content":{"rendered":"<h4>Arabische und osmanisch-t\u00fcrkische nautische Kartographie des Mittelmeers:<\/h4>\n<p>&nbsp;<\/p>\n<h5>Inseln oder Eintrittspunkte f\u00fcr Wissen im Ozean transkultureller und translinguistischer \u00dcbersetzungsprozesse?<\/h5>\n<p>&nbsp;<\/p>\n<figure style=\"float: left; padding-right: 10px;\"><a href=\"https:\/\/digital.bodleian.ox.ac.uk\/inquire\/p\/2dc2d0f7-00d6-458d-8be5-0afdd8221a4a\" target=\"_blank\" rel=\"noopener noreferrer\"><img loading=\"lazy\" decoding=\"async\" class=\"wp-image-2429\" src=\"https:\/\/www.spp2130.de\/wp-content\/uploads\/2019\/04\/Bodleian_Library_MS._Marsh_294_f_8b-1-239x300.jpg\" alt=\"\" width=\"250\" height=\"314\"><\/a><figcaption style=\"font-size: 8pt;\"><span style=\"font-size: 10pt;\">Ali al-Sharafi, Kairouan, Atlas<br \/>\ndes Schwarzen Meers, 1571<\/span><\/figcaption><\/figure>\n<p>Das Projekt untersucht die komplexe, synkretistische Natur der erhaltenen nordafrikanischen und osmanisch-t\u00fcrkischen Seekarten und Atlanten des Mittelmeers und benachbarter Seen in Bezug auf deren kulturelle \u00dcbersetzungen aus verschiedenen regionalen und transregionalen Quellen, die zu ihrer Komposition f\u00fcr muslimische Nutzer im 16. Jahrhundert verwendet worden sind. Sie sollen in einem holistischen Ansatz untersucht werden, der die multiplen Modi des Lesens und Betrachtens aufsp\u00fcren soll, die die in ihnen enthaltenen textlichen und visuellen Erz\u00e4hlungen verk\u00f6rpern. Er soll die unterschiedlichen epistemischen und historischen Verbindungen zwischen ihren Komponenten aufsp\u00fcren und die kulturellen und kommerziellen Vermarktungsstrategien herausarbeiten, die potentielle K\u00e4ufer- und Leserkreise ansprechen wollten. Die in die Objekte eingeschlossenen \u00dcbersetzungsprozesse sollen aus der Sicht dieser multiplen Interpretationsm\u00f6glichkeiten erforscht werden und Grenz\u00fcberg\u00e4nge zwischen Sprachen, Wissenssystemen und visuellen Darstellungen sollen differenziert herausgearbeitet werden.<\/p>\n<p>&nbsp;<\/p>\n<p>Das Projekt ist am Max-Planck-Instut f\u00fcr Wissenschaftsgeschichte Berlin angesiedelt. Es hat im Oktober 2018 begonnen, wird von <a href=\"https:\/\/www.spp2130.de\/index.php\/projektleiterinnen\/#brentjes\" rel=\"noopener noreferrer\">Sonja Brentjes<\/a> geleitet und zur Zeit von <a href=\"https:\/\/www.spp2130.de\/index.php\/mitarbeiterinnen\/#leon\">Dr. Victor de Castro Le\u00f3n<\/a> und <a href=\"https:\/\/www.spp2130.de\/index.php\/mitarbeiterinnen\/#tiburcio\">Alberto Tiburcio<\/a> bearbeitet.<\/p>\n<p>&nbsp;<\/p>\n<p><a href=\"https:\/\/www.mpiwg-berlin.mpg.de\/research\/projects\/mediterranean-nautical-cartography-islands-or-gateways-knowledge\" target=\"_blank\" rel=\"noopener noreferrer\">Projektwebseite<\/a> des Max-Planck-Instituts f\u00fcr Wissenschaftsgeschichte.<\/p>\n<p>&nbsp;<\/p>\n<p>&nbsp;<\/p>\n<h5><strong>Publikationen (projektbezogen):<\/strong><\/h5>\n<ul>\n<li><a href=\"https:\/\/www.spp2130.de\/index.php\/publikationen\/#castroleon\">Dr. Victor de Castro Le\u00f3n <\/a><\/li>\n<li><a href=\"https:\/\/www.spp2130.de\/index.php\/publikationen\/#tiburcio\">Dr. Alberto Tiburcio<\/a><\/li>\n<\/ul>\n<p>&nbsp;<\/p>\n<figure style=\"float: left; padding-right: 10px;\"><figcaption style=\"font-size: 8pt;\"><\/figcaption><\/figure>\n","protected":false},"excerpt":{"rendered":"<p>Arabische und osmanisch-t\u00fcrkische nautische Kartographie des Mittelmeers: &nbsp; Inseln oder Eintrittspunkte f\u00fcr Wissen im Ozean transkultureller und translinguistischer \u00dcbersetzungsprozesse? &nbsp; Ali al-Sharafi, Kairouan, Atlas des Schwarzen Meers, 1571 Das Projekt untersucht die komplexe, synkretistische Natur der erhaltenen nordafrikanischen und osmanisch-t\u00fcrkischen Seekarten und Atlanten des Mittelmeers und benachbarter Seen in Bezug auf deren kulturelle \u00dcbersetzungen aus verschiedenen regionalen und transregionalen Quellen, die zu ihrer Komposition f\u00fcr muslimische Nutzer im 16. Jahrhundert verwendet worden sind. Sie sollen in einem holistischen Ansatz untersucht werden, der die multiplen Modi des Lesens und Betrachtens aufsp\u00fcren soll, die die in ihnen enthaltenen textlichen und visuellen Erz\u00e4hlungen &hellip;<\/p>\n","protected":false},"author":5,"featured_media":0,"parent":0,"menu_order":0,"comment_status":"closed","ping_status":"closed","template":"","meta":{"footnotes":""},"yoast_head":"<!-- This site is optimized with the Yoast SEO plugin v22.5 - https:\/\/yoast.com\/wordpress\/plugins\/seo\/ -->\n<title>Wissen im Ozean - \u00dcbersetzungskulturen der Fr\u00fchen Neuzeit<\/title>\n<meta name=\"robots\" content=\"index, follow, max-snippet:-1, max-image-preview:large, max-video-preview:-1\" \/>\n<link rel=\"canonical\" href=\"https:\/\/www.spp2130.de\/index.php\/wissen-im-ozean\/\" \/>\n<meta property=\"og:locale\" content=\"de_DE\" \/>\n<meta property=\"og:type\" content=\"article\" \/>\n<meta property=\"og:title\" content=\"Wissen im Ozean - \u00dcbersetzungskulturen der Fr\u00fchen Neuzeit\" \/>\n<meta property=\"og:description\" content=\"Arabische und osmanisch-t\u00fcrkische nautische Kartographie des Mittelmeers: &nbsp; Inseln oder Eintrittspunkte f\u00fcr Wissen im Ozean transkultureller und translinguistischer \u00dcbersetzungsprozesse? &nbsp; Ali al-Sharafi, Kairouan, Atlas des Schwarzen Meers, 1571 Das Projekt untersucht die komplexe, synkretistische Natur der erhaltenen nordafrikanischen und osmanisch-t\u00fcrkischen Seekarten und Atlanten des Mittelmeers und benachbarter Seen in Bezug auf deren kulturelle \u00dcbersetzungen aus verschiedenen regionalen und transregionalen Quellen, die zu ihrer Komposition f\u00fcr muslimische Nutzer im 16. Jahrhundert verwendet worden sind. Sie sollen in einem holistischen Ansatz untersucht werden, der die multiplen Modi des Lesens und Betrachtens aufsp\u00fcren soll, die die in ihnen enthaltenen textlichen und visuellen Erz\u00e4hlungen &hellip;\" \/>\n<meta property=\"og:url\" content=\"https:\/\/www.spp2130.de\/index.php\/wissen-im-ozean\/\" \/>\n<meta property=\"og:site_name\" content=\"\u00dcbersetzungskulturen der Fr\u00fchen Neuzeit\" \/>\n<meta property=\"article:modified_time\" content=\"2022-04-07T13:42:35+00:00\" \/>\n<meta property=\"og:image\" content=\"https:\/\/www.spp2130.de\/wp-content\/uploads\/2019\/04\/Bodleian_Library_MS._Marsh_294_f_8b-1-239x300.jpg\" \/>\n<meta name=\"twitter:card\" content=\"summary_large_image\" \/>\n<meta name=\"twitter:label1\" content=\"Gesch\u00e4tzte Lesezeit\" \/>\n\t<meta name=\"twitter:data1\" content=\"1 Minute\" \/>\n<script type=\"application\/ld+json\" class=\"yoast-schema-graph\">{\"@context\":\"https:\/\/schema.org\",\"@graph\":[{\"@type\":\"WebPage\",\"@id\":\"https:\/\/www.spp2130.de\/index.php\/wissen-im-ozean\/\",\"url\":\"https:\/\/www.spp2130.de\/index.php\/wissen-im-ozean\/\",\"name\":\"Wissen im Ozean - \u00dcbersetzungskulturen der Fr\u00fchen Neuzeit\",\"isPartOf\":{\"@id\":\"https:\/\/www.spp2130.de\/#website\"},\"primaryImageOfPage\":{\"@id\":\"https:\/\/www.spp2130.de\/index.php\/wissen-im-ozean\/#primaryimage\"},\"image\":{\"@id\":\"https:\/\/www.spp2130.de\/index.php\/wissen-im-ozean\/#primaryimage\"},\"thumbnailUrl\":\"https:\/\/www.spp2130.de\/wp-content\/uploads\/2019\/04\/Bodleian_Library_MS._Marsh_294_f_8b-1-239x300.jpg\",\"datePublished\":\"2019-03-14T17:08:40+00:00\",\"dateModified\":\"2022-04-07T13:42:35+00:00\",\"breadcrumb\":{\"@id\":\"https:\/\/www.spp2130.de\/index.php\/wissen-im-ozean\/#breadcrumb\"},\"inLanguage\":\"de-DE\",\"potentialAction\":[{\"@type\":\"ReadAction\",\"target\":[\"https:\/\/www.spp2130.de\/index.php\/wissen-im-ozean\/\"]}]},{\"@type\":\"ImageObject\",\"inLanguage\":\"de-DE\",\"@id\":\"https:\/\/www.spp2130.de\/index.php\/wissen-im-ozean\/#primaryimage\",\"url\":\"https:\/\/www.spp2130.de\/wp-content\/uploads\/2019\/04\/Bodleian_Library_MS._Marsh_294_f_8b-1-239x300.jpg\",\"contentUrl\":\"https:\/\/www.spp2130.de\/wp-content\/uploads\/2019\/04\/Bodleian_Library_MS._Marsh_294_f_8b-1-239x300.jpg\"},{\"@type\":\"BreadcrumbList\",\"@id\":\"https:\/\/www.spp2130.de\/index.php\/wissen-im-ozean\/#breadcrumb\",\"itemListElement\":[{\"@type\":\"ListItem\",\"position\":1,\"name\":\"Startseite\",\"item\":\"https:\/\/www.spp2130.de\/\"},{\"@type\":\"ListItem\",\"position\":2,\"name\":\"Wissen im Ozean\"}]},{\"@type\":\"WebSite\",\"@id\":\"https:\/\/www.spp2130.de\/#website\",\"url\":\"https:\/\/www.spp2130.de\/\",\"name\":\"\u00dcbersetzungskulturen der Fr\u00fchen Neuzeit\",\"description\":\"DFG - SPP 2130\",\"potentialAction\":[{\"@type\":\"SearchAction\",\"target\":{\"@type\":\"EntryPoint\",\"urlTemplate\":\"https:\/\/www.spp2130.de\/?s={search_term_string}\"},\"query-input\":\"required name=search_term_string\"}],\"inLanguage\":\"de-DE\"}]}<\/script>\n<!-- \/ Yoast SEO plugin. -->","yoast_head_json":{"title":"Wissen im Ozean - \u00dcbersetzungskulturen der Fr\u00fchen Neuzeit","robots":{"index":"index","follow":"follow","max-snippet":"max-snippet:-1","max-image-preview":"max-image-preview:large","max-video-preview":"max-video-preview:-1"},"canonical":"https:\/\/www.spp2130.de\/index.php\/wissen-im-ozean\/","og_locale":"de_DE","og_type":"article","og_title":"Wissen im Ozean - \u00dcbersetzungskulturen der Fr\u00fchen Neuzeit","og_description":"Arabische und osmanisch-t\u00fcrkische nautische Kartographie des Mittelmeers: &nbsp; Inseln oder Eintrittspunkte f\u00fcr Wissen im Ozean transkultureller und translinguistischer \u00dcbersetzungsprozesse? &nbsp; Ali al-Sharafi, Kairouan, Atlas des Schwarzen Meers, 1571 Das Projekt untersucht die komplexe, synkretistische Natur der erhaltenen nordafrikanischen und osmanisch-t\u00fcrkischen Seekarten und Atlanten des Mittelmeers und benachbarter Seen in Bezug auf deren kulturelle \u00dcbersetzungen aus verschiedenen regionalen und transregionalen Quellen, die zu ihrer Komposition f\u00fcr muslimische Nutzer im 16. Jahrhundert verwendet worden sind. Sie sollen in einem holistischen Ansatz untersucht werden, der die multiplen Modi des Lesens und Betrachtens aufsp\u00fcren soll, die die in ihnen enthaltenen textlichen und visuellen Erz\u00e4hlungen &hellip;","og_url":"https:\/\/www.spp2130.de\/index.php\/wissen-im-ozean\/","og_site_name":"\u00dcbersetzungskulturen der Fr\u00fchen Neuzeit","article_modified_time":"2022-04-07T13:42:35+00:00","og_image":[{"url":"https:\/\/www.spp2130.de\/wp-content\/uploads\/2019\/04\/Bodleian_Library_MS._Marsh_294_f_8b-1-239x300.jpg"}],"twitter_card":"summary_large_image","twitter_misc":{"Gesch\u00e4tzte Lesezeit":"1 Minute"},"schema":{"@context":"https:\/\/schema.org","@graph":[{"@type":"WebPage","@id":"https:\/\/www.spp2130.de\/index.php\/wissen-im-ozean\/","url":"https:\/\/www.spp2130.de\/index.php\/wissen-im-ozean\/","name":"Wissen im Ozean - \u00dcbersetzungskulturen der Fr\u00fchen Neuzeit","isPartOf":{"@id":"https:\/\/www.spp2130.de\/#website"},"primaryImageOfPage":{"@id":"https:\/\/www.spp2130.de\/index.php\/wissen-im-ozean\/#primaryimage"},"image":{"@id":"https:\/\/www.spp2130.de\/index.php\/wissen-im-ozean\/#primaryimage"},"thumbnailUrl":"https:\/\/www.spp2130.de\/wp-content\/uploads\/2019\/04\/Bodleian_Library_MS._Marsh_294_f_8b-1-239x300.jpg","datePublished":"2019-03-14T17:08:40+00:00","dateModified":"2022-04-07T13:42:35+00:00","breadcrumb":{"@id":"https:\/\/www.spp2130.de\/index.php\/wissen-im-ozean\/#breadcrumb"},"inLanguage":"de-DE","potentialAction":[{"@type":"ReadAction","target":["https:\/\/www.spp2130.de\/index.php\/wissen-im-ozean\/"]}]},{"@type":"ImageObject","inLanguage":"de-DE","@id":"https:\/\/www.spp2130.de\/index.php\/wissen-im-ozean\/#primaryimage","url":"https:\/\/www.spp2130.de\/wp-content\/uploads\/2019\/04\/Bodleian_Library_MS._Marsh_294_f_8b-1-239x300.jpg","contentUrl":"https:\/\/www.spp2130.de\/wp-content\/uploads\/2019\/04\/Bodleian_Library_MS._Marsh_294_f_8b-1-239x300.jpg"},{"@type":"BreadcrumbList","@id":"https:\/\/www.spp2130.de\/index.php\/wissen-im-ozean\/#breadcrumb","itemListElement":[{"@type":"ListItem","position":1,"name":"Startseite","item":"https:\/\/www.spp2130.de\/"},{"@type":"ListItem","position":2,"name":"Wissen im Ozean"}]},{"@type":"WebSite","@id":"https:\/\/www.spp2130.de\/#website","url":"https:\/\/www.spp2130.de\/","name":"\u00dcbersetzungskulturen der Fr\u00fchen Neuzeit","description":"DFG - SPP 2130","potentialAction":[{"@type":"SearchAction","target":{"@type":"EntryPoint","urlTemplate":"https:\/\/www.spp2130.de\/?s={search_term_string}"},"query-input":"required name=search_term_string"}],"inLanguage":"de-DE"}]}},"post_mailing_queue_ids":[],"_links":{"self":[{"href":"https:\/\/www.spp2130.de\/index.php\/wp-json\/wp\/v2\/pages\/1314"}],"collection":[{"href":"https:\/\/www.spp2130.de\/index.php\/wp-json\/wp\/v2\/pages"}],"about":[{"href":"https:\/\/www.spp2130.de\/index.php\/wp-json\/wp\/v2\/types\/page"}],"author":[{"embeddable":true,"href":"https:\/\/www.spp2130.de\/index.php\/wp-json\/wp\/v2\/users\/5"}],"replies":[{"embeddable":true,"href":"https:\/\/www.spp2130.de\/index.php\/wp-json\/wp\/v2\/comments?post=1314"}],"version-history":[{"count":52,"href":"https:\/\/www.spp2130.de\/index.php\/wp-json\/wp\/v2\/pages\/1314\/revisions"}],"predecessor-version":[{"id":5587,"href":"https:\/\/www.spp2130.de\/index.php\/wp-json\/wp\/v2\/pages\/1314\/revisions\/5587"}],"wp:attachment":[{"href":"https:\/\/www.spp2130.de\/index.php\/wp-json\/wp\/v2\/media?parent=1314"}],"curies":[{"name":"wp","href":"https:\/\/api.w.org\/{rel}","templated":true}]}}