{"id":10,"date":"2018-12-22T16:12:42","date_gmt":"2018-12-22T16:12:42","guid":{"rendered":"https:\/\/www.spp2130.de\/?page_id=10"},"modified":"2024-04-15T10:48:07","modified_gmt":"2024-04-15T08:48:07","slug":"aktivitaeten","status":"publish","type":"page","link":"https:\/\/www.spp2130.de\/index.php\/aktivitaeten\/","title":{"rendered":"Aktivit\u00e4ten"},"content":{"rendered":"\r\n<p class=\"has-drop-cap\">Lorem ipsum dolor sit amet, consetetur sadipscing elitr, sed diam nonumy eirmod tempor invidunt ut labore et dolore magna aliquyam erat, sed diam voluptua. At vero eos et accusam et justo duo dolores et ea rebum. Stet clita kasd gubergren, no sea takimata sanctus est Lorem ipsum dolor sit amet. Lorem ipsum dolor sit amet, consetetur sadipscing elitr, sed diam nonumy eirmod tempor invidunt ut labore et dolore magna aliquyam erat, sed diam voluptua. At vero eos et accusam et justo duo dolores et ea rebum. Stet clita kasd gubergren, no sea takimata sanctus est Lorem ipsum dolor sit amet.<\/p>\r\n\r\n\r\n\r\n<div class=\"wp-block-image\">\r\n<figure class=\"aligncenter\"><img loading=\"lazy\" decoding=\"async\" width=\"230\" height=\"181\" class=\"wp-image-48\" src=\"https:\/\/www.spp2130.de\/wp-content\/uploads\/2019\/01\/fittosize__230_0_872f9b2cf954b44afc89021f40d032d7_spp.jpeg\" alt=\"\" \/>\r\n<figcaption>Abbildung aus Herzog August Bibliothek<br \/><br \/><\/figcaption>\r\n<\/figure>\r\n<\/div>\r\n\r\n\r\n\r\n<blockquote class=\"wp-block-quote is-layout-flow wp-block-quote-is-layout-flow\">\r\n<p><br \/>&#8222;Wer sich den\u00a0<a href=\"http:\/\/zitate.net\/gesetz-zitate\">Gesetzen<\/a>\u00a0nicht\u00a0<a href=\"http:\/\/zitate.net\/f%c3%bcgen-zitate\">f\u00fcgen<\/a>\u00a0will, muss die\u00a0<a href=\"http:\/\/zitate.net\/gegend-zitate\">Gegend<\/a>\u00a0<a href=\"http:\/\/zitate.net\/verlassen-zitate\">verlassen<\/a>, wo sie gelten. &#8222;<\/p>\r\n<p>Johann Wolfgang von Goethe<\/p>\r\n<\/blockquote>\r\n\r\n\r\n\r\n<p>Lorem ipsum dolor sit amet, consetetur sadipscing elitr, sed diam nonumy eirmod tempor invidunt ut labore et dolore magna aliquyam erat, sed diam voluptua. At vero eos et accusam et justo duo dolores et ea rebum. Stet clita kasd gubergren, no sea takimata sanctus est Lorem ipsum dolor sit amet. Lorem ipsum dolor sit amet, consetetur sadipscing elitr, sed diam nonumy eirmod tempor invidunt ut labore et dolore magna aliquyam erat, sed diam voluptua. At vero eos et accusam et justo duo dolores et ea rebum. Stet clita kasd gubergren, no sea takimata sanctus est Lorem ipsum dolor sit amet.<\/p>\r\n\r\n\r\n\r\n<h2 class=\"wp-block-heading\">Kapitel 2<\/h2>\r\n\r\n\r\n\r\n<ul class=\"wp-block-gallery columns-1 is-cropped wp-block-gallery-1 is-layout-flex wp-block-gallery-is-layout-flex\">\r\n<li class=\"blocks-gallery-item\">\r\n<figure><img decoding=\"async\" class=\"wp-image-113\" src=\"https:\/\/www.spp2130.de\/wp-content\/uploads\/2019\/01\/Merian_Theatrum_Europaeum_Schlacht_bei_Wimpfen_1622-1024x791.jpg\" alt=\"\" data-id=\"113\" data-link=\"https:\/\/www.spp2130.de\/index.php\/aktivitaeten\/merian_theatrum_europaeum_schlacht_bei_wimpfen_1622\/\" \/><\/figure>\r\n<\/li>\r\n<\/ul>\r\n","protected":false},"excerpt":{"rendered":"<p>Lorem ipsum dolor sit amet, consetetur sadipscing elitr, sed diam nonumy eirmod tempor invidunt ut labore et dolore magna aliquyam erat, sed diam voluptua. At vero eos et accusam et justo duo dolores et ea rebum. Stet clita kasd gubergren, no sea takimata sanctus est Lorem ipsum dolor sit amet. Lorem ipsum dolor sit amet, consetetur sadipscing elitr, sed diam nonumy eirmod tempor invidunt ut labore et dolore magna aliquyam erat, sed diam voluptua. At vero eos et accusam et justo duo dolores et ea rebum. Stet clita kasd gubergren, no sea takimata sanctus est Lorem ipsum dolor sit amet. &hellip;<\/p>\n","protected":false},"author":1,"featured_media":0,"parent":0,"menu_order":0,"comment_status":"closed","ping_status":"closed","template":"","meta":{"footnotes":""},"yoast_head":"<!-- This site is optimized with the Yoast SEO plugin v22.5 - https:\/\/yoast.com\/wordpress\/plugins\/seo\/ -->\n<title>Aktivit\u00e4ten - \u00dcbersetzungskulturen der Fr\u00fchen Neuzeit<\/title>\n<meta name=\"robots\" content=\"index, follow, max-snippet:-1, max-image-preview:large, max-video-preview:-1\" \/>\n<link rel=\"canonical\" href=\"https:\/\/www.spp2130.de\/index.php\/aktivitaeten\/\" \/>\n<meta property=\"og:locale\" content=\"de_DE\" \/>\n<meta property=\"og:type\" content=\"article\" \/>\n<meta property=\"og:title\" content=\"Aktivit\u00e4ten - \u00dcbersetzungskulturen der Fr\u00fchen Neuzeit\" \/>\n<meta property=\"og:description\" content=\"Lorem ipsum dolor sit amet, consetetur sadipscing elitr, sed diam nonumy eirmod tempor invidunt ut labore et dolore magna aliquyam erat, sed diam voluptua. At vero eos et accusam et justo duo dolores et ea rebum. Stet clita kasd gubergren, no sea takimata sanctus est Lorem ipsum dolor sit amet. Lorem ipsum dolor sit amet, consetetur sadipscing elitr, sed diam nonumy eirmod tempor invidunt ut labore et dolore magna aliquyam erat, sed diam voluptua. At vero eos et accusam et justo duo dolores et ea rebum. Stet clita kasd gubergren, no sea takimata sanctus est Lorem ipsum dolor sit amet. &hellip;\" \/>\n<meta property=\"og:url\" content=\"https:\/\/www.spp2130.de\/index.php\/aktivitaeten\/\" \/>\n<meta property=\"og:site_name\" content=\"\u00dcbersetzungskulturen der Fr\u00fchen Neuzeit\" \/>\n<meta property=\"article:modified_time\" content=\"2024-04-15T08:48:07+00:00\" \/>\n<meta property=\"og:image\" content=\"https:\/\/www.spp2130.de\/wp-content\/uploads\/2019\/01\/fittosize__230_0_872f9b2cf954b44afc89021f40d032d7_spp.jpeg\" \/>\n<meta name=\"twitter:card\" content=\"summary_large_image\" \/>\n<meta name=\"twitter:label1\" content=\"Gesch\u00e4tzte Lesezeit\" \/>\n\t<meta name=\"twitter:data1\" content=\"1 Minute\" \/>\n<script type=\"application\/ld+json\" class=\"yoast-schema-graph\">{\"@context\":\"https:\/\/schema.org\",\"@graph\":[{\"@type\":\"WebPage\",\"@id\":\"https:\/\/www.spp2130.de\/index.php\/aktivitaeten\/\",\"url\":\"https:\/\/www.spp2130.de\/index.php\/aktivitaeten\/\",\"name\":\"Aktivit\u00e4ten - \u00dcbersetzungskulturen der Fr\u00fchen Neuzeit\",\"isPartOf\":{\"@id\":\"https:\/\/www.spp2130.de\/#website\"},\"primaryImageOfPage\":{\"@id\":\"https:\/\/www.spp2130.de\/index.php\/aktivitaeten\/#primaryimage\"},\"image\":{\"@id\":\"https:\/\/www.spp2130.de\/index.php\/aktivitaeten\/#primaryimage\"},\"thumbnailUrl\":\"https:\/\/www.spp2130.de\/wp-content\/uploads\/2019\/01\/fittosize__230_0_872f9b2cf954b44afc89021f40d032d7_spp.jpeg\",\"datePublished\":\"2018-12-22T16:12:42+00:00\",\"dateModified\":\"2024-04-15T08:48:07+00:00\",\"breadcrumb\":{\"@id\":\"https:\/\/www.spp2130.de\/index.php\/aktivitaeten\/#breadcrumb\"},\"inLanguage\":\"de-DE\",\"potentialAction\":[{\"@type\":\"ReadAction\",\"target\":[\"https:\/\/www.spp2130.de\/index.php\/aktivitaeten\/\"]}]},{\"@type\":\"ImageObject\",\"inLanguage\":\"de-DE\",\"@id\":\"https:\/\/www.spp2130.de\/index.php\/aktivitaeten\/#primaryimage\",\"url\":\"https:\/\/www.spp2130.de\/wp-content\/uploads\/2019\/01\/fittosize__230_0_872f9b2cf954b44afc89021f40d032d7_spp.jpeg\",\"contentUrl\":\"https:\/\/www.spp2130.de\/wp-content\/uploads\/2019\/01\/fittosize__230_0_872f9b2cf954b44afc89021f40d032d7_spp.jpeg\",\"width\":230,\"height\":181},{\"@type\":\"BreadcrumbList\",\"@id\":\"https:\/\/www.spp2130.de\/index.php\/aktivitaeten\/#breadcrumb\",\"itemListElement\":[{\"@type\":\"ListItem\",\"position\":1,\"name\":\"Startseite\",\"item\":\"https:\/\/www.spp2130.de\/\"},{\"@type\":\"ListItem\",\"position\":2,\"name\":\"Aktivit\u00e4ten\"}]},{\"@type\":\"WebSite\",\"@id\":\"https:\/\/www.spp2130.de\/#website\",\"url\":\"https:\/\/www.spp2130.de\/\",\"name\":\"\u00dcbersetzungskulturen der Fr\u00fchen Neuzeit\",\"description\":\"DFG - SPP 2130\",\"potentialAction\":[{\"@type\":\"SearchAction\",\"target\":{\"@type\":\"EntryPoint\",\"urlTemplate\":\"https:\/\/www.spp2130.de\/?s={search_term_string}\"},\"query-input\":\"required name=search_term_string\"}],\"inLanguage\":\"de-DE\"}]}<\/script>\n<!-- \/ Yoast SEO plugin. -->","yoast_head_json":{"title":"Aktivit\u00e4ten - \u00dcbersetzungskulturen der Fr\u00fchen Neuzeit","robots":{"index":"index","follow":"follow","max-snippet":"max-snippet:-1","max-image-preview":"max-image-preview:large","max-video-preview":"max-video-preview:-1"},"canonical":"https:\/\/www.spp2130.de\/index.php\/aktivitaeten\/","og_locale":"de_DE","og_type":"article","og_title":"Aktivit\u00e4ten - \u00dcbersetzungskulturen der Fr\u00fchen Neuzeit","og_description":"Lorem ipsum dolor sit amet, consetetur sadipscing elitr, sed diam nonumy eirmod tempor invidunt ut labore et dolore magna aliquyam erat, sed diam voluptua. At vero eos et accusam et justo duo dolores et ea rebum. Stet clita kasd gubergren, no sea takimata sanctus est Lorem ipsum dolor sit amet. Lorem ipsum dolor sit amet, consetetur sadipscing elitr, sed diam nonumy eirmod tempor invidunt ut labore et dolore magna aliquyam erat, sed diam voluptua. At vero eos et accusam et justo duo dolores et ea rebum. Stet clita kasd gubergren, no sea takimata sanctus est Lorem ipsum dolor sit amet. &hellip;","og_url":"https:\/\/www.spp2130.de\/index.php\/aktivitaeten\/","og_site_name":"\u00dcbersetzungskulturen der Fr\u00fchen Neuzeit","article_modified_time":"2024-04-15T08:48:07+00:00","og_image":[{"url":"https:\/\/www.spp2130.de\/wp-content\/uploads\/2019\/01\/fittosize__230_0_872f9b2cf954b44afc89021f40d032d7_spp.jpeg"}],"twitter_card":"summary_large_image","twitter_misc":{"Gesch\u00e4tzte Lesezeit":"1 Minute"},"schema":{"@context":"https:\/\/schema.org","@graph":[{"@type":"WebPage","@id":"https:\/\/www.spp2130.de\/index.php\/aktivitaeten\/","url":"https:\/\/www.spp2130.de\/index.php\/aktivitaeten\/","name":"Aktivit\u00e4ten - \u00dcbersetzungskulturen der Fr\u00fchen Neuzeit","isPartOf":{"@id":"https:\/\/www.spp2130.de\/#website"},"primaryImageOfPage":{"@id":"https:\/\/www.spp2130.de\/index.php\/aktivitaeten\/#primaryimage"},"image":{"@id":"https:\/\/www.spp2130.de\/index.php\/aktivitaeten\/#primaryimage"},"thumbnailUrl":"https:\/\/www.spp2130.de\/wp-content\/uploads\/2019\/01\/fittosize__230_0_872f9b2cf954b44afc89021f40d032d7_spp.jpeg","datePublished":"2018-12-22T16:12:42+00:00","dateModified":"2024-04-15T08:48:07+00:00","breadcrumb":{"@id":"https:\/\/www.spp2130.de\/index.php\/aktivitaeten\/#breadcrumb"},"inLanguage":"de-DE","potentialAction":[{"@type":"ReadAction","target":["https:\/\/www.spp2130.de\/index.php\/aktivitaeten\/"]}]},{"@type":"ImageObject","inLanguage":"de-DE","@id":"https:\/\/www.spp2130.de\/index.php\/aktivitaeten\/#primaryimage","url":"https:\/\/www.spp2130.de\/wp-content\/uploads\/2019\/01\/fittosize__230_0_872f9b2cf954b44afc89021f40d032d7_spp.jpeg","contentUrl":"https:\/\/www.spp2130.de\/wp-content\/uploads\/2019\/01\/fittosize__230_0_872f9b2cf954b44afc89021f40d032d7_spp.jpeg","width":230,"height":181},{"@type":"BreadcrumbList","@id":"https:\/\/www.spp2130.de\/index.php\/aktivitaeten\/#breadcrumb","itemListElement":[{"@type":"ListItem","position":1,"name":"Startseite","item":"https:\/\/www.spp2130.de\/"},{"@type":"ListItem","position":2,"name":"Aktivit\u00e4ten"}]},{"@type":"WebSite","@id":"https:\/\/www.spp2130.de\/#website","url":"https:\/\/www.spp2130.de\/","name":"\u00dcbersetzungskulturen der Fr\u00fchen Neuzeit","description":"DFG - SPP 2130","potentialAction":[{"@type":"SearchAction","target":{"@type":"EntryPoint","urlTemplate":"https:\/\/www.spp2130.de\/?s={search_term_string}"},"query-input":"required name=search_term_string"}],"inLanguage":"de-DE"}]}},"post_mailing_queue_ids":[],"_links":{"self":[{"href":"https:\/\/www.spp2130.de\/index.php\/wp-json\/wp\/v2\/pages\/10"}],"collection":[{"href":"https:\/\/www.spp2130.de\/index.php\/wp-json\/wp\/v2\/pages"}],"about":[{"href":"https:\/\/www.spp2130.de\/index.php\/wp-json\/wp\/v2\/types\/page"}],"author":[{"embeddable":true,"href":"https:\/\/www.spp2130.de\/index.php\/wp-json\/wp\/v2\/users\/1"}],"replies":[{"embeddable":true,"href":"https:\/\/www.spp2130.de\/index.php\/wp-json\/wp\/v2\/comments?post=10"}],"version-history":[{"count":8,"href":"https:\/\/www.spp2130.de\/index.php\/wp-json\/wp\/v2\/pages\/10\/revisions"}],"predecessor-version":[{"id":6889,"href":"https:\/\/www.spp2130.de\/index.php\/wp-json\/wp\/v2\/pages\/10\/revisions\/6889"}],"wp:attachment":[{"href":"https:\/\/www.spp2130.de\/index.php\/wp-json\/wp\/v2\/media?parent=10"}],"curies":[{"name":"wp","href":"https:\/\/api.w.org\/{rel}","templated":true}]}}